{"id":34035,"date":"2020-12-11T17:02:20","date_gmt":"2020-12-11T20:02:20","guid":{"rendered":"https:\/\/www.inet.edu.ar\/?page_id=34035"},"modified":"2024-03-19T13:37:19","modified_gmt":"2024-03-19T16:37:19","slug":"simulacion-clinica","status":"publish","type":"page","link":"https:\/\/www.inet.edu.ar\/index.php\/pronafe\/simulacion-clinica\/","title":{"rendered":"Simulaci\u00f3n Cl\u00ednica"},"content":{"rendered":"<p>Incluye varios \u00edtems:<\/p>\n<ul>\n<li><a href=\"https:\/\/www.inet.edu.ar\/index.php\/pronafe\/simulacion-clinica\/centro-nacional-de-simulacion-clinica\/\">Centro Nacional de Simulaci\u00f3n Cl\u00ednica<\/a><\/li>\n<li><a href=\"https:\/\/www.inet.edu.ar\/index.php\/pronafe\/simulacion-clinica\/centros-de-simulacion-clinica-regionales\/\">Centros de Simulaci\u00f3n Cl\u00ednica Regionales<\/a><\/li>\n<li><a href=\"https:\/\/www.inet.edu.ar\/index.php\/pronafe\/simulacion-clinica\/aula-taller-movil-de-enfermeria\/\">ATM de Enfermer\u00eda<\/a><\/li>\n<li><a href=\"https:\/\/www.inet.edu.ar\/index.php\/pronafe\/simulacion-clinica\/kits-de-simulacion\/\">Kits de Simulaci\u00f3n<\/a><\/li>\n<\/ul>\n","protected":false},"excerpt":{"rendered":"<p>Incluye varios \u00edtems: Centro Nacional de Simulaci\u00f3n Cl\u00ednica Centros de Simulaci\u00f3n Cl\u00ednica Regionales ATM de Enfermer\u00eda Kits de Simulaci\u00f3n<\/p>\n","protected":false},"author":3,"featured_media":0,"parent":16676,"menu_order":5,"comment_status":"closed","ping_status":"closed","template":"","meta":{"footnotes":""},"class_list":["post-34035","page","type-page","status-publish","hentry"],"_links":{"self":[{"href":"https:\/\/www.inet.edu.ar\/index.php\/wp-json\/wp\/v2\/pages\/34035","targetHints":{"allow":["GET"]}}],"collection":[{"href":"https:\/\/www.inet.edu.ar\/index.php\/wp-json\/wp\/v2\/pages"}],"about":[{"href":"https:\/\/www.inet.edu.ar\/index.php\/wp-json\/wp\/v2\/types\/page"}],"author":[{"embeddable":true,"href":"https:\/\/www.inet.edu.ar\/index.php\/wp-json\/wp\/v2\/users\/3"}],"replies":[{"embeddable":true,"href":"https:\/\/www.inet.edu.ar\/index.php\/wp-json\/wp\/v2\/comments?post=34035"}],"version-history":[{"count":5,"href":"https:\/\/www.inet.edu.ar\/index.php\/wp-json\/wp\/v2\/pages\/34035\/revisions"}],"predecessor-version":[{"id":39105,"href":"https:\/\/www.inet.edu.ar\/index.php\/wp-json\/wp\/v2\/pages\/34035\/revisions\/39105"}],"up":[{"embeddable":true,"href":"https:\/\/www.inet.edu.ar\/index.php\/wp-json\/wp\/v2\/pages\/16676"}],"wp:attachment":[{"href":"https:\/\/www.inet.edu.ar\/index.php\/wp-json\/wp\/v2\/media?parent=34035"}],"curies":[{"name":"wp","href":"https:\/\/api.w.org\/{rel}","templated":true}]}}