{"id":34040,"date":"2020-12-11T17:14:04","date_gmt":"2020-12-11T20:14:04","guid":{"rendered":"https:\/\/www.inet.edu.ar\/?page_id=34040"},"modified":"2024-03-08T13:26:20","modified_gmt":"2024-03-08T16:26:20","slug":"kits-de-simulacion","status":"publish","type":"page","link":"https:\/\/www.inet.edu.ar\/index.php\/pronafe\/simulacion-clinica\/kits-de-simulacion\/","title":{"rendered":"Kits de Simulaci\u00f3n"},"content":{"rendered":"<p>\u00a0<\/p>\n<p><strong>Incorporaci\u00f3n de la Simulaci\u00f3n Cl\u00ednica como Estrategia Pedag\u00f3gica<\/strong><\/p>\n<p>La incorporaci\u00f3n de la Simulaci\u00f3n Cl\u00ednica no debe ser vista solamente como la incorporaci\u00f3n de nuevos instrumentos did\u00e1cticos, la misma intenta modificar el curr\u00edculum, la propuesta pedag\u00f3gica, la relaci\u00f3n alumnos \u2013 docentes, e insertar nuevos dispositivos.<\/p>\n<p>Se considera a la Simulaci\u00f3n Cl\u00ednica como una herramienta pedag\u00f3gica indispensable para la formaci\u00f3n de los profesionales de Enfermer\u00eda, donde se recrean situaciones parecidas a la realidad, permitiendo a los\/as estudiantes y enfermeros\/as profundizar sus conocimientos y habilidades para su aplicaci\u00f3n con los pacientes.<\/p>\n<p>\u00a0<\/p>\n<p><strong>Aportes a las instituciones en equipamiento de Simulaci\u00f3n Cl\u00ednica<\/strong><\/p>\n<p>A trav\u00e9s del sistema Sitrared se invirti\u00f3 en todas las instituciones que estaban inscriptas en el Programa en 2016, se realiz\u00f3 un aporte econ\u00f3mico de $ 150.000 para comprar equipamiento de los Gabinetes de pr\u00e1cticas de Enfermer\u00eda.\u00a0<\/p>\n<p>Entre 2017 y 2023 se <strong>entregaron 260 kits de simulaci\u00f3n a 246 instituciones de 18 jurisdicciones.<\/strong><\/p>\n<p>\u00a0<\/p>\n\n\n<figure class=\"wp-block-table\"><table><tbody><tr><td class=\"has-text-align-center\" data-align=\"center\"><strong>Composici\u00f3n de los Kits de simulaci\u00f3n Cl\u00ednica<\/strong><\/td><\/tr><\/tbody><\/table><\/figure>\n\n\n\n<figure class=\"wp-block-table\"><table><tbody><tr><td>Maniqu\u00ed de cuerpo entero de adulto.<\/td><td>Torso de adulto para RCP.<\/td><\/tr><tr><td>Maniqu\u00ed de cuerpo entero de ni\u00f1o.<\/td><td>Torso de ni\u00f1o para RCP.<\/td><\/tr><tr><td>Brazo de adulto para inyecci\u00f3n intravenosa.<\/td><td>Pelvis para cateterismo vesical y rectal.<\/td><\/tr><tr><td>Brazo de ni\u00f1o para inyecci\u00f3n intravenosa.<\/td><td><\/td><\/tr><\/tbody><\/table><\/figure>\n","protected":false},"excerpt":{"rendered":"<p>\u00a0 Incorporaci\u00f3n de la Simulaci\u00f3n Cl\u00ednica como Estrategia Pedag\u00f3gica La incorporaci\u00f3n de la Simulaci\u00f3n Cl\u00ednica no debe ser vista solamente como la incorporaci\u00f3n de nuevos instrumentos did\u00e1cticos, la misma intenta modificar el curr\u00edculum, la propuesta pedag\u00f3gica, la relaci\u00f3n alumnos \u2013 docentes, e insertar nuevos dispositivos. Se considera a la Simulaci\u00f3n Cl\u00ednica como una herramienta pedag\u00f3gica [&hellip;]<\/p>\n","protected":false},"author":3,"featured_media":0,"parent":34035,"menu_order":3,"comment_status":"closed","ping_status":"closed","template":"","meta":{"footnotes":""},"class_list":["post-34040","page","type-page","status-publish","hentry"],"_links":{"self":[{"href":"https:\/\/www.inet.edu.ar\/index.php\/wp-json\/wp\/v2\/pages\/34040","targetHints":{"allow":["GET"]}}],"collection":[{"href":"https:\/\/www.inet.edu.ar\/index.php\/wp-json\/wp\/v2\/pages"}],"about":[{"href":"https:\/\/www.inet.edu.ar\/index.php\/wp-json\/wp\/v2\/types\/page"}],"author":[{"embeddable":true,"href":"https:\/\/www.inet.edu.ar\/index.php\/wp-json\/wp\/v2\/users\/3"}],"replies":[{"embeddable":true,"href":"https:\/\/www.inet.edu.ar\/index.php\/wp-json\/wp\/v2\/comments?post=34040"}],"version-history":[{"count":4,"href":"https:\/\/www.inet.edu.ar\/index.php\/wp-json\/wp\/v2\/pages\/34040\/revisions"}],"predecessor-version":[{"id":39063,"href":"https:\/\/www.inet.edu.ar\/index.php\/wp-json\/wp\/v2\/pages\/34040\/revisions\/39063"}],"up":[{"embeddable":true,"href":"https:\/\/www.inet.edu.ar\/index.php\/wp-json\/wp\/v2\/pages\/34035"}],"wp:attachment":[{"href":"https:\/\/www.inet.edu.ar\/index.php\/wp-json\/wp\/v2\/media?parent=34040"}],"curies":[{"name":"wp","href":"https:\/\/api.w.org\/{rel}","templated":true}]}}