{"id":34046,"date":"2020-12-11T17:38:49","date_gmt":"2020-12-11T20:38:49","guid":{"rendered":"https:\/\/www.inet.edu.ar\/?page_id=34046"},"modified":"2024-03-08T12:40:51","modified_gmt":"2024-03-08T15:40:51","slug":"composicion","status":"publish","type":"page","link":"https:\/\/www.inet.edu.ar\/index.php\/pronafe\/que-es-pronafe\/composicion\/","title":{"rendered":"Composici\u00f3n"},"content":{"rendered":"<p>El Programa nuclea <strong>294 instituciones <\/strong>con oferta de Tecnicatura Superior en Enfermer\u00eda, de los cuales 187 son de gesti\u00f3n estatal (64% del total de instituciones) y 107 de gesti\u00f3n privada, en 18 provincias. En el a\u00f1o 2019, 28 universidades p\u00fablicas nacionales con oferta de Enfermer\u00eda firmaron acuerdos de adhesi\u00f3n a algunos beneficios del programa. A la fecha, se deben refrendar esos acuerdos por un nuevo per\u00edodo.<\/p>\n<p>En articulaci\u00f3n con la Secretar\u00eda de Pol\u00edticas Universitarias se ha trabajado con las Universidades Nacionales p\u00fablicas con oferta de Enfermer\u00eda en l\u00edneas de acci\u00f3n vinculadas a formaci\u00f3n docente y prestaciones a estudiantes.<\/p>\n","protected":false},"excerpt":{"rendered":"<p>El Programa nuclea 294 instituciones con oferta de Tecnicatura Superior en Enfermer\u00eda, de los cuales 187 son de gesti\u00f3n estatal (64% del total de instituciones) y 107 de gesti\u00f3n privada, en 18 provincias. En el a\u00f1o 2019, 28 universidades p\u00fablicas nacionales con oferta de Enfermer\u00eda firmaron acuerdos de adhesi\u00f3n a algunos beneficios del programa. A [&hellip;]<\/p>\n","protected":false},"author":3,"featured_media":0,"parent":34018,"menu_order":1,"comment_status":"closed","ping_status":"closed","template":"","meta":{"footnotes":""},"class_list":["post-34046","page","type-page","status-publish","hentry"],"_links":{"self":[{"href":"https:\/\/www.inet.edu.ar\/index.php\/wp-json\/wp\/v2\/pages\/34046","targetHints":{"allow":["GET"]}}],"collection":[{"href":"https:\/\/www.inet.edu.ar\/index.php\/wp-json\/wp\/v2\/pages"}],"about":[{"href":"https:\/\/www.inet.edu.ar\/index.php\/wp-json\/wp\/v2\/types\/page"}],"author":[{"embeddable":true,"href":"https:\/\/www.inet.edu.ar\/index.php\/wp-json\/wp\/v2\/users\/3"}],"replies":[{"embeddable":true,"href":"https:\/\/www.inet.edu.ar\/index.php\/wp-json\/wp\/v2\/comments?post=34046"}],"version-history":[{"count":3,"href":"https:\/\/www.inet.edu.ar\/index.php\/wp-json\/wp\/v2\/pages\/34046\/revisions"}],"predecessor-version":[{"id":39044,"href":"https:\/\/www.inet.edu.ar\/index.php\/wp-json\/wp\/v2\/pages\/34046\/revisions\/39044"}],"up":[{"embeddable":true,"href":"https:\/\/www.inet.edu.ar\/index.php\/wp-json\/wp\/v2\/pages\/34018"}],"wp:attachment":[{"href":"https:\/\/www.inet.edu.ar\/index.php\/wp-json\/wp\/v2\/media?parent=34046"}],"curies":[{"name":"wp","href":"https:\/\/api.w.org\/{rel}","templated":true}]}}