{"id":34048,"date":"2020-12-11T17:39:36","date_gmt":"2020-12-11T20:39:36","guid":{"rendered":"https:\/\/www.inet.edu.ar\/?page_id=34048"},"modified":"2024-03-08T12:43:07","modified_gmt":"2024-03-08T15:43:07","slug":"objetivos","status":"publish","type":"page","link":"https:\/\/www.inet.edu.ar\/index.php\/pronafe\/que-es-pronafe\/objetivos\/","title":{"rendered":"Objetivos"},"content":{"rendered":"<p><strong>General<\/strong><\/p>\n<p>Aumentar la cantidad y calidad de los t\u00e9cnicos superiores en enfermer\u00eda en Argentina a trav\u00e9s del fortalecimiento institucional y acad\u00e9mico de instituciones superiores de gesti\u00f3n p\u00fablica y privada con oferta en enfermer\u00eda.<\/p>\n<p><strong>Espec\u00edficos<\/strong><\/p>\n<ul>\n<li>Aumentar la matr\u00edcula inicial de las carreras de Enfermer\u00eda.<\/li>\n<li>Fortalecer la gesti\u00f3n de las instituciones formadoras.<\/li>\n<li>Mejorar las condiciones estructurales de funcionamiento.<\/li>\n<li>Fortalecer los procesos de ense\u00f1anza y de aprendizaje tendiendo a mejorar la calidad, incrementar la retenci\u00f3n y la graduaci\u00f3n de los\/las estudiantes.<\/li>\n<li>Favorecer la igualdad de oportunidades y el fortalecimiento de trayectorias educativas en los\/las estudiantes.<\/li>\n<li>Fortalecer la gesti\u00f3n institucional de los espacios de formaci\u00f3n pr\u00e1ctica de la carrera de Enfermer\u00eda en los servicios de salud p\u00fablicos y privados.<\/li>\n<\/ul>\n","protected":false},"excerpt":{"rendered":"<p>General Aumentar la cantidad y calidad de los t\u00e9cnicos superiores en enfermer\u00eda en Argentina a trav\u00e9s del fortalecimiento institucional y acad\u00e9mico de instituciones superiores de gesti\u00f3n p\u00fablica y privada con oferta en enfermer\u00eda. Espec\u00edficos Aumentar la matr\u00edcula inicial de las carreras de Enfermer\u00eda. Fortalecer la gesti\u00f3n de las instituciones formadoras. Mejorar las condiciones estructurales de [&hellip;]<\/p>\n","protected":false},"author":3,"featured_media":0,"parent":34018,"menu_order":2,"comment_status":"closed","ping_status":"closed","template":"","meta":{"footnotes":""},"class_list":["post-34048","page","type-page","status-publish","hentry"],"_links":{"self":[{"href":"https:\/\/www.inet.edu.ar\/index.php\/wp-json\/wp\/v2\/pages\/34048","targetHints":{"allow":["GET"]}}],"collection":[{"href":"https:\/\/www.inet.edu.ar\/index.php\/wp-json\/wp\/v2\/pages"}],"about":[{"href":"https:\/\/www.inet.edu.ar\/index.php\/wp-json\/wp\/v2\/types\/page"}],"author":[{"embeddable":true,"href":"https:\/\/www.inet.edu.ar\/index.php\/wp-json\/wp\/v2\/users\/3"}],"replies":[{"embeddable":true,"href":"https:\/\/www.inet.edu.ar\/index.php\/wp-json\/wp\/v2\/comments?post=34048"}],"version-history":[{"count":2,"href":"https:\/\/www.inet.edu.ar\/index.php\/wp-json\/wp\/v2\/pages\/34048\/revisions"}],"predecessor-version":[{"id":39046,"href":"https:\/\/www.inet.edu.ar\/index.php\/wp-json\/wp\/v2\/pages\/34048\/revisions\/39046"}],"up":[{"embeddable":true,"href":"https:\/\/www.inet.edu.ar\/index.php\/wp-json\/wp\/v2\/pages\/34018"}],"wp:attachment":[{"href":"https:\/\/www.inet.edu.ar\/index.php\/wp-json\/wp\/v2\/media?parent=34048"}],"curies":[{"name":"wp","href":"https:\/\/api.w.org\/{rel}","templated":true}]}}