{"id":34122,"date":"2021-01-11T14:05:55","date_gmt":"2021-01-11T17:05:55","guid":{"rendered":"https:\/\/www.inet.edu.ar\/?page_id=34122"},"modified":"2021-01-11T14:06:05","modified_gmt":"2021-01-11T17:06:05","slug":"seguimiento-y-evaluacion-de-trayectos","status":"publish","type":"page","link":"https:\/\/www.inet.edu.ar\/index.php\/pronafe\/impacto-del-programa\/seguimiento-y-evaluacion-de-trayectos\/","title":{"rendered":"Seguimiento y evaluaci\u00f3n de trayectos"},"content":{"rendered":"<p>&nbsp;<\/p>\n<p>El PRONAFE ha trabajado en conjunto con la Direcci\u00f3n Nacional de Informaci\u00f3n y Estad\u00edstica Educativa en la implementaci\u00f3n del Sistema Integral de Informaci\u00f3n Digital Educativa (SInIDE) en las instituciones formadoras de enfermer\u00eda que est\u00e1n inscriptas en el Programa.<\/p>\n<p>El SINIDE consiste en un sistema de informaci\u00f3n institucional y nominal de cada uno de los alumnos que cursan las distintas carreras, permitiendo visualizar la trayectoria escolar de los estudiantes mediante la realizaci\u00f3n de un seguimiento de sus estudios, evaluando los resultados acad\u00e9micos de los mismos para la determinaci\u00f3n de las prioridades pedag\u00f3gicas a partir del an\u00e1lisis de los nudos cr\u00edticos de las carreras.<\/p>\n<p>Este sistema otorga la posibilidad de contar <em>online<\/em> con datos de titulaciones que brindan las instituciones, sus cajas curriculares, organizaci\u00f3n de la cursada, formas de agrupamiento de los alumnos, sus calificaciones, movilidad de los alumnos entre establecimientos, niveles, sectores y \u00e1mbitos de gesti\u00f3n, e inclusi\u00f3n en programas educativos y sociales, entre otros aspectos.<\/p>\n<p>Los datos del SINIDE permiten aportar informaci\u00f3n v\u00e1lida sobre la magnitud del fen\u00f3meno de la deserci\u00f3n, repitencia y\/o desgranamiento en las escuelas de enfermer\u00eda, as\u00ed como tambi\u00e9n los aciertos.<\/p>\n","protected":false},"excerpt":{"rendered":"<p>&nbsp; El PRONAFE ha trabajado en conjunto con la Direcci\u00f3n Nacional de Informaci\u00f3n y Estad\u00edstica Educativa en la implementaci\u00f3n del Sistema Integral de Informaci\u00f3n Digital Educativa (SInIDE) en las instituciones formadoras de enfermer\u00eda que est\u00e1n inscriptas en el Programa. El SINIDE consiste en un sistema de informaci\u00f3n institucional y nominal de cada uno de los [&hellip;]<\/p>\n","protected":false},"author":3,"featured_media":0,"parent":34116,"menu_order":4,"comment_status":"closed","ping_status":"closed","template":"","meta":{"footnotes":""},"class_list":["post-34122","page","type-page","status-publish","hentry"],"_links":{"self":[{"href":"https:\/\/www.inet.edu.ar\/index.php\/wp-json\/wp\/v2\/pages\/34122","targetHints":{"allow":["GET"]}}],"collection":[{"href":"https:\/\/www.inet.edu.ar\/index.php\/wp-json\/wp\/v2\/pages"}],"about":[{"href":"https:\/\/www.inet.edu.ar\/index.php\/wp-json\/wp\/v2\/types\/page"}],"author":[{"embeddable":true,"href":"https:\/\/www.inet.edu.ar\/index.php\/wp-json\/wp\/v2\/users\/3"}],"replies":[{"embeddable":true,"href":"https:\/\/www.inet.edu.ar\/index.php\/wp-json\/wp\/v2\/comments?post=34122"}],"version-history":[{"count":2,"href":"https:\/\/www.inet.edu.ar\/index.php\/wp-json\/wp\/v2\/pages\/34122\/revisions"}],"predecessor-version":[{"id":34124,"href":"https:\/\/www.inet.edu.ar\/index.php\/wp-json\/wp\/v2\/pages\/34122\/revisions\/34124"}],"up":[{"embeddable":true,"href":"https:\/\/www.inet.edu.ar\/index.php\/wp-json\/wp\/v2\/pages\/34116"}],"wp:attachment":[{"href":"https:\/\/www.inet.edu.ar\/index.php\/wp-json\/wp\/v2\/media?parent=34122"}],"curies":[{"name":"wp","href":"https:\/\/api.w.org\/{rel}","templated":true}]}}