{"id":34614,"date":"2021-06-25T16:54:05","date_gmt":"2021-06-25T19:54:05","guid":{"rendered":"https:\/\/www.inet.edu.ar\/?page_id=34614"},"modified":"2021-06-29T12:52:45","modified_gmt":"2021-06-29T15:52:45","slug":"tematicas-2021","status":"publish","type":"page","link":"https:\/\/www.inet.edu.ar\/index.php\/areas\/encuentros-educativos\/olimpiada-nacional-virtual-2021\/tematicas-2021\/","title":{"rendered":"Tem\u00e1ticas 2021"},"content":{"rendered":"<p>&nbsp;<\/p>\n<p><b>Tem\u00e1ticas de la instancia escolar de la modalidad de Equipos Escolares por Especialidad<\/b><\/p>\n<ul>\n<li aria-level=\"1\">Especialidad: Construcciones <a href=\"https:\/\/www.inet.edu.ar\/wp-content\/uploads\/2021\/06\/ONV-2021_Construcciones_Escolar.pdf\">Bajar archivo<\/a><\/li>\n<li aria-level=\"1\">Especialidad: Electromec\u00e1nica <a href=\"https:\/\/www.inet.edu.ar\/wp-content\/uploads\/2021\/06\/ONV-2021_Electromec--nica_Escolar.pdf\">Bajar archivo<\/a><\/li>\n<li aria-level=\"1\">Especialidad: Electr\u00f3nica <a href=\"https:\/\/www.inet.edu.ar\/wp-content\/uploads\/2021\/06\/ONV-2021_Electronica_Escolar.pdf\">Bajar archivo<\/a><\/li>\n<li aria-level=\"1\">Especialidad: Programaci\u00f3n\/Computaci\u00f3n\/Inform\u00e1tica <a href=\"https:\/\/www.inet.edu.ar\/wp-content\/uploads\/2021\/06\/ONV-2021_Programacion_Escolar.pdf\">Bajar archivo<\/a><\/li>\n<li aria-level=\"1\">Especialidad: Agropecuaria <a href=\"https:\/\/www.inet.edu.ar\/wp-content\/uploads\/2021\/06\/ONV-2021_Agropecuaria_Escolar.pdf\">Bajar archivo<\/a><\/li>\n<\/ul>\n<p>&nbsp;<\/p>\n<p><b>Tem\u00e1ticas de los Proyectos de la modalidad Equipos Interespecialidades<\/b><\/p>\n<p><b>1) Emprendimiento para la producci\u00f3n e industrializaci\u00f3n del tomate<\/b><\/p>\n<p><b>Especialidades\u00a0 involucradas<\/b>: Construcciones, Electromec\u00e1nica, Electr\u00f3nica, Inform\u00e1tica\/Computaci\u00f3n\/Programaci\u00f3n, Agropecuaria.<\/p>\n<p><b>Productos a desarrollar:<br \/>\n<\/b>Edificio de oficina con comedor para empleados, cocheras, SUM, lugar al aire libre para esparcimiento, etc.<br \/>\nEdificio para la industrializaci\u00f3n del tomate.<br \/>\nInvernadero automatizado &#8211; informatizado.<\/p>\n<p>&nbsp;<\/p>\n<p><b>2) Edificio de oficinas (dom\u00f3tica)<\/b><\/p>\n<p><b>Especialidades involucradas<\/b>: Construcciones, Electromec\u00e1nica, Electr\u00f3nica, Inform\u00e1tica\/Computaci\u00f3n\/Programaci\u00f3n.<\/p>\n<p><b>Producto a desarrollar:<br \/>\n<\/b>Edificio de oficinas con comedor para empleados, cocheras, SUM, lugar al aire libre para esparcimiento, etc.<\/p>\n<p>&nbsp;<\/p>\n<p><b>3) Emprendimiento para la producci\u00f3n e industrializaci\u00f3n de frutos rojos<\/b><\/p>\n<p><b>Especialidades involucradas: <\/b>Construcciones, Electromec\u00e1nica, Electr\u00f3nica, Inform\u00e1tica\/Computaci\u00f3n\/Programaci\u00f3n, Agropecuaria.<\/p>\n<p><b>Producto a desarrollar:<br \/>\n<\/b>Edificio para la industrializaci\u00f3n de frutos rojos seg\u00fan consignas.<\/p>\n<p>&nbsp;<\/p>\n<p><b>4) Centro comercial<\/b><\/p>\n<p><b>Especialidades involucradas: <\/b>Construcciones, Electromec\u00e1nica, Electr\u00f3nica, Inform\u00e1tica\/Computaci\u00f3n\/Programaci\u00f3n.<\/p>\n<p><b>Producto a desarrollar:<br \/>\n<\/b>Centro comercial seg\u00fan consignas.<\/p>\n<p>&nbsp;<\/p>\n<p><b>5) Reducir el impacto de los desechos urbanos &#8211; No org\u00e1nicos<\/b><\/p>\n<p><b>Especialidades involucradas: <\/b>Qu\u00edmica, Industria de los Procesos, Electromec\u00e1nica, Electr\u00f3nica, Inform\u00e1tica\/Computaci\u00f3n\/Programaci\u00f3n.<\/p>\n<p><b>Producto a desarrollar:<br \/>\n<\/b>M\u00e9todos de transformaci\u00f3n de materiales.<\/p>\n<p>&nbsp;<\/p>\n<p><b>Consultas<\/b>:<br \/>\nCorreo electr\u00f3nico: <a href=\"mailto:olimpiadavirtualinet@gmail.com\">olimpiadavirtualinet@gmail.com<\/a><\/p>\n","protected":false},"excerpt":{"rendered":"<p>&nbsp; Tem\u00e1ticas de la instancia escolar de la modalidad de Equipos Escolares por Especialidad Especialidad: Construcciones Bajar archivo Especialidad: Electromec\u00e1nica Bajar archivo Especialidad: Electr\u00f3nica Bajar archivo Especialidad: Programaci\u00f3n\/Computaci\u00f3n\/Inform\u00e1tica Bajar archivo Especialidad: Agropecuaria Bajar archivo &nbsp; Tem\u00e1ticas de los Proyectos de la modalidad Equipos Interespecialidades 1) Emprendimiento para la producci\u00f3n e industrializaci\u00f3n del tomate Especialidades\u00a0 involucradas: [&hellip;]<\/p>\n","protected":false},"author":3,"featured_media":0,"parent":34602,"menu_order":0,"comment_status":"closed","ping_status":"closed","template":"","meta":{"footnotes":""},"class_list":["post-34614","page","type-page","status-publish","hentry"],"_links":{"self":[{"href":"https:\/\/www.inet.edu.ar\/index.php\/wp-json\/wp\/v2\/pages\/34614","targetHints":{"allow":["GET"]}}],"collection":[{"href":"https:\/\/www.inet.edu.ar\/index.php\/wp-json\/wp\/v2\/pages"}],"about":[{"href":"https:\/\/www.inet.edu.ar\/index.php\/wp-json\/wp\/v2\/types\/page"}],"author":[{"embeddable":true,"href":"https:\/\/www.inet.edu.ar\/index.php\/wp-json\/wp\/v2\/users\/3"}],"replies":[{"embeddable":true,"href":"https:\/\/www.inet.edu.ar\/index.php\/wp-json\/wp\/v2\/comments?post=34614"}],"version-history":[{"count":4,"href":"https:\/\/www.inet.edu.ar\/index.php\/wp-json\/wp\/v2\/pages\/34614\/revisions"}],"predecessor-version":[{"id":34630,"href":"https:\/\/www.inet.edu.ar\/index.php\/wp-json\/wp\/v2\/pages\/34614\/revisions\/34630"}],"up":[{"embeddable":true,"href":"https:\/\/www.inet.edu.ar\/index.php\/wp-json\/wp\/v2\/pages\/34602"}],"wp:attachment":[{"href":"https:\/\/www.inet.edu.ar\/index.php\/wp-json\/wp\/v2\/media?parent=34614"}],"curies":[{"name":"wp","href":"https:\/\/api.w.org\/{rel}","templated":true}]}}