{"id":35457,"date":"2022-01-13T14:08:00","date_gmt":"2022-01-13T17:08:00","guid":{"rendered":"https:\/\/www.inet.edu.ar\/?page_id=35457"},"modified":"2023-12-05T16:57:34","modified_gmt":"2023-12-05T19:57:34","slug":"educacion-profesional-secundaria","status":"publish","type":"page","link":"https:\/\/www.inet.edu.ar\/index.php\/niveles-educativos\/educacion-profesional-secundaria\/","title":{"rendered":"Educaci\u00f3n Profesional Secundaria"},"content":{"rendered":"<p>La <strong>Educaci\u00f3n Profesional Secundaria<\/strong> es una nueva oferta educativa, que otorga certificaci\u00f3n profesional (en la especialidad elegida) y t\u00edtulo secundario. Brinda formaci\u00f3n para el trabajo a la vez que posibilita la continuidad de estudios superiores.<\/p>\n<p>Est\u00e1 destinada a j\u00f3venes de 14 a 18 a\u00f1os que quieran comenzar la secundaria, retomarla o que hayan cursado dos o m\u00e1s veces un mismo a\u00f1o.<\/p>\n<p>Ofrece una cursada flexible y personalizada; reconocimiento de trayectos formativos anteriores, saberes y experiencias laborales previas; acompa\u00f1amiento personalizado en la cursada; grupos de hasta 15 estudiantes y espacios para tareas y\/o tutor\u00edas.<\/p>\n<p>Esta nueva trayectoria estar\u00e1 disponible en algunas instituciones de la Educaci\u00f3n T\u00e9cnico Profesional incorporadas al <a href=\"https:\/\/www.inet.edu.ar\/index.php\/estudios-investigaciones\/registro-federal-de-instituciones\/\">Registro Federal de ETP<\/a> (seg\u00fan lo establecido por el Consejo Federal de Educaci\u00f3n).<\/p>\n<p><strong>Preguntas frecuentes:<\/strong><\/p>\n<p><em>1. \u00bfObtengo un t\u00edtulo secundario cuando termine de cursar la EPS?<br \/>\n<\/em>S\u00ed, junto con certificaci\u00f3n profesional que te habilita para trabajar.<\/p>\n<p><em>2. \u00bfEl t\u00edtulo tiene validez nacional?<br \/>\n<\/em>S\u00ed, ambas cosas: la certificaci\u00f3n profesional y el t\u00edtulo secundario tienen validez nacional.<\/p>\n<p><em>3. \u00bfQu\u00e9 diferencia a esta oferta educativa?<br \/>\n<\/em>Que brinda formaci\u00f3n profesional con formaci\u00f3n general, cursando en instituciones de educaci\u00f3n t\u00e9cnico profesional que cuentan con los \u00e1mbitos y la tecnolog\u00eda necesaria para dicha formaci\u00f3n.<\/p>\n<p><em>4. \u00bfLa cursada es igual a la secundaria t\u00e9cnica?<br \/>\n<\/em>No. La cursada es flexible y personalizada, adaptada a tus saberes y a tus posibilidades.<\/p>\n<p><em>5. \u00bfCu\u00e1nto dura?<br \/>\n<\/em>Depender\u00e1 de los estudios y saberes anteriores que se reconozcan, no superando los cuatro a\u00f1os.<\/p>\n<p><em>6. \u00bfQu\u00e9 especialidades se ofrecen?<br \/>\n<\/em>Va a depender de cada provincia\/jurisdicci\u00f3n, de acuerdo a las necesidades y demandas locales y regionales.<\/p>\n<p><em>7.\u00a0<\/em><em>\u00bfQu\u00e9 modalidad tiene la cursada?<\/em><br \/>\nPresencial.<\/p>\n<p><i>8. \u00bfQui\u00e9nes pueden inscribirse?<br \/>\n<\/i>J\u00f3venes entre 14 y 18 a\u00f1os que terminaron el nivel Primario y quieren comenzar la secundaria, o que quieren retomarla, o que cursaron dos o m\u00e1s veces un mismo a\u00f1o escolar.<\/p>\n<p><i>9. \u00bfD\u00f3nde puedo realizar las consultas?<br \/>\n<\/i>Pod\u00e9s enviar un correo a <strong><a href=\"mailto:eps.inet@educacion.gob.ar\">eps.inet@educacion.gob.ar<\/a>.<\/strong><\/p>\n","protected":false},"excerpt":{"rendered":"<p>La Educaci\u00f3n Profesional Secundaria es una nueva oferta educativa, que otorga certificaci\u00f3n profesional (en la especialidad elegida) y t\u00edtulo secundario. Brinda formaci\u00f3n para el trabajo a la vez que posibilita la continuidad de estudios superiores. Est\u00e1 destinada a j\u00f3venes de 14 a 18 a\u00f1os que quieran comenzar la secundaria, retomarla o que hayan cursado dos [&hellip;]<\/p>\n","protected":false},"author":3,"featured_media":0,"parent":10174,"menu_order":4,"comment_status":"closed","ping_status":"closed","template":"","meta":{"footnotes":""},"class_list":["post-35457","page","type-page","status-publish","hentry"],"_links":{"self":[{"href":"https:\/\/www.inet.edu.ar\/index.php\/wp-json\/wp\/v2\/pages\/35457","targetHints":{"allow":["GET"]}}],"collection":[{"href":"https:\/\/www.inet.edu.ar\/index.php\/wp-json\/wp\/v2\/pages"}],"about":[{"href":"https:\/\/www.inet.edu.ar\/index.php\/wp-json\/wp\/v2\/types\/page"}],"author":[{"embeddable":true,"href":"https:\/\/www.inet.edu.ar\/index.php\/wp-json\/wp\/v2\/users\/3"}],"replies":[{"embeddable":true,"href":"https:\/\/www.inet.edu.ar\/index.php\/wp-json\/wp\/v2\/comments?post=35457"}],"version-history":[{"count":11,"href":"https:\/\/www.inet.edu.ar\/index.php\/wp-json\/wp\/v2\/pages\/35457\/revisions"}],"predecessor-version":[{"id":38716,"href":"https:\/\/www.inet.edu.ar\/index.php\/wp-json\/wp\/v2\/pages\/35457\/revisions\/38716"}],"up":[{"embeddable":true,"href":"https:\/\/www.inet.edu.ar\/index.php\/wp-json\/wp\/v2\/pages\/10174"}],"wp:attachment":[{"href":"https:\/\/www.inet.edu.ar\/index.php\/wp-json\/wp\/v2\/media?parent=35457"}],"curies":[{"name":"wp","href":"https:\/\/api.w.org\/{rel}","templated":true}]}}