{"id":35881,"date":"2022-04-06T12:45:53","date_gmt":"2022-04-06T15:45:53","guid":{"rendered":"https:\/\/www.inet.edu.ar\/?page_id=35881"},"modified":"2024-04-12T11:06:16","modified_gmt":"2024-04-12T14:06:16","slug":"convocatoria-2022","status":"publish","type":"page","link":"https:\/\/www.inet.edu.ar\/index.php\/credito-fiscal\/convocatorias\/convocatoria-2022\/","title":{"rendered":"Convocatoria 2022"},"content":{"rendered":"<p>&nbsp;<\/p>\n<p>\u00ab<i>A partir de la convocatoria 2023 entrar\u00e1 en vigencia la nueva plataforma de Cr\u00e9dito\u00a0Fiscal, cuyo acceso ser\u00e1\u00a0notificado oportunamente a cada instituci\u00f3n y comunicado en los medios oficiales del INET\u00bb<\/i><\/p>\n<p>&nbsp;<\/p>\n<p>Disposici\u00f3n 2022-1491-APN-INET#ME y Anexo con los\u00a0<strong>Proyectos Aprobados para la Convocatoria 2022<\/strong>.<\/p>\n<p><a href=\"https:\/\/www.inet.edu.ar\/wp-content\/uploads\/2022\/12\/DI-2022-132140034-APN-INET_ME.pdf\">DI-2022-132140034-APN-INET_ME<\/a><\/p>\n<p><a href=\"https:\/\/www.inet.edu.ar\/wp-content\/uploads\/2022\/12\/DI-2022-132140034-APN-INET_ME_Anexo-2022.pdf\">DI-2022-132140034-APN-INET_ME_Anexo 2022<\/a><\/p>\n<p><a href=\"https:\/\/www.inet.edu.ar\/wp-content\/uploads\/2022\/12\/CF2022_ORDEN-DE-MERITO.pdf\">CF2022_ORDEN-DE-MERITO<\/a><\/p>\n<p>&nbsp;<\/p>\n<p>Se aprob\u00f3 el Manual de Procedimiento de Presentaci\u00f3n, Evaluaci\u00f3n, Asignaci\u00f3n y Rendici\u00f3n de los Proyectos de Educaci\u00f3n y Trabajo, en el marco del R\u00e9gimen de Cr\u00e9dito Fiscal de la Ley N\u00b0 22.317.<\/p>\n<p>Bolet\u00edn Oficial:\u00a0<a href=\"https:\/\/www.boletinoficial.gob.ar\/detalleAviso\/primera\/263762\/20220602\" target=\"_blank\" rel=\"noopener\"><strong>DI-2022-272-APN-INET#ME<\/strong><\/a><\/p>\n<p>Disposici\u00f3n <strong><a href=\"https:\/\/www.inet.edu.ar\/wp-content\/uploads\/2022\/05\/DI-2022-53570240-APN-INETME.pdf\" target=\"_blank\" rel=\"noopener\">DI-2022-279-APN-INET-ME<\/a><\/strong><\/p>\n<p><a href=\"https:\/\/www.inet.edu.ar\/wp-content\/uploads\/2022\/05\/IF-2022-44515659-APN-INETME.pdf\"><strong>Manual de Procedimiento de Presentaci\u00f3n,\u00a0Evaluaci\u00f3n, Asignaci\u00f3n y Rendici\u00f3n de Proyectos de\u00a0Educaci\u00f3n y Trabajo<\/strong><\/a><\/p>\n<p><a href=\"https:\/\/www.inet.edu.ar\/wp-content\/uploads\/2022\/08\/DI-2022-84669609-APN-INETME-1_220816_094926.pdf\" target=\"_blank\" rel=\"noopener\">Pr\u00f3rroga Cierre de Convocatoria 2022<\/a><\/p>\n<p>&nbsp;<\/p>\n<p>Todos los proyectos que hayan obtenido arriba de 70 puntos en la <strong>Convocatoria 2021<\/strong> pueden representar su proyecto en la <strong>Convocatoria 2022<\/strong> adecuando o actualizando los presupuestos.<\/p>\n<p><span style=\"color: #0067b1;\"><strong>Cronograma 2022:<\/strong><\/span><\/p>\n<ul>\n<li><b><span style=\"color: #0067b1;\">31 de mayo:<\/span>\u00a0<\/b><\/li>\n<\/ul>\n<p style=\"padding-left: 60px;\">Disposici\u00f3n del director ejecutivo del INET.<\/p>\n<p style=\"padding-left: 60px;\">Publicaci\u00f3n del reglamento.<\/p>\n<ul>\n<li><span style=\"color: #0067b1;\"><strong>31 de mayo al 13 de junio:<\/strong><\/span><\/li>\n<\/ul>\n<p style=\"padding-left: 60px;\">Difusi\u00f3n del reglamento.<\/p>\n<p style=\"padding-left: 60px;\">Actualizaci\u00f3n de registros.<\/p>\n<p style=\"padding-left: 60px;\">Armado de proyectos.<\/p>\n<ul>\n<li><span style=\"color: #0067b1;\"><strong>13 de junio:<\/strong><\/span><\/li>\n<\/ul>\n<p style=\"padding-left: 60px;\">Apertura de Convocatoria 2022.<\/p>\n<ul>\n<li><strong style=\"color: #0067b1;\"><strong style=\"color: #0067b1;\"><strong style=\"color: #0067b1;\">12 de septiembre:<\/strong><\/strong><\/strong><\/li>\n<\/ul>\n<p style=\"padding-left: 60px;\">Cierre de la Convocatoria.<\/p>\n<p style=\"padding-left: 60px;\">Inicio de tr\u00e1mites administrativos.<\/p>\n<p style=\"padding-left: 60px;\">Apertura de expedientes.<\/p>\n<p style=\"padding-left: 60px;\">Carga de documentaci\u00f3n.<\/p>\n<ul>\n<li><span style=\"color: #0067b1;\"><strong>31 de octubre:<\/strong><\/span><\/li>\n<\/ul>\n<p style=\"padding-left: 60px;\">Comienzo de evaluaciones.<\/p>\n<ul>\n<li><strong><span style=\"color: #0067b1;\">28 de noviembre:<\/span><\/strong><\/li>\n<\/ul>\n<p style=\"padding-left: 60px;\">Finalizaci\u00f3n de evaluaci\u00f3n.<\/p>\n<ul>\n<li><span style=\"color: #0067b1;\"><strong>9 de diciembre:<\/strong><\/span><\/li>\n<\/ul>\n<p style=\"padding-left: 60px;\">Notificaci\u00f3n de resultados<\/p>\n<p>&nbsp;<\/p>\n<p>Para ingresar a la Plataforma, haga clic\u00a0<a href=\"http:\/\/creditofiscal.inet.edu.ar\/login\" target=\"_blank\" rel=\"noopener\">aqu\u00ed<\/a>.<\/p>\n","protected":false},"excerpt":{"rendered":"<p>&nbsp; \u00abA partir de la convocatoria 2023 entrar\u00e1 en vigencia la nueva plataforma de Cr\u00e9dito\u00a0Fiscal, cuyo acceso ser\u00e1\u00a0notificado oportunamente a cada instituci\u00f3n y comunicado en los medios oficiales del INET\u00bb &nbsp; Disposici\u00f3n 2022-1491-APN-INET#ME y Anexo con los\u00a0Proyectos Aprobados para la Convocatoria 2022. DI-2022-132140034-APN-INET_ME DI-2022-132140034-APN-INET_ME_Anexo 2022 CF2022_ORDEN-DE-MERITO &nbsp; Se aprob\u00f3 el Manual de Procedimiento de Presentaci\u00f3n, [&hellip;]<\/p>\n","protected":false},"author":7,"featured_media":0,"parent":56,"menu_order":2,"comment_status":"closed","ping_status":"closed","template":"","meta":{"footnotes":""},"class_list":["post-35881","page","type-page","status-publish","hentry"],"_links":{"self":[{"href":"https:\/\/www.inet.edu.ar\/index.php\/wp-json\/wp\/v2\/pages\/35881","targetHints":{"allow":["GET"]}}],"collection":[{"href":"https:\/\/www.inet.edu.ar\/index.php\/wp-json\/wp\/v2\/pages"}],"about":[{"href":"https:\/\/www.inet.edu.ar\/index.php\/wp-json\/wp\/v2\/types\/page"}],"author":[{"embeddable":true,"href":"https:\/\/www.inet.edu.ar\/index.php\/wp-json\/wp\/v2\/users\/7"}],"replies":[{"embeddable":true,"href":"https:\/\/www.inet.edu.ar\/index.php\/wp-json\/wp\/v2\/comments?post=35881"}],"version-history":[{"count":38,"href":"https:\/\/www.inet.edu.ar\/index.php\/wp-json\/wp\/v2\/pages\/35881\/revisions"}],"predecessor-version":[{"id":36949,"href":"https:\/\/www.inet.edu.ar\/index.php\/wp-json\/wp\/v2\/pages\/35881\/revisions\/36949"}],"up":[{"embeddable":true,"href":"https:\/\/www.inet.edu.ar\/index.php\/wp-json\/wp\/v2\/pages\/56"}],"wp:attachment":[{"href":"https:\/\/www.inet.edu.ar\/index.php\/wp-json\/wp\/v2\/media?parent=35881"}],"curies":[{"name":"wp","href":"https:\/\/api.w.org\/{rel}","templated":true}]}}