{"id":36224,"date":"2022-07-05T12:56:36","date_gmt":"2022-07-05T15:56:36","guid":{"rendered":"https:\/\/www.inet.edu.ar\/?page_id=36224"},"modified":"2026-03-20T14:07:10","modified_gmt":"2026-03-20T17:07:10","slug":"oferta-de-capacitacion","status":"publish","type":"page","link":"https:\/\/www.inet.edu.ar\/index.php\/cenet\/oferta-de-capacitacion\/","title":{"rendered":"Oferta de capacitaci\u00f3n"},"content":{"rendered":"\n<p><br><\/p>\n\n\n\n<p>Acceso a la plataforma del CeNET: <a href=\"https:\/\/cenet.inet.edu.ar\/\" target=\"_blank\" rel=\"noreferrer noopener\"><strong>https:\/\/cenet.inet.edu.ar\/<\/strong><\/a><\/p>\n\n\n\n<hr class=\"wp-block-separator has-alpha-channel-opacity\"\/>\n\n\n\n<p>Para poder facilitar la comunicaci\u00f3n con el Centro Nacional de Educaci\u00f3n Tecnol\u00f3gica, compartimos los siguientes correos electr\u00f3nicos:<\/p>\n\n\n\n<p>Para consultas sobre la oferta formativa:&nbsp;<strong>cursoscenet@educacion.gob.ar<\/strong><\/p>\n\n\n\n<p>Para consultas por certificados de cursos aprobados:&nbsp;<strong>oficinaalumnos@educacion.gob.ar<\/strong><\/p>\n\n\n\n<p>Si estas cursando virtual y ten\u00e9s alguna duda:&nbsp;<strong>cursosvirtualescenet@educacion.gob.ar<\/strong><\/p>\n\n\n\n<p>Los certificados ser\u00e1n emitidos por CENET-INET. Cada jurisdicci\u00f3n otorgar\u00e1 la validez y el puntaje que considere pertinente seg\u00fan su normativa vigente.<\/p>\n","protected":false},"excerpt":{"rendered":"<p>Acceso a la plataforma del CeNET: https:\/\/cenet.inet.edu.ar\/ Para poder facilitar la comunicaci\u00f3n con el Centro Nacional de Educaci\u00f3n Tecnol\u00f3gica, compartimos los siguientes correos electr\u00f3nicos: Para consultas sobre la oferta formativa:&nbsp;cursoscenet@educacion.gob.ar Para consultas por certificados de cursos aprobados:&nbsp;oficinaalumnos@educacion.gob.ar Si estas cursando virtual y ten\u00e9s alguna duda:&nbsp;cursosvirtualescenet@educacion.gob.ar Los certificados ser\u00e1n emitidos por CENET-INET. Cada jurisdicci\u00f3n otorgar\u00e1 la [&hellip;]<\/p>\n","protected":false},"author":3,"featured_media":0,"parent":94,"menu_order":1,"comment_status":"closed","ping_status":"closed","template":"","meta":{"footnotes":""},"class_list":["post-36224","page","type-page","status-publish","hentry"],"_links":{"self":[{"href":"https:\/\/www.inet.edu.ar\/index.php\/wp-json\/wp\/v2\/pages\/36224","targetHints":{"allow":["GET"]}}],"collection":[{"href":"https:\/\/www.inet.edu.ar\/index.php\/wp-json\/wp\/v2\/pages"}],"about":[{"href":"https:\/\/www.inet.edu.ar\/index.php\/wp-json\/wp\/v2\/types\/page"}],"author":[{"embeddable":true,"href":"https:\/\/www.inet.edu.ar\/index.php\/wp-json\/wp\/v2\/users\/3"}],"replies":[{"embeddable":true,"href":"https:\/\/www.inet.edu.ar\/index.php\/wp-json\/wp\/v2\/comments?post=36224"}],"version-history":[{"count":23,"href":"https:\/\/www.inet.edu.ar\/index.php\/wp-json\/wp\/v2\/pages\/36224\/revisions"}],"predecessor-version":[{"id":42072,"href":"https:\/\/www.inet.edu.ar\/index.php\/wp-json\/wp\/v2\/pages\/36224\/revisions\/42072"}],"up":[{"embeddable":true,"href":"https:\/\/www.inet.edu.ar\/index.php\/wp-json\/wp\/v2\/pages\/94"}],"wp:attachment":[{"href":"https:\/\/www.inet.edu.ar\/index.php\/wp-json\/wp\/v2\/media?parent=36224"}],"curies":[{"name":"wp","href":"https:\/\/api.w.org\/{rel}","templated":true}]}}