{"id":36433,"date":"2022-08-18T12:26:38","date_gmt":"2022-08-18T15:26:38","guid":{"rendered":"https:\/\/www.inet.edu.ar\/?page_id=36433"},"modified":"2025-09-25T14:48:56","modified_gmt":"2025-09-25T17:48:56","slug":"centro-nacional-de-simulacion","status":"publish","type":"page","link":"https:\/\/www.inet.edu.ar\/index.php\/cenet\/centro-nacional-de-simulacion\/","title":{"rendered":"Centro Nacional de Simulaci\u00f3n"},"content":{"rendered":"<p>&nbsp;<\/p>\n<p>El INET tiene un nuevo Centro Nacional de Simulaci\u00f3n y Automatizaci\u00f3n de Procesos dotado de equipos que imitan m\u00e1quinas reales y permiten la formaci\u00f3n de operadores.<\/p>\n<p>Este equipamiento innovador, de \u00faltima generaci\u00f3n, da lugar a la realizaci\u00f3n de ejercicios de instrucci\u00f3n programada de complejidad creciente, en donde los estudiantes aprenden el uso de mandos, maniobras y operaciones para ejecutar adecuadamente las tareas correspondientes al equipo en distintos \u00e1mbitos de aplicaci\u00f3n.<\/p>\n<p>Los simuladores son de Soldadura, Autoelevador, Retroexcavadora y manipulador telesc\u00f3pico (<em>telehandler<\/em>), Cargador frontal y excavadora hidr\u00e1ulica, Pintura y chorro de arena (<em>sandblasting<\/em>), Tractor agr\u00edcola, Gr\u00faa torre y gr\u00faa m\u00f3vil y Cami\u00f3n y \u00f3mnibus.<\/p>\n<p>Para m\u00e1s informaci\u00f3n y contacto: <strong>cursoscenet@educacion.gob.ar<\/strong><\/p>\n<p>&nbsp;<\/p>\n\n\t\t<style type=\"text\/css\">\n\t\t\t#gallery-1 {\n\t\t\t\tmargin: auto;\n\t\t\t}\n\t\t\t#gallery-1 .gallery-item {\n\t\t\t\tfloat: left;\n\t\t\t\tmargin-top: 10px;\n\t\t\t\ttext-align: center;\n\t\t\t\twidth: 33%;\n\t\t\t}\n\t\t\t#gallery-1 img {\n\t\t\t\tborder: 2px solid #cfcfcf;\n\t\t\t}\n\t\t\t#gallery-1 .gallery-caption {\n\t\t\t\tmargin-left: 0;\n\t\t\t}\n\t\t\t\/* see gallery_shortcode() in wp-includes\/media.php *\/\n\t\t<\/style>\n\t\t<div id='gallery-1' class='gallery galleryid-36433 gallery-columns-3 gallery-size-thumbnail'><dl class='gallery-item'>\n\t\t\t<dt class='gallery-icon landscape'>\n\t\t\t\t<a href='https:\/\/www.inet.edu.ar\/index.php\/cenet\/centro-nacional-de-simulacion\/52061870821_b8bc598523_k\/#main'><img loading=\"lazy\" decoding=\"async\" width=\"150\" height=\"100\" src=\"https:\/\/www.inet.edu.ar\/wp-content\/uploads\/2022\/08\/52061870821_b8bc598523_k-150x100.jpg\" class=\"attachment-thumbnail size-thumbnail\" alt=\"\" srcset=\"https:\/\/www.inet.edu.ar\/wp-content\/uploads\/2022\/08\/52061870821_b8bc598523_k-150x100.jpg 150w, https:\/\/www.inet.edu.ar\/wp-content\/uploads\/2022\/08\/52061870821_b8bc598523_k-240x160.jpg 240w, https:\/\/www.inet.edu.ar\/wp-content\/uploads\/2022\/08\/52061870821_b8bc598523_k-768x512.jpg 768w, https:\/\/www.inet.edu.ar\/wp-content\/uploads\/2022\/08\/52061870821_b8bc598523_k-468x312.jpg 468w, https:\/\/www.inet.edu.ar\/wp-content\/uploads\/2022\/08\/52061870821_b8bc598523_k.jpg 2048w\" sizes=\"auto, (max-width: 150px) 100vw, 150px\" \/><\/a>\n\t\t\t<\/dt><\/dl><dl class='gallery-item'>\n\t\t\t<dt class='gallery-icon landscape'>\n\t\t\t\t<a href='https:\/\/www.inet.edu.ar\/index.php\/cenet\/centro-nacional-de-simulacion\/52061870981_a28945cdbb_k\/#main'><img loading=\"lazy\" decoding=\"async\" width=\"150\" height=\"100\" src=\"https:\/\/www.inet.edu.ar\/wp-content\/uploads\/2022\/08\/52061870981_a28945cdbb_k-150x100.jpg\" class=\"attachment-thumbnail size-thumbnail\" alt=\"\" srcset=\"https:\/\/www.inet.edu.ar\/wp-content\/uploads\/2022\/08\/52061870981_a28945cdbb_k-150x100.jpg 150w, https:\/\/www.inet.edu.ar\/wp-content\/uploads\/2022\/08\/52061870981_a28945cdbb_k-240x160.jpg 240w, https:\/\/www.inet.edu.ar\/wp-content\/uploads\/2022\/08\/52061870981_a28945cdbb_k-768x512.jpg 768w, https:\/\/www.inet.edu.ar\/wp-content\/uploads\/2022\/08\/52061870981_a28945cdbb_k-468x312.jpg 468w, https:\/\/www.inet.edu.ar\/wp-content\/uploads\/2022\/08\/52061870981_a28945cdbb_k.jpg 2048w\" sizes=\"auto, (max-width: 150px) 100vw, 150px\" \/><\/a>\n\t\t\t<\/dt><\/dl><dl class='gallery-item'>\n\t\t\t<dt class='gallery-icon landscape'>\n\t\t\t\t<a href='https:\/\/www.inet.edu.ar\/index.php\/cenet\/centro-nacional-de-simulacion\/52062362955_8c94f5e214_k\/#main'><img loading=\"lazy\" decoding=\"async\" width=\"150\" height=\"100\" src=\"https:\/\/www.inet.edu.ar\/wp-content\/uploads\/2022\/08\/52062362955_8c94f5e214_k-150x100.jpg\" class=\"attachment-thumbnail size-thumbnail\" alt=\"\" srcset=\"https:\/\/www.inet.edu.ar\/wp-content\/uploads\/2022\/08\/52062362955_8c94f5e214_k-150x100.jpg 150w, https:\/\/www.inet.edu.ar\/wp-content\/uploads\/2022\/08\/52062362955_8c94f5e214_k-240x160.jpg 240w, https:\/\/www.inet.edu.ar\/wp-content\/uploads\/2022\/08\/52062362955_8c94f5e214_k-768x512.jpg 768w, https:\/\/www.inet.edu.ar\/wp-content\/uploads\/2022\/08\/52062362955_8c94f5e214_k-468x312.jpg 468w, https:\/\/www.inet.edu.ar\/wp-content\/uploads\/2022\/08\/52062362955_8c94f5e214_k.jpg 2048w\" sizes=\"auto, (max-width: 150px) 100vw, 150px\" \/><\/a>\n\t\t\t<\/dt><\/dl><br style=\"clear: both\" \/><dl class='gallery-item'>\n\t\t\t<dt class='gallery-icon portrait'>\n\t\t\t\t<a href='https:\/\/www.inet.edu.ar\/index.php\/cenet\/centro-nacional-de-simulacion\/52061869466_fdb126b180_k\/#main'><img loading=\"lazy\" decoding=\"async\" width=\"150\" height=\"100\" src=\"https:\/\/www.inet.edu.ar\/wp-content\/uploads\/2022\/08\/52061869466_fdb126b180_k-150x100.jpg\" class=\"attachment-thumbnail size-thumbnail\" alt=\"\" \/><\/a>\n\t\t\t<\/dt><\/dl><dl class='gallery-item'>\n\t\t\t<dt class='gallery-icon landscape'>\n\t\t\t\t<a href='https:\/\/www.inet.edu.ar\/index.php\/cenet\/centro-nacional-de-simulacion\/52062362295_520838cbd4_k\/#main'><img loading=\"lazy\" decoding=\"async\" width=\"150\" height=\"100\" src=\"https:\/\/www.inet.edu.ar\/wp-content\/uploads\/2022\/08\/52062362295_520838cbd4_k-150x100.jpg\" class=\"attachment-thumbnail size-thumbnail\" alt=\"\" srcset=\"https:\/\/www.inet.edu.ar\/wp-content\/uploads\/2022\/08\/52062362295_520838cbd4_k-150x100.jpg 150w, https:\/\/www.inet.edu.ar\/wp-content\/uploads\/2022\/08\/52062362295_520838cbd4_k-240x160.jpg 240w, https:\/\/www.inet.edu.ar\/wp-content\/uploads\/2022\/08\/52062362295_520838cbd4_k-768x512.jpg 768w, https:\/\/www.inet.edu.ar\/wp-content\/uploads\/2022\/08\/52062362295_520838cbd4_k-468x312.jpg 468w, https:\/\/www.inet.edu.ar\/wp-content\/uploads\/2022\/08\/52062362295_520838cbd4_k.jpg 2048w\" sizes=\"auto, (max-width: 150px) 100vw, 150px\" \/><\/a>\n\t\t\t<\/dt><\/dl><dl class='gallery-item'>\n\t\t\t<dt class='gallery-icon landscape'>\n\t\t\t\t<a href='https:\/\/www.inet.edu.ar\/index.php\/cenet\/centro-nacional-de-simulacion\/52060829107_bde9fd83f1_k\/#main'><img loading=\"lazy\" decoding=\"async\" width=\"150\" height=\"100\" src=\"https:\/\/www.inet.edu.ar\/wp-content\/uploads\/2022\/08\/52060829107_bde9fd83f1_k-150x100.jpg\" class=\"attachment-thumbnail size-thumbnail\" alt=\"\" \/><\/a>\n\t\t\t<\/dt><\/dl><br style=\"clear: both\" \/>\n\t\t<\/div>\n\n","protected":false},"excerpt":{"rendered":"<p>&nbsp; El INET tiene un nuevo Centro Nacional de Simulaci\u00f3n y Automatizaci\u00f3n de Procesos dotado de equipos que imitan m\u00e1quinas reales y permiten la formaci\u00f3n de operadores. Este equipamiento innovador, de \u00faltima generaci\u00f3n, da lugar a la realizaci\u00f3n de ejercicios de instrucci\u00f3n programada de complejidad creciente, en donde los estudiantes aprenden el uso de mandos, [&hellip;]<\/p>\n","protected":false},"author":3,"featured_media":0,"parent":94,"menu_order":3,"comment_status":"closed","ping_status":"closed","template":"","meta":{"footnotes":""},"class_list":["post-36433","page","type-page","status-publish","hentry"],"_links":{"self":[{"href":"https:\/\/www.inet.edu.ar\/index.php\/wp-json\/wp\/v2\/pages\/36433","targetHints":{"allow":["GET"]}}],"collection":[{"href":"https:\/\/www.inet.edu.ar\/index.php\/wp-json\/wp\/v2\/pages"}],"about":[{"href":"https:\/\/www.inet.edu.ar\/index.php\/wp-json\/wp\/v2\/types\/page"}],"author":[{"embeddable":true,"href":"https:\/\/www.inet.edu.ar\/index.php\/wp-json\/wp\/v2\/users\/3"}],"replies":[{"embeddable":true,"href":"https:\/\/www.inet.edu.ar\/index.php\/wp-json\/wp\/v2\/comments?post=36433"}],"version-history":[{"count":7,"href":"https:\/\/www.inet.edu.ar\/index.php\/wp-json\/wp\/v2\/pages\/36433\/revisions"}],"predecessor-version":[{"id":40708,"href":"https:\/\/www.inet.edu.ar\/index.php\/wp-json\/wp\/v2\/pages\/36433\/revisions\/40708"}],"up":[{"embeddable":true,"href":"https:\/\/www.inet.edu.ar\/index.php\/wp-json\/wp\/v2\/pages\/94"}],"wp:attachment":[{"href":"https:\/\/www.inet.edu.ar\/index.php\/wp-json\/wp\/v2\/media?parent=36433"}],"curies":[{"name":"wp","href":"https:\/\/api.w.org\/{rel}","templated":true}]}}