{"id":36556,"date":"2022-09-06T13:07:06","date_gmt":"2022-09-06T16:07:06","guid":{"rendered":"https:\/\/www.inet.edu.ar\/?page_id=36556"},"modified":"2023-08-18T17:41:39","modified_gmt":"2023-08-18T20:41:39","slug":"tic-tac-hora-de-innovar-2022","status":"publish","type":"page","link":"https:\/\/www.inet.edu.ar\/index.php\/estudios-investigaciones\/equidad-de-genero-en-la-educacion-tecnico-profesional\/tic-tac-hora-de-innovar-2022\/","title":{"rendered":"TIC TAC \u00a1Hora de innovar! 2022"},"content":{"rendered":"<p><a href=\"https:\/\/www.inet.edu.ar\/wp-content\/uploads\/2022\/06\/tictac-03.jpg\"><img loading=\"lazy\" decoding=\"async\" class=\"aligncenter wp-image-36187 size-large\" src=\"https:\/\/www.inet.edu.ar\/wp-content\/uploads\/2022\/06\/tictac-03-468x195.jpg\" alt=\"\" width=\"468\" height=\"195\" srcset=\"https:\/\/www.inet.edu.ar\/wp-content\/uploads\/2022\/06\/tictac-03-468x195.jpg 468w, https:\/\/www.inet.edu.ar\/wp-content\/uploads\/2022\/06\/tictac-03-240x100.jpg 240w, https:\/\/www.inet.edu.ar\/wp-content\/uploads\/2022\/06\/tictac-03-768x320.jpg 768w\" sizes=\"auto, (max-width: 468px) 100vw, 468px\" \/><\/a><br \/>\nEl Ministerio de Educaci\u00f3n de la Naci\u00f3n junto con la Fundaci\u00f3n YPF, ARSAT y Microsoft lanzan la segunda edici\u00f3n del concurso \u201cTIC TAC -Hora de Innovar\u201d.<\/p>\n<p>Este concurso premia proyectos innovadores que busquen solucionar problem\u00e1ticas relacionadas con energ\u00eda, movilidad, residuos y conectividad desde un enfoque STEAM.<\/p>\n<p>En esta edici\u00f3n, podr\u00e1n participar alumnas de entre 12 y 18 a\u00f1os de escuelas secundarias t\u00e9cnicas de gesti\u00f3n p\u00fablica y\/o privada, acompa\u00f1adas por un\/a docente. Deber\u00e1n agruparse en equipos, que competir\u00e1n en dos categor\u00edas: \u201cPrimer ciclo\u201d y \u201cSegundo ciclo\u201d, seg\u00fan a\u00f1o de cursada.<\/p>\n<p>El concurso tendr\u00e1 diferentes etapas e incluir\u00e1 la entrega de un kit tecnol\u00f3gico por parte del Instituto Nacional de Educaci\u00f3n Tecnol\u00f3gica (INET) para la implementaci\u00f3n del proyecto. Lo novedoso de este a\u00f1o es que los equipos deber\u00e1n desarrollar un prototipo digital de la soluci\u00f3n tecnol\u00f3gica.<\/p>\n<p>En la etapa de premiaci\u00f3n, se seleccionar\u00e1n 3 proyectos por ciclo -6 en total- que ser\u00e1n evaluados por un Jurado compuesto por especialistas de las instituciones organizadoras.<\/p>\n<p>Entre los premios, se entregar\u00e1n kits de energ\u00eda solar fotovoltaica, kits de automatizaci\u00f3n y de eficiencia energ\u00e9tica, dispositivos electr\u00f3nicos y merchandising que ser\u00e1n para uso en sus instituciones escolares y ser\u00e1n destinados para las escuelas y para las participantes de los equipos ganadores.<\/p>\n<p>El objetivo del concurso es promover que m\u00e1s ni\u00f1as y mujeres j\u00f3venes se acerquen a la tecnolog\u00eda para ser protagonistas, creadoras, y reducir as\u00ed la brecha de g\u00e9nero en la tecnolog\u00eda y la ciencia desde las edades m\u00e1s tempranas. Seg\u00fan el estudio <a href=\"https:\/\/www.inet.edu.ar\/wp-content\/uploads\/2022\/06\/GENERO-Estadisticas_02-06.pdf\" target=\"_blank\" rel=\"noopener\">Estudiantes Mujeres en la ETP: indicadores sobre la participaci\u00f3n de las mujeres en la educaci\u00f3n t\u00e9cnica de nivel secundario. 2021[1]<\/a>, del total de estudiantes que empiezan la secundaria, s\u00f3lo el 14% de mujeres eligen la T\u00e9cnica, frente al 25% de varones. Y dentro de las escuelas secundarias t\u00e9cnicas, el porcentaje de participaci\u00f3n de mujeres es s\u00f3lo del 34%.<\/p>\n<p>Equipos ganadores: <a href=\"https:\/\/www.inet.edu.ar\/wp-content\/uploads\/2022\/10\/equipos-ganadores-TIC-TAC-2022.pdf\" target=\"_blank\" rel=\"noopener\">Escuela, localidad y provincia; proyecto y resumen<\/a><\/p>\n<p>Equipos seleccionados para la etapa de <em>Experimentaci\u00f3n<\/em>: <a href=\"https:\/\/www.inet.edu.ar\/wp-content\/uploads\/2022\/09\/seleccionados-TIC-TAC-2022.pdf\" target=\"_blank\" rel=\"noopener\">Equipos<\/a><\/p>\n<p>P\u00e1gina del concurso: \u201cTIC TAC \u00a1Hora de Innovar!\u201d 2022: <a href=\"https:\/\/lab.fundacionypf.org.ar\/Paginas\/tictac\/concurso.html\" target=\"_blank\" rel=\"noopener\">https:\/\/lab.fundacionypf.org.ar\/Paginas\/tictac\/concurso.html<\/a><\/p>\n<p><em>[1]\u00a0datos de la Red Federal de Informaci\u00f3n Educativa \u2013RedFIE\u2013 y la Direcci\u00f3n de Informaci\u00f3n Educativa -DIE- del Ministerio de Educaci\u00f3n de la Naci\u00f3n<\/em><\/p>\n","protected":false},"excerpt":{"rendered":"<p>El Ministerio de Educaci\u00f3n de la Naci\u00f3n junto con la Fundaci\u00f3n YPF, ARSAT y Microsoft lanzan la segunda edici\u00f3n del concurso \u201cTIC TAC -Hora de Innovar\u201d. Este concurso premia proyectos innovadores que busquen solucionar problem\u00e1ticas relacionadas con energ\u00eda, movilidad, residuos y conectividad desde un enfoque STEAM. En esta edici\u00f3n, podr\u00e1n participar alumnas de entre 12 [&hellip;]<\/p>\n","protected":false},"author":7,"featured_media":0,"parent":23912,"menu_order":7,"comment_status":"closed","ping_status":"closed","template":"","meta":{"footnotes":""},"class_list":["post-36556","page","type-page","status-publish","hentry"],"_links":{"self":[{"href":"https:\/\/www.inet.edu.ar\/index.php\/wp-json\/wp\/v2\/pages\/36556","targetHints":{"allow":["GET"]}}],"collection":[{"href":"https:\/\/www.inet.edu.ar\/index.php\/wp-json\/wp\/v2\/pages"}],"about":[{"href":"https:\/\/www.inet.edu.ar\/index.php\/wp-json\/wp\/v2\/types\/page"}],"author":[{"embeddable":true,"href":"https:\/\/www.inet.edu.ar\/index.php\/wp-json\/wp\/v2\/users\/7"}],"replies":[{"embeddable":true,"href":"https:\/\/www.inet.edu.ar\/index.php\/wp-json\/wp\/v2\/comments?post=36556"}],"version-history":[{"count":6,"href":"https:\/\/www.inet.edu.ar\/index.php\/wp-json\/wp\/v2\/pages\/36556\/revisions"}],"predecessor-version":[{"id":36760,"href":"https:\/\/www.inet.edu.ar\/index.php\/wp-json\/wp\/v2\/pages\/36556\/revisions\/36760"}],"up":[{"embeddable":true,"href":"https:\/\/www.inet.edu.ar\/index.php\/wp-json\/wp\/v2\/pages\/23912"}],"wp:attachment":[{"href":"https:\/\/www.inet.edu.ar\/index.php\/wp-json\/wp\/v2\/media?parent=36556"}],"curies":[{"name":"wp","href":"https:\/\/api.w.org\/{rel}","templated":true}]}}