{"id":36951,"date":"2022-12-29T17:21:00","date_gmt":"2022-12-29T20:21:00","guid":{"rendered":"https:\/\/www.inet.edu.ar\/?page_id=36951"},"modified":"2022-12-29T17:21:00","modified_gmt":"2022-12-29T20:21:00","slug":"resultados-de-autoevaluacion-institucional","status":"publish","type":"page","link":"https:\/\/www.inet.edu.ar\/index.php\/estudios-investigaciones\/autoevaluacion-institucional\/resultados-de-autoevaluacion-institucional\/","title":{"rendered":"Resultados de Autoevaluaci\u00f3n Institucional"},"content":{"rendered":"<p><strong>\u00a0<\/strong><\/p>\n<p>Se comparte un informe breve con los resultados provisionales del relevamiento de autoevaluaci\u00f3n institucional de educaci\u00f3n secundaria t\u00e9cnica en 2022. Esta presentaci\u00f3n fue desarrollada en la \u00a0141\u00b0 Comisi\u00f3n Federal de la Educaci\u00f3n T\u00e9cnico Profesional del mes de diciembre en INET.<\/p>\n<p><a href=\"https:\/\/www.inet.edu.ar\/wp-content\/uploads\/2022\/12\/AEI-Secundaria-2022-Resultados-Preliminares.pdf\">Autoevaluaci\u00f3n Institucional de ETP Secundaria 2022. Metodolog\u00eda y Resultados Preliminares. Diciembre 2022\u00a0 <\/a><\/p>\n","protected":false},"excerpt":{"rendered":"<p>\u00a0 Se comparte un informe breve con los resultados provisionales del relevamiento de autoevaluaci\u00f3n institucional de educaci\u00f3n secundaria t\u00e9cnica en 2022. Esta presentaci\u00f3n fue desarrollada en la \u00a0141\u00b0 Comisi\u00f3n Federal de la Educaci\u00f3n T\u00e9cnico Profesional del mes de diciembre en INET. Autoevaluaci\u00f3n Institucional de ETP Secundaria 2022. Metodolog\u00eda y Resultados Preliminares. Diciembre 2022\u00a0<\/p>\n","protected":false},"author":3,"featured_media":0,"parent":3084,"menu_order":0,"comment_status":"closed","ping_status":"closed","template":"","meta":{"footnotes":""},"class_list":["post-36951","page","type-page","status-publish","hentry"],"_links":{"self":[{"href":"https:\/\/www.inet.edu.ar\/index.php\/wp-json\/wp\/v2\/pages\/36951","targetHints":{"allow":["GET"]}}],"collection":[{"href":"https:\/\/www.inet.edu.ar\/index.php\/wp-json\/wp\/v2\/pages"}],"about":[{"href":"https:\/\/www.inet.edu.ar\/index.php\/wp-json\/wp\/v2\/types\/page"}],"author":[{"embeddable":true,"href":"https:\/\/www.inet.edu.ar\/index.php\/wp-json\/wp\/v2\/users\/3"}],"replies":[{"embeddable":true,"href":"https:\/\/www.inet.edu.ar\/index.php\/wp-json\/wp\/v2\/comments?post=36951"}],"version-history":[{"count":1,"href":"https:\/\/www.inet.edu.ar\/index.php\/wp-json\/wp\/v2\/pages\/36951\/revisions"}],"predecessor-version":[{"id":36953,"href":"https:\/\/www.inet.edu.ar\/index.php\/wp-json\/wp\/v2\/pages\/36951\/revisions\/36953"}],"up":[{"embeddable":true,"href":"https:\/\/www.inet.edu.ar\/index.php\/wp-json\/wp\/v2\/pages\/3084"}],"wp:attachment":[{"href":"https:\/\/www.inet.edu.ar\/index.php\/wp-json\/wp\/v2\/media?parent=36951"}],"curies":[{"name":"wp","href":"https:\/\/api.w.org\/{rel}","templated":true}]}}