{"id":37025,"date":"2023-02-08T15:03:38","date_gmt":"2023-02-08T18:03:38","guid":{"rendered":"https:\/\/www.inet.edu.ar\/?page_id=37025"},"modified":"2024-04-12T11:05:53","modified_gmt":"2024-04-12T14:05:53","slug":"convocatoria-2023","status":"publish","type":"page","link":"https:\/\/www.inet.edu.ar\/index.php\/credito-fiscal\/convocatorias\/convocatoria-2023\/","title":{"rendered":"Convocatoria 2023"},"content":{"rendered":"<p>Disposici\u00f3n IF-2023-94156919-APN-INET#ME Anexo 1 con los <strong>Proyectos Aprobados para la Convocatoria 2023.<\/strong><\/p>\n<p><a href=\"https:\/\/www.inet.edu.ar\/wp-content\/uploads\/2023\/08\/IF-2023-94156919-APN-INETME.pdf\">IF-2023-94156919-APN-INETME<\/a><\/p>\n<p><a href=\"https:\/\/www.inet.edu.ar\/wp-content\/uploads\/2023\/08\/CF-2023_ORDEN-DE-MERITO.pdf\">ORDEN DE M\u00c9RITO<\/a><\/p>\n<p>Se aprob\u00f3 el Manual de Procedimiento de Presentaci\u00f3n, Evaluaci\u00f3n, Asignaci\u00f3n y Rendici\u00f3n de los Proyectos de Educaci\u00f3n y Trabajo, en el marco del R\u00e9gimen de Cr\u00e9dito Fiscal de la Ley N\u00b0 22.317.<\/p>\n<p><a href=\"https:\/\/www.inet.edu.ar\/wp-content\/uploads\/2023\/02\/DI-2023-14268970-APN-INET_ME.pdf\">Disposici\u00f3n INET-23-2023<\/a>\u00a0\u00a0 <a href=\"https:\/\/www.inet.edu.ar\/wp-content\/uploads\/2023\/02\/IF-2023-14250226-APN-INET_ME.pdf\">Anexo 1<\/a> \u00a0 <a href=\"https:\/\/www.inet.edu.ar\/wp-content\/uploads\/2023\/02\/IF-2023-14250130-APN-INET_ME.pdf\">Anexo 2<\/a><\/p>\n<p><a href=\"https:\/\/www.inet.edu.ar\/wp-content\/uploads\/2023\/04\/Manual-Plataforma-Cr\u00e9dito-Fiscal-2023-INSTITUCION-EDUCATIVA.pdf\" target=\"_blank\" rel=\"noopener\"><strong>Manual del Usuario de la Plataforma Cr\u00e9dito Fiscal 2023 &#8211; INSTITUCI\u00d3N EDUCATIVA<\/strong><\/a><\/p>\n<p><strong><span style=\"color: #333333;\">Nueva plataforma para la carga de proyectos 2023. Para ingresar, haga clic<\/span>\u00a0<a href=\"https:\/\/creditofiscal.educacion.gob.ar\/seguridad\/CreditoFiscal.aspx\" target=\"_blank\" rel=\"noopener\">aqu\u00ed<\/a>.<\/strong><\/p>\n<p><span style=\"color: #0067b1;\"><strong>Cronograma 2023:<\/strong><\/span><\/p>\n<ul>\n<li><b><span style=\"color: #0067b1;\">17 de abril:<\/span>\u00a0<\/b><\/li>\n<\/ul>\n<p style=\"padding-left: 60px;\">Carga de proyectos y documentaci\u00f3n de empresas.<\/p>\n<ul>\n<li><span style=\"color: #0067b1;\"><strong>16 de junio:<\/strong><\/span><\/li>\n<\/ul>\n<p style=\"padding-left: 60px;\">Cierre de carga de proyectos.<\/p>\n<ul>\n<li><span style=\"color: #0067b1;\"><strong>19 de junio al 28 de julio:<\/strong><\/span><\/li>\n<\/ul>\n<p style=\"padding-left: 60px;\">Evaluaci\u00f3n de proyectos.<\/p>\n<ul>\n<li><span style=\"color: #0067b1;\"><strong>31 de julio al 4 de agosto:<\/strong><\/span><\/li>\n<\/ul>\n<p style=\"padding-left: 60px;\">Apertura de expediente.<\/p>\n<ul>\n<li><span style=\"color: #0067b1;\"><strong>7 de agosto al 18 de agosto:<\/strong><\/span><\/li>\n<\/ul>\n<p style=\"padding-left: 60px;\">Publicaci\u00f3n de orden de m\u00e9rito.<\/p>\n<ul>\n<li><span style=\"color: #0067b1;\"><strong>14 de agosto al 18 de agosto:<\/strong><\/span><\/li>\n<\/ul>\n<p style=\"padding-left: 60px;\">Publicaci\u00f3n de disposici\u00f3n.<\/p>\n<ul>\n<li><span style=\"color: #0067b1;\"><strong>21 de agosto al 25 de agosto:<\/strong><\/span><\/li>\n<\/ul>\n<p style=\"padding-left: 60px;\">Asignaci\u00f3n de cupos (emisi\u00f3n de bonos)<\/p>\n<ul>\n<li><span style=\"color: #0067b1;\"><strong>28 de agosto:<\/strong><\/span><\/li>\n<\/ul>\n<p style=\"padding-left: 60px;\">Ejecuci\u00f3n de proyectos 2023<\/p>\n<p>Consultas a los correos electr\u00f3nicos: <a href=\"mailto:creditofiscal.inet@educacion.gob.ar\">creditofiscal.inet@educacion.gob.ar<\/a>; <a href=\"mailto:ernesto.penza@educacion.gob.ar\">ernesto.penza@educacion.gob.ar<\/a>; <a href=\"mailto:ezequiel.molinari@educacion.gob.ar\">ezequiel.molinari@educacion.gob.ar<\/a><\/p>\n","protected":false},"excerpt":{"rendered":"<p>Disposici\u00f3n IF-2023-94156919-APN-INET#ME Anexo 1 con los Proyectos Aprobados para la Convocatoria 2023. IF-2023-94156919-APN-INETME ORDEN DE M\u00c9RITO Se aprob\u00f3 el Manual de Procedimiento de Presentaci\u00f3n, Evaluaci\u00f3n, Asignaci\u00f3n y Rendici\u00f3n de los Proyectos de Educaci\u00f3n y Trabajo, en el marco del R\u00e9gimen de Cr\u00e9dito Fiscal de la Ley N\u00b0 22.317. Disposici\u00f3n INET-23-2023\u00a0\u00a0 Anexo 1 \u00a0 Anexo 2 [&hellip;]<\/p>\n","protected":false},"author":3,"featured_media":0,"parent":56,"menu_order":1,"comment_status":"closed","ping_status":"closed","template":"","meta":{"footnotes":""},"class_list":["post-37025","page","type-page","status-publish","hentry"],"_links":{"self":[{"href":"https:\/\/www.inet.edu.ar\/index.php\/wp-json\/wp\/v2\/pages\/37025","targetHints":{"allow":["GET"]}}],"collection":[{"href":"https:\/\/www.inet.edu.ar\/index.php\/wp-json\/wp\/v2\/pages"}],"about":[{"href":"https:\/\/www.inet.edu.ar\/index.php\/wp-json\/wp\/v2\/types\/page"}],"author":[{"embeddable":true,"href":"https:\/\/www.inet.edu.ar\/index.php\/wp-json\/wp\/v2\/users\/3"}],"replies":[{"embeddable":true,"href":"https:\/\/www.inet.edu.ar\/index.php\/wp-json\/wp\/v2\/comments?post=37025"}],"version-history":[{"count":16,"href":"https:\/\/www.inet.edu.ar\/index.php\/wp-json\/wp\/v2\/pages\/37025\/revisions"}],"predecessor-version":[{"id":39130,"href":"https:\/\/www.inet.edu.ar\/index.php\/wp-json\/wp\/v2\/pages\/37025\/revisions\/39130"}],"up":[{"embeddable":true,"href":"https:\/\/www.inet.edu.ar\/index.php\/wp-json\/wp\/v2\/pages\/56"}],"wp:attachment":[{"href":"https:\/\/www.inet.edu.ar\/index.php\/wp-json\/wp\/v2\/media?parent=37025"}],"curies":[{"name":"wp","href":"https:\/\/api.w.org\/{rel}","templated":true}]}}