{"id":37194,"date":"2023-03-13T16:48:21","date_gmt":"2023-03-13T19:48:21","guid":{"rendered":"https:\/\/www.inet.edu.ar\/?page_id=37194"},"modified":"2023-03-14T09:51:11","modified_gmt":"2023-03-14T12:51:11","slug":"convocatoria-2022","status":"publish","type":"page","link":"https:\/\/www.inet.edu.ar\/index.php\/estudios-investigaciones\/fondo-nacional-de-investigaciones-de-educacion-tecnico-profesional\/convocatoria-2022\/","title":{"rendered":"Convocatoria 2022 \u2013 Entornos Formativos"},"content":{"rendered":"<p>La\u00a0<strong>Convocatoria FoNIETP 2022<\/strong>\u00a0apunta al componente\u00a0<strong>Investigaciones INET<\/strong>:\u00a0proyectos de investigaci\u00f3n definidos por el INET y ejecutados por otras instituciones expertas seleccionadas en forma competitiva, a trav\u00e9s de un concurso de propuestas t\u00e9cnicas.\u00a0Para cada proyecto de investigaci\u00f3n definido, el FoNIETP elabora los t\u00e9rminos de referencia, contemplando antecedentes institucionales, actividades y productos, equipo de investigaci\u00f3n y presupuesto m\u00e1ximo.<\/p>\n<h3 class=\"entry-title\"><strong><a href=\"https:\/\/www.inet.edu.ar\/index.php\/estudios-investigaciones\/fondo-nacional-de-investigaciones-de-educacion-tecnico-profesional\/fonietp-investigaciones-inet\/convocatoria-2022\/resultados-convocatoria-2022\/\" target=\"_blank\" rel=\"noopener\">Resultados Convocatoria 2022<\/a><\/strong><\/h3>\n<h3><strong>Nuevo Cronograma (2022):<\/strong><\/h3>\n<ul>\n<li>Comunicaci\u00f3n de resultados: 13 de marzo de 2023<\/li>\n<li>Inicio formal de la investigaci\u00f3n: 15 de marzo de 2023<\/li>\n<li>Entrega del <em>Informe preliminar de resultados<\/em>: 14 de julio de 2023<\/li>\n<li>Entrega del <em>Informe final de investigaci\u00f3n<\/em>: 27 de octubre de 2023<\/li>\n<li>Cierre administrativo: 14 noviembre de 2023<\/li>\n<\/ul>\n<p><em>Propuestas t\u00e9cnicas<\/em> de la Convocatoria INET 2022:<\/p>\n<p><em><strong>\u00a01- \u201cEntornos Formativos en Secundaria T\u00e9cnica de Argentina para la especialidad de Electromec\u00e1nica. Vinculaci\u00f3n, pr\u00e1cticas y recursos\u201d<\/strong><\/em><\/p>\n<p><em><strong>\u00a0 2- \u201cEntornos Formativos en Secundaria T\u00e9cnica de Argentina para la especialidad de Construcciones. Vinculaci\u00f3n, pr\u00e1cticas y recursos\u201d\u00a0<\/strong><\/em><br \/>\n<em><strong>\u00a0<\/strong><\/em><br \/>\n<em><strong>\u00a0 3- \u201cEntornos Formativos en Secundaria T\u00e9cnica de Argentina para la especialidad Automotriz. Vinculaci\u00f3n, pr\u00e1cticas y recursos\u201d\u00a0<\/strong><\/em><\/p>\n<p>La Ley N\u00ba 26.058 instituye un Fondo Nacional para la ETP que, entre sus finalidades, tiene la de asegurar la \u00abmejora continua de la calidad de los entornos formativos y las condiciones institucionales de la Educaci\u00f3n T\u00e9cnico Profesional\u00bb.\u00a0La Resoluci\u00f3n CFE N\u00ba 283\/16 ANEXO I aclara que las instituciones de la modalidad deber\u00e1n contar con trayectorias formativas t\u00e9cnicas que posean, entre otros aspectos, condiciones m\u00ednimas con relaci\u00f3n a la infraestructura y a la disponibilidad de espacios adecuados para la instalaci\u00f3n de los entornos formativos y el aseguramiento de las condiciones de higiene y seguridad.<\/p>\n<h3><strong>Bases de la convocatoria, cronograma y formularios:<\/strong><\/h3>\n<ul>\n<li><a href=\"https:\/\/www.inet.edu.ar\/wp-content\/uploads\/2022\/08\/DI-2022-78411991-APN-INETME.pdf\" target=\"_blank\" rel=\"noopener\"><strong>Disposici\u00f3n\u00a0<\/strong><\/a><\/li>\n<li><a href=\"https:\/\/www.inet.edu.ar\/wp-content\/uploads\/2022\/08\/ACTA-2022-63885329-APN-INETME-TDR-y-Bases.pdf\" target=\"_blank\" rel=\"noopener\"><strong>Anexo<\/strong><\/a><\/li>\n<\/ul>\n<h3><strong><b>Preguntas frecuentes:<\/b><\/strong><\/h3>\n<p class=\"x_MsoNormal\"><b>\u00bfCu\u00e1ndo cierra la convocatoria INET 2022?<br \/>\n<\/b>La convocatoria INET 2022 cierra el 30 de septiembre de 2022<\/p>\n<p class=\"x_MsoNormal\"><b>\u00bfQui\u00e9nes se pueden postular?<br \/>\n<\/b>Podr\u00e1n presentar propuestas t\u00e9cnicas instituciones p\u00fablicas y privadas con antecedentes de investigaci\u00f3n con domicilio en Argentina y CUIT<\/p>\n<p class=\"x_MsoNormal\"><b>\u00bfD\u00f3nde obtengo la documentaci\u00f3n a presentar?<br \/>\n<\/b>La documentaci\u00f3n a presentar se encuentra en el Anexo de Disposici\u00f3n 741\/22, en el siguiente enlace: <a href=\"https:\/\/www.inet.edu.ar\/wp-content\/uploads\/2022\/08\/ACTA-2022-63885329-APN-INETME-TDR-y-Bases.pdf\" target=\"_blank\" rel=\"noopener\">Entrar<\/a><\/p>\n<p class=\"x_MsoNormal\"><b>\u00bfCu\u00e1l es la muestra a trabajar?<br \/>\n<\/b>La muestra a trabajar para las distintas especialidades de la convocatoria INET 2022 es la siguiente:<\/p>\n\n\t\t<style type=\"text\/css\">\n\t\t\t#gallery-1 {\n\t\t\t\tmargin: auto;\n\t\t\t}\n\t\t\t#gallery-1 .gallery-item {\n\t\t\t\tfloat: left;\n\t\t\t\tmargin-top: 10px;\n\t\t\t\ttext-align: center;\n\t\t\t\twidth: 100%;\n\t\t\t}\n\t\t\t#gallery-1 img {\n\t\t\t\tborder: 2px solid #cfcfcf;\n\t\t\t}\n\t\t\t#gallery-1 .gallery-caption {\n\t\t\t\tmargin-left: 0;\n\t\t\t}\n\t\t\t\/* see gallery_shortcode() in wp-includes\/media.php *\/\n\t\t<\/style>\n\t\t<div id='gallery-1' class='gallery galleryid-37194 gallery-columns-1 gallery-size-full'><dl class='gallery-item'>\n\t\t\t<dt class='gallery-icon landscape'>\n\t\t\t\t<a href='https:\/\/www.inet.edu.ar\/index.php\/estudios-investigaciones\/fondo-nacional-de-investigaciones-de-educacion-tecnico-profesional\/cuadros-1\/#main'><img loading=\"lazy\" decoding=\"async\" width=\"665\" height=\"193\" src=\"https:\/\/www.inet.edu.ar\/wp-content\/uploads\/2022\/09\/cuadros-1.jpg\" class=\"attachment-full size-full\" alt=\"\" srcset=\"https:\/\/www.inet.edu.ar\/wp-content\/uploads\/2022\/09\/cuadros-1.jpg 665w, https:\/\/www.inet.edu.ar\/wp-content\/uploads\/2022\/09\/cuadros-1-240x70.jpg 240w, https:\/\/www.inet.edu.ar\/wp-content\/uploads\/2022\/09\/cuadros-1-468x136.jpg 468w\" sizes=\"auto, (max-width: 665px) 100vw, 665px\" \/><\/a>\n\t\t\t<\/dt><\/dl><br style=\"clear: both\" \/>\n\t\t<\/div>\n\n<p class=\"x_MsoNormal\"><b>\u00bfC\u00f3mo obtengo los datos de las instituciones a relevar?<br \/>\n<\/b>Los equipos ganadores\u00a0recibir\u00e1n la n\u00f3mina completa con los datos de cada una de las instituciones.<\/p>\n<p class=\"x_MsoNormal\"><b>\u00bfD\u00f3nde obtengo m\u00e1s informaci\u00f3n?<\/b><b><br aria-hidden=\"true\" \/><\/b>M\u00e1s informaci\u00f3n sobre Bases de la convocatoria, cronograma y formularios en: <a href=\"https:\/\/www.inet.edu.ar\/wp-content\/uploads\/2022\/08\/ACTA-2022-63885329-APN-INETME-TDR-y-Bases.pdf\" target=\"_blank\" rel=\"noopener\">Entrar<\/a><b><\/b><\/p>\n","protected":false},"excerpt":{"rendered":"<p>La\u00a0Convocatoria FoNIETP 2022\u00a0apunta al componente\u00a0Investigaciones INET:\u00a0proyectos de investigaci\u00f3n definidos por el INET y ejecutados por otras instituciones expertas seleccionadas en forma competitiva, a trav\u00e9s de un concurso de propuestas t\u00e9cnicas.\u00a0Para cada proyecto de investigaci\u00f3n definido, el FoNIETP elabora los t\u00e9rminos de referencia, contemplando antecedentes institucionales, actividades y productos, equipo de investigaci\u00f3n y presupuesto m\u00e1ximo. Resultados [&hellip;]<\/p>\n","protected":false},"author":7,"featured_media":0,"parent":24763,"menu_order":0,"comment_status":"closed","ping_status":"closed","template":"","meta":{"footnotes":""},"class_list":["post-37194","page","type-page","status-publish","hentry"],"_links":{"self":[{"href":"https:\/\/www.inet.edu.ar\/index.php\/wp-json\/wp\/v2\/pages\/37194","targetHints":{"allow":["GET"]}}],"collection":[{"href":"https:\/\/www.inet.edu.ar\/index.php\/wp-json\/wp\/v2\/pages"}],"about":[{"href":"https:\/\/www.inet.edu.ar\/index.php\/wp-json\/wp\/v2\/types\/page"}],"author":[{"embeddable":true,"href":"https:\/\/www.inet.edu.ar\/index.php\/wp-json\/wp\/v2\/users\/7"}],"replies":[{"embeddable":true,"href":"https:\/\/www.inet.edu.ar\/index.php\/wp-json\/wp\/v2\/comments?post=37194"}],"version-history":[{"count":10,"href":"https:\/\/www.inet.edu.ar\/index.php\/wp-json\/wp\/v2\/pages\/37194\/revisions"}],"predecessor-version":[{"id":37214,"href":"https:\/\/www.inet.edu.ar\/index.php\/wp-json\/wp\/v2\/pages\/37194\/revisions\/37214"}],"up":[{"embeddable":true,"href":"https:\/\/www.inet.edu.ar\/index.php\/wp-json\/wp\/v2\/pages\/24763"}],"wp:attachment":[{"href":"https:\/\/www.inet.edu.ar\/index.php\/wp-json\/wp\/v2\/media?parent=37194"}],"curies":[{"name":"wp","href":"https:\/\/api.w.org\/{rel}","templated":true}]}}