{"id":37197,"date":"2023-03-13T16:54:36","date_gmt":"2023-03-13T19:54:36","guid":{"rendered":"https:\/\/www.inet.edu.ar\/?page_id=37197"},"modified":"2023-12-06T10:06:29","modified_gmt":"2023-12-06T13:06:29","slug":"resultados-convocatoria-2022","status":"publish","type":"page","link":"https:\/\/www.inet.edu.ar\/index.php\/estudios-investigaciones\/fondo-nacional-de-investigaciones-de-educacion-tecnico-profesional\/resultados-convocatoria-2022\/","title":{"rendered":"Resultados Convocatoria 2022"},"content":{"rendered":"<p>Comunicamos que el 08 de marzo de 2023, el Comit\u00e9 de Evaluaci\u00f3n del FoNIETP \/ Investigaciones INET \u2013integrado por 5 evaluadores externos y el director ejecutivo del INET- seleccion\u00f3 las siguientes instituciones como adjudicatarias de los T\u00e9rminos de Referencia (TDR) estipulados en la Convocatoria 2022 de Investigaciones INET-FoNIETP (<a href=\"https:\/\/www.inet.edu.ar\/wp-content\/uploads\/2023\/03\/DI-2023-26827516-APN-INETME.pdf\" target=\"_blank\" rel=\"noopener\">DI-2023-114-APN-INETME#MECCyT<\/a>, <a href=\"https:\/\/www.inet.edu.ar\/wp-content\/uploads\/2023\/03\/IF-2023-14181635-APN-INETME.pdf\" target=\"_blank\" rel=\"noopener\">Anexo I- IF-2023-14181635-APN-INET#ME)<\/a>:<\/p>\n<p>1-\u201cEntornos Formativos en Secundaria T\u00e9cnica de Argentina para la especialidad de Automotriz. Vinculaci\u00f3n, pr\u00e1cticas y recursos\u201d<\/p>\n<p><strong>Universidad Nacional de General Sarmiento<\/strong><\/p>\n<p>&nbsp;<\/p>\n<p><strong>\u00a0<\/strong>2-\u201cEntornos Formativos en Secundaria T\u00e9cnica de Argentina para la especialidad de Construcciones. Vinculaci\u00f3n, pr\u00e1cticas y recursos\u201d<\/p>\n<p><strong>Fundaci\u00f3n UOCRA para la Educaci\u00f3n de los Trabajadores\u00a0<\/strong><strong>Constructores<\/strong><\/p>\n<p>&nbsp;<\/p>\n<p>3-\u201cEntornos Formativos en Secundaria T\u00e9cnica de Argentina para la especialidad de Electromec\u00e1nica. Vinculaci\u00f3n, pr\u00e1cticas y recursos\u201d<\/p>\n<p><strong>Universidad Nacional del Comahue<\/strong><\/p>\n<p><strong>\u00a0<\/strong><\/p>\n<p><strong><em>Agradecemos la postulaci\u00f3n de 9 proyectos a la Convocatoria INET 2022, al 11 de octubre de 2022,<\/em><\/strong><strong>\u00a0<em>correspondientes a distintas jurisdicciones de las cuatro regiones geogr\u00e1ficas del pa\u00eds, participando tanto universidades nacionales como provinciales.\u00a0Continuamos apostando a construir y fortalecer el campo de investigaci\u00f3n en la ETP.<\/em><\/strong><\/p>\n<p>&nbsp;<\/p>\n","protected":false},"excerpt":{"rendered":"<p>Comunicamos que el 08 de marzo de 2023, el Comit\u00e9 de Evaluaci\u00f3n del FoNIETP \/ Investigaciones INET \u2013integrado por 5 evaluadores externos y el director ejecutivo del INET- seleccion\u00f3 las siguientes instituciones como adjudicatarias de los T\u00e9rminos de Referencia (TDR) estipulados en la Convocatoria 2022 de Investigaciones INET-FoNIETP (DI-2023-114-APN-INETME#MECCyT, Anexo I- IF-2023-14181635-APN-INET#ME): 1-\u201cEntornos Formativos en [&hellip;]<\/p>\n","protected":false},"author":7,"featured_media":0,"parent":24763,"menu_order":0,"comment_status":"closed","ping_status":"closed","template":"","meta":{"footnotes":""},"class_list":["post-37197","page","type-page","status-publish","hentry"],"_links":{"self":[{"href":"https:\/\/www.inet.edu.ar\/index.php\/wp-json\/wp\/v2\/pages\/37197","targetHints":{"allow":["GET"]}}],"collection":[{"href":"https:\/\/www.inet.edu.ar\/index.php\/wp-json\/wp\/v2\/pages"}],"about":[{"href":"https:\/\/www.inet.edu.ar\/index.php\/wp-json\/wp\/v2\/types\/page"}],"author":[{"embeddable":true,"href":"https:\/\/www.inet.edu.ar\/index.php\/wp-json\/wp\/v2\/users\/7"}],"replies":[{"embeddable":true,"href":"https:\/\/www.inet.edu.ar\/index.php\/wp-json\/wp\/v2\/comments?post=37197"}],"version-history":[{"count":6,"href":"https:\/\/www.inet.edu.ar\/index.php\/wp-json\/wp\/v2\/pages\/37197\/revisions"}],"predecessor-version":[{"id":37215,"href":"https:\/\/www.inet.edu.ar\/index.php\/wp-json\/wp\/v2\/pages\/37197\/revisions\/37215"}],"up":[{"embeddable":true,"href":"https:\/\/www.inet.edu.ar\/index.php\/wp-json\/wp\/v2\/pages\/24763"}],"wp:attachment":[{"href":"https:\/\/www.inet.edu.ar\/index.php\/wp-json\/wp\/v2\/media?parent=37197"}],"curies":[{"name":"wp","href":"https:\/\/api.w.org\/{rel}","templated":true}]}}