{"id":37417,"date":"2023-04-17T10:27:01","date_gmt":"2023-04-17T13:27:01","guid":{"rendered":"https:\/\/www.inet.edu.ar\/?page_id=37417"},"modified":"2023-04-17T10:27:01","modified_gmt":"2023-04-17T13:27:01","slug":"educacion-tecnico-profesional-su-historia","status":"publish","type":"page","link":"https:\/\/www.inet.edu.ar\/index.php\/material-de-capacitacion\/educacion-tecnico-profesional-su-historia\/","title":{"rendered":"Educaci\u00f3n T\u00e9cnico Profesional: su historia"},"content":{"rendered":"<p>&nbsp;<\/p>\n<p><strong>La Educaci\u00f3n T\u00e9cnico Profesional en Argentina: breve rese\u00f1a hist\u00f3rica <\/strong><strong>(1880 \u20131993)<br \/>\n<\/strong><a href=\"https:\/\/www.inet.edu.ar\/wp-content\/uploads\/2023\/04\/Evoluci\u00f3nETP.pdf\">Bajar Archivo<\/a><\/p>\n","protected":false},"excerpt":{"rendered":"<p>&nbsp; La Educaci\u00f3n T\u00e9cnico Profesional en Argentina: breve rese\u00f1a hist\u00f3rica (1880 \u20131993) Bajar Archivo<\/p>\n","protected":false},"author":3,"featured_media":0,"parent":314,"menu_order":8,"comment_status":"closed","ping_status":"closed","template":"","meta":{"footnotes":""},"class_list":["post-37417","page","type-page","status-publish","hentry"],"_links":{"self":[{"href":"https:\/\/www.inet.edu.ar\/index.php\/wp-json\/wp\/v2\/pages\/37417","targetHints":{"allow":["GET"]}}],"collection":[{"href":"https:\/\/www.inet.edu.ar\/index.php\/wp-json\/wp\/v2\/pages"}],"about":[{"href":"https:\/\/www.inet.edu.ar\/index.php\/wp-json\/wp\/v2\/types\/page"}],"author":[{"embeddable":true,"href":"https:\/\/www.inet.edu.ar\/index.php\/wp-json\/wp\/v2\/users\/3"}],"replies":[{"embeddable":true,"href":"https:\/\/www.inet.edu.ar\/index.php\/wp-json\/wp\/v2\/comments?post=37417"}],"version-history":[{"count":2,"href":"https:\/\/www.inet.edu.ar\/index.php\/wp-json\/wp\/v2\/pages\/37417\/revisions"}],"predecessor-version":[{"id":37420,"href":"https:\/\/www.inet.edu.ar\/index.php\/wp-json\/wp\/v2\/pages\/37417\/revisions\/37420"}],"up":[{"embeddable":true,"href":"https:\/\/www.inet.edu.ar\/index.php\/wp-json\/wp\/v2\/pages\/314"}],"wp:attachment":[{"href":"https:\/\/www.inet.edu.ar\/index.php\/wp-json\/wp\/v2\/media?parent=37417"}],"curies":[{"name":"wp","href":"https:\/\/api.w.org\/{rel}","templated":true}]}}