{"id":38336,"date":"2023-11-07T16:24:14","date_gmt":"2023-11-07T19:24:14","guid":{"rendered":"https:\/\/www.inet.edu.ar\/?page_id=38336"},"modified":"2024-07-11T11:40:47","modified_gmt":"2024-07-11T14:40:47","slug":"perfiles-profesionales-de-nivel-superior","status":"publish","type":"page","link":"https:\/\/www.inet.edu.ar\/index.php\/niveles-educativos\/educacion-superior-tecnica\/perfiles-profesionales-de-nivel-superior\/","title":{"rendered":"Perfiles Profesionales de Nivel Superior"},"content":{"rendered":"\n<p><strong>Biotecnolog\u00eda<\/strong><\/p>\n\n\n\n<ul class=\"wp-block-list\">\n<li>Biotecnolog\u00eda (<a href=\"https:\/\/www.inet.edu.ar\/wp-content\/uploads\/2023\/12\/Perfil_TS-Biotecnologia.pdf\">bajar archivo<\/a>)<\/li>\n<\/ul>\n\n\n\n<p><strong>Construcciones<\/strong><\/p>\n\n\n\n<ul class=\"wp-block-list\">\n<li>Construcci\u00f3n Sustentable (<a href=\"https:\/\/www.inet.edu.ar\/wp-content\/uploads\/2023\/12\/Perfil_TS-Construccion-Sustentable.pdf\">bajar archivo<\/a>)<\/li>\n<\/ul>\n\n\n\n<p><strong>Econom\u00eda<\/strong><\/p>\n\n\n\n<ul class=\"wp-block-list\">\n<li>Econom\u00eda Social, Popular y Solidaria (<a href=\"https:\/\/www.inet.edu.ar\/wp-content\/uploads\/2023\/12\/Perfil_TS_Economia-popular-social-y-solidaria.pdf\">bajar archivo<\/a>)<\/li>\n<\/ul>\n\n\n\n<p><strong>Electr\u00f3nica<\/strong><\/p>\n\n\n\n<ul class=\"wp-block-list\">\n<li>Internet de las Cosas y Sistemas Embebidos (<a href=\"https:\/\/www.inet.edu.ar\/wp-content\/uploads\/2024\/01\/Perfil_TS-Internet-de-las-Cosas-y-Sistemas-Embebidos.pdf\">bajar archivo<\/a>)<\/li>\n<\/ul>\n\n\n\n<p><strong>Inform\u00e1tica<\/strong><\/p>\n\n\n\n<ul class=\"wp-block-list\">\n<li>An\u00e1lisis Funcional de Sistemas Inform\u00e1ticos (<a href=\"https:\/\/www.inet.edu.ar\/wp-content\/uploads\/2023\/12\/Perfil_TS_Analista-Funcional.pdf\">bajar archivo<\/a>)<\/li>\n\n\n\n<li>Ciencia de Datos e Inteligencia Artificial (<a href=\"https:\/\/www.inet.edu.ar\/wp-content\/uploads\/2023\/12\/Perfil-TS-CDeIA.pdf\">bajar archivo<\/a>)<\/li>\n\n\n\n<li>Desarrollo de Software (<a href=\"https:\/\/www.inet.edu.ar\/wp-content\/uploads\/2023\/12\/Perfil-TS-Desarrollo-de-Software.pdf\">bajar archivo<\/a>)<\/li>\n\n\n\n<li>Soporte de Infraestructura de Tecnolog\u00eda de la Informaci\u00f3n (<a href=\"https:\/\/www.inet.edu.ar\/wp-content\/uploads\/2023\/12\/Perfil-TS-en-Soporte-de-Infraestructura.pdf\">bajar archivo<\/a>)<\/li>\n<\/ul>\n\n\n\n<p><strong>Mec\u00e1nica, Metalmec\u00e1nica y Metalurgia<\/strong><\/p>\n\n\n\n<ul class=\"wp-block-list\">\n<li>Dise\u00f1o y Desarrollo de Productos Mec\u00e1nicos (<a href=\"https:\/\/www.inet.edu.ar\/wp-content\/uploads\/2023\/12\/Perfil_TS-DDPM.pdf\">bajar archivo<\/a>)<\/li>\n<\/ul>\n\n\n\n<p><strong>Mecatr\u00f3nica<\/strong><\/p>\n\n\n\n<ul class=\"wp-block-list\">\n<li>Mecatr\u00f3nica (<a href=\"https:\/\/www.inet.edu.ar\/wp-content\/uploads\/2023\/12\/Perfil_TS-en-Mecatronica.pdf\">bajar archivo<\/a>)<\/li>\n<\/ul>\n\n\n\n<p><strong>Salud<\/strong><\/p>\n\n\n\n<ul class=\"wp-block-list\">\n<li>An\u00e1lisis Cl\u00ednicos (<a href=\"https:\/\/www.inet.edu.ar\/wp-content\/uploads\/2023\/12\/Perfil_TS_Analisis-Clinicos.pdf\">bajar archivo<\/a>)<\/li>\n\n\n\n<li>Cardiolog\u00eda (<a href=\"https:\/\/www.inet.edu.ar\/wp-content\/uploads\/2023\/12\/Perfil_TS_Cardiologia.pdf\">bajar archivo<\/a>)<\/li>\n\n\n\n<li>Enfermer\u00eda (<a href=\"https:\/\/www.inet.edu.ar\/wp-content\/uploads\/2023\/12\/Perfil_Enfermeria.pdf\">bajar archivo<\/a>)<\/li>\n\n\n\n<li>Esterilizaci\u00f3n (<a href=\"https:\/\/www.inet.edu.ar\/wp-content\/uploads\/2023\/12\/Perfil_TS_Esterilizacion.pdf\">bajar archivo<\/a>)<\/li>\n\n\n\n<li>Gesti\u00f3n y Mantenimiento (<a href=\"https:\/\/www.inet.edu.ar\/wp-content\/uploads\/2023\/12\/Perfil_TS_Gestion-y-Mantenimiento.pdf\">bajar archivo<\/a>)<\/li>\n\n\n\n<li>Hemoterapia (<a href=\"https:\/\/www.inet.edu.ar\/wp-content\/uploads\/2023\/12\/Perfil_TS_Hemoterapia.pdf\">bajar archivo<\/a>)<\/li>\n\n\n\n<li>Instrumentaci\u00f3n Quir\u00fargica (<a href=\"https:\/\/www.inet.edu.ar\/wp-content\/uploads\/2023\/12\/Perfil_TS_Instrumentacion-quirurgica.pdf\">bajar archivo<\/a>)<\/li>\n\n\n\n<li>Medicina Nuclear (<a href=\"https:\/\/www.inet.edu.ar\/wp-content\/uploads\/2023\/12\/Perfil_TS_Medicina-nuclear.pdf\">bajar archivo<\/a>)<\/li>\n\n\n\n<li>Neurofisiolog\u00eda (<a href=\"https:\/\/www.inet.edu.ar\/wp-content\/uploads\/2023\/12\/Perfil_TS_Neurofisiologia.pdf\">bajar archivo<\/a>)<\/li>\n\n\n\n<li>Radiolog\u00eda (<a href=\"https:\/\/www.inet.edu.ar\/wp-content\/uploads\/2023\/12\/Perfil_TS_Radiologia.pdf\">bajar archivo<\/a>)<\/li>\n<\/ul>\n\n\n\n<p><strong>Salud y Desarrollo Humano<\/strong><\/p>\n\n\n\n<ul class=\"wp-block-list\">\n<li>Ni\u00f1ez, Adolescencia y Familia (<a href=\"https:\/\/www.inet.edu.ar\/wp-content\/uploads\/2024\/01\/Perfil_TS_NAF.pdf\">bajar archivo)<\/a><\/li>\n<\/ul>\n\n\n\n<p><strong>Servicios de Seguridad P\u00fablica<\/strong><\/p>\n\n\n\n<ul class=\"wp-block-list\">\n<li>An\u00e1lisis del Delito (<a href=\"https:\/\/www.inet.edu.ar\/wp-content\/uploads\/2023\/12\/Perfil_TS-Analisis-del-Delito.pdf\">bajar archivo<\/a>)<\/li>\n\n\n\n<li>Investigaci\u00f3n Criminal (<a href=\"https:\/\/www.inet.edu.ar\/wp-content\/uploads\/2023\/12\/Perfil_TS-Investigacion-Criminal.pdf\">bajar archivo<\/a>)<\/li>\n\n\n\n<li>Oficial de Polic\u00eda (<a href=\"https:\/\/www.inet.edu.ar\/wp-content\/uploads\/2023\/12\/Perfil_TS_Oficial-de-Policia.pdf\">bajar archivo<\/a>) <\/li>\n<\/ul>\n","protected":false},"excerpt":{"rendered":"<p>Biotecnolog\u00eda Construcciones Econom\u00eda Electr\u00f3nica Inform\u00e1tica Mec\u00e1nica, Metalmec\u00e1nica y Metalurgia Mecatr\u00f3nica Salud Salud y Desarrollo Humano Servicios de Seguridad P\u00fablica<\/p>\n","protected":false},"author":3,"featured_media":0,"parent":1427,"menu_order":1,"comment_status":"closed","ping_status":"closed","template":"","meta":{"footnotes":""},"class_list":["post-38336","page","type-page","status-publish","hentry"],"_links":{"self":[{"href":"https:\/\/www.inet.edu.ar\/index.php\/wp-json\/wp\/v2\/pages\/38336","targetHints":{"allow":["GET"]}}],"collection":[{"href":"https:\/\/www.inet.edu.ar\/index.php\/wp-json\/wp\/v2\/pages"}],"about":[{"href":"https:\/\/www.inet.edu.ar\/index.php\/wp-json\/wp\/v2\/types\/page"}],"author":[{"embeddable":true,"href":"https:\/\/www.inet.edu.ar\/index.php\/wp-json\/wp\/v2\/users\/3"}],"replies":[{"embeddable":true,"href":"https:\/\/www.inet.edu.ar\/index.php\/wp-json\/wp\/v2\/comments?post=38336"}],"version-history":[{"count":12,"href":"https:\/\/www.inet.edu.ar\/index.php\/wp-json\/wp\/v2\/pages\/38336\/revisions"}],"predecessor-version":[{"id":39015,"href":"https:\/\/www.inet.edu.ar\/index.php\/wp-json\/wp\/v2\/pages\/38336\/revisions\/39015"}],"up":[{"embeddable":true,"href":"https:\/\/www.inet.edu.ar\/index.php\/wp-json\/wp\/v2\/pages\/1427"}],"wp:attachment":[{"href":"https:\/\/www.inet.edu.ar\/index.php\/wp-json\/wp\/v2\/media?parent=38336"}],"curies":[{"name":"wp","href":"https:\/\/api.w.org\/{rel}","templated":true}]}}