{"id":38338,"date":"2023-11-07T16:26:15","date_gmt":"2023-11-07T19:26:15","guid":{"rendered":"https:\/\/www.inet.edu.ar\/?page_id=38338"},"modified":"2026-04-08T10:50:39","modified_gmt":"2026-04-08T13:50:39","slug":"perfiles-profesionales-de-fp","status":"publish","type":"page","link":"https:\/\/www.inet.edu.ar\/index.php\/niveles-educativos\/formacion-profesional\/perfiles-profesionales-de-fp\/","title":{"rendered":"Perfiles Profesionales de FP"},"content":{"rendered":"\n<p><\/p>\n\n\n\n<p><strong>Administraci\u00f3n y Gesti\u00f3n<\/strong><\/p>\n\n\n\n<ul class=\"wp-block-list\">\n<li>Asistente de Administraci\u00f3n y Gesti\u00f3n con herramientas inform\u00e1ticas (<a href=\"https:\/\/www.inet.edu.ar\/wp-content\/uploads\/2023\/12\/PP_Asistente-a_Administracion-y-Gestion.pdf\">bajar archivo<\/a>)<\/li>\n<\/ul>\n\n\n\n<p><strong>Agropecuario. Ganader\u00eda<\/strong><\/p>\n\n\n\n<ul class=\"wp-block-list\">\n<li>Asistente de Producci\u00f3n Lechera (<a href=\"https:\/\/www.inet.edu.ar\/wp-content\/uploads\/2023\/12\/PP_Asistente-de-prod-lechera.pdf\">bajar archivo<\/a>)<\/li>\n\n\n\n<li>Operario en Producci\u00f3n Lechera (<a href=\"https:\/\/www.inet.edu.ar\/wp-content\/uploads\/2023\/12\/PP_Operario-en-prod-lechera.pdf\">bajar archivo<\/a>)<\/li>\n<\/ul>\n\n\n\n<p><strong>Agropecuario. Hort\u00edcola<\/strong><\/p>\n\n\n\n<ul class=\"wp-block-list\">\n<li>Horticultor (<a href=\"https:\/\/www.inet.edu.ar\/wp-content\/uploads\/2023\/12\/PP_Horticultor.pdf\">bajar archivo<\/a>)<\/li>\n\n\n\n<li>Operario Hort\u00edcola (<a href=\"https:\/\/www.inet.edu.ar\/wp-content\/uploads\/2023\/12\/PP_Operario-horticola.pdf\">bajar archivo<\/a>)<\/li>\n<\/ul>\n\n\n\n<p><strong>Agropecuario<\/strong>. <strong>Industria de la Alimentaci\u00f3n<\/strong><\/p>\n\n\n\n<ul class=\"wp-block-list\">\n<li>Cadena de Producci\u00f3n Porcina (<a href=\"https:\/\/www.inet.edu.ar\/wp-content\/uploads\/2023\/12\/Perfiles_Cadena-Produccion-Porcina.pdf\">bajar archivo<\/a>)<\/li>\n<\/ul>\n\n\n\n<p><strong>Agropecuario. Producci\u00f3n Ap\u00edcola<\/strong><\/p>\n\n\n\n<ul class=\"wp-block-list\">\n<li>Apicultor \/ Asistente Ap\u00edcola \/ Operario Ap\u00edcola (<a href=\"https:\/\/www.inet.edu.ar\/wp-content\/uploads\/2024\/05\/PP_Sector-Apicola.pdf\" data-type=\"link\" data-id=\"https:\/\/www.inet.edu.ar\/wp-content\/uploads\/2024\/05\/PP_Sector-Apicola.pdf\" target=\"_blank\" rel=\"noreferrer noopener\">bajar archivo<\/a>)<\/li>\n<\/ul>\n\n\n\n<p><strong>Agropecuario. Producci\u00f3n de Plantas en Vivero<\/strong><\/p>\n\n\n\n<ul class=\"wp-block-list\">\n<li>Armador\/a de Invern\u00e1culos (<a href=\"https:\/\/www.inet.edu.ar\/wp-content\/uploads\/2023\/12\/PP_Armador-a-de-invernaculos.pdf\">bajar archivo<\/a>)<\/li>\n\n\n\n<li>Elaborador\/a de compost y sustratos (<a href=\"https:\/\/www.inet.edu.ar\/wp-content\/uploads\/2023\/12\/PP_Elaborador-a-de-compost-y-sustratos.pdf\">bajar archivo<\/a>)<\/li>\n\n\n\n<li>Gesti\u00f3n de Viveros (<a href=\"https:\/\/www.inet.edu.ar\/wp-content\/uploads\/2023\/12\/PP_Gestion-Viveros.pdf\">bajar archivo<\/a>)<\/li>\n\n\n\n<li>Gesti\u00f3n de servicios sobre espacios verdes (<a href=\"https:\/\/www.inet.edu.ar\/wp-content\/uploads\/2023\/12\/PP_Gestion-de-Servicios-sobre-Espacios-Verdes.pdf\">bajar archivo<\/a>)<\/li>\n\n\n\n<li>Pr\u00e1ctico\/a en armado y mantenimiento de jardines verticales, muros verdes y terrazas verdes (<a href=\"https:\/\/www.inet.edu.ar\/wp-content\/uploads\/2023\/12\/PP_Practico-a-en-armado-y-mantenimiento-jardines-verticales-y-TV.pdf\">bajar archivo<\/a>)<\/li>\n\n\n\n<li>Pr\u00e1ctico\/a en mantenimiento de espacios verdes (<a href=\"https:\/\/www.inet.edu.ar\/wp-content\/uploads\/2023\/12\/PP_Practico-a-en-Mantenimiento-de-EV.pdf\">bajar archivo<\/a>)<\/li>\n\n\n\n<li>Productor\/a de flores de corte y follaje (<a href=\"https:\/\/www.inet.edu.ar\/wp-content\/uploads\/2023\/12\/PP_Productor.a-flores-de-corte-y-follaje.pdf\">bajar archivo<\/a>)<\/li>\n\n\n\n<li>Productor\/a de Plantas en Vivero (<a href=\"https:\/\/www.inet.edu.ar\/wp-content\/uploads\/2023\/12\/PP_Productor-a-de-plantas-en-vivero.pdf\">bajar archivo<\/a>)<\/li>\n<\/ul>\n\n\n\n<p><strong>Automotriz<\/strong><\/p>\n\n\n\n<ul class=\"wp-block-list\">\n<li>Mec\u00e1nico Electr\u00f3nico de Automotores (<a href=\"https:\/\/www.inet.edu.ar\/wp-content\/uploads\/2023\/12\/PP_Mecanico-electronico-de-Automotores.pdf\">bajar archivo<\/a>)<\/li>\n\n\n\n<li>Mec\u00e1nico de Motos (<a href=\"https:\/\/www.inet.edu.ar\/wp-content\/uploads\/2023\/12\/PP_Mecanico-de-motos.pdf\">bajar archivo<\/a>)<\/li>\n\n\n\n<li>Auxiliar Mec\u00e1nico de Automotores (<a href=\"https:\/\/www.inet.edu.ar\/wp-content\/uploads\/2023\/12\/PP_Auxiliar-Mecanico-de-Automotores.pdf\">bajar archivo<\/a>)<\/li>\n\n\n\n<li>Auxiliar Mec\u00e1nico de Motos (<a href=\"https:\/\/www.inet.edu.ar\/wp-content\/uploads\/2023\/12\/PP_Auxiliar-Mecanico-de-motos.pdf\">bajar archivo<\/a>)<\/li>\n\n\n\n<li>Mec\u00e1nico de Motores de Combusti\u00f3n Interna (<a href=\"https:\/\/www.inet.edu.ar\/wp-content\/uploads\/2023\/12\/PP_Mecanico-Mot-de-Comb-Int.pdf\">bajar archivo<\/a>)<\/li>\n\n\n\n<li>Mec\u00e1nico Instalador de Equipos de GNC (<a href=\"https:\/\/www.inet.edu.ar\/wp-content\/uploads\/2023\/12\/PP_Mecanico-Inst-GNC.pdf\">bajar archivo<\/a>)<\/li>\n\n\n\n<li>Rectificador de Motores (<a href=\"https:\/\/www.inet.edu.ar\/wp-content\/uploads\/2023\/12\/PP_Rectificador-de-Motores.pdf\">bajar archivo<\/a>)<\/li>\n\n\n\n<li>Mec\u00e1nico de Transmisiones (<a href=\"https:\/\/www.inet.edu.ar\/wp-content\/uploads\/2023\/12\/PP_Mecanico-de-Transmisiones.pdf\">bajar archivo<\/a>)<\/li>\n\n\n\n<li>Mec\u00e1nico de Sistemas de Suspensi\u00f3n y Direcci\u00f3n (<a href=\"https:\/\/www.inet.edu.ar\/wp-content\/uploads\/2023\/12\/PP_Mecanico-Susp-y-Direc.pdf\">bajar archivo<\/a>)<\/li>\n\n\n\n<li>Gomero Balanceador (<a href=\"https:\/\/www.inet.edu.ar\/wp-content\/uploads\/2023\/12\/PP_Gomero-Balanceador.pdf\">bajar archivo<\/a>)<\/li>\n\n\n\n<li>Electricista de Automotores (<a href=\"https:\/\/www.inet.edu.ar\/wp-content\/uploads\/2023\/12\/PP_Electricista-de-Automotores.pdf\">bajar archivo<\/a>)<\/li>\n\n\n\n<li>Mec\u00e1nico en Sistemas de Climatizaci\u00f3n (<a href=\"https:\/\/www.inet.edu.ar\/wp-content\/uploads\/2023\/12\/PP_Mecanico-Sist-Climatizacion.pdf\">bajar archivo<\/a>)<\/li>\n\n\n\n<li>Cerrajero de Automotores (<a href=\"https:\/\/www.inet.edu.ar\/wp-content\/uploads\/2023\/12\/PP_Cerrajero-del-Automotor.pdf\">bajar archivo<\/a>)<\/li>\n\n\n\n<li>Chapista de Automotores (<a href=\"https:\/\/www.inet.edu.ar\/wp-content\/uploads\/2023\/12\/PP_Chapista-de-Automotores.pdf\">bajar archivo<\/a>)<\/li>\n\n\n\n<li>Pintor de Automotores (<a href=\"https:\/\/www.inet.edu.ar\/wp-content\/uploads\/2023\/12\/PP_Pintor-de-Automotores.pdf\">bajar archivo<\/a>)<\/li>\n<\/ul>\n\n\n\n<p><strong>Econom\u00eda Social<\/strong><\/p>\n\n\n\n<ul class=\"wp-block-list\">\n<li>Promotor\/a de cooperativas y mutuales (<a href=\"https:\/\/www.inet.edu.ar\/wp-content\/uploads\/2023\/12\/Perfil-Prof_Promotor-de-cooperativas-y-mutuales-14_09.pdf\">bajar archivo<\/a>)<\/li>\n<\/ul>\n\n\n\n<p><strong>Electromec\u00e1nica<\/strong><\/p>\n\n\n\n<ul class=\"wp-block-list\">\n<li>Instalador de Sistemas de Automatizaci\u00f3n (<a href=\"https:\/\/www.inet.edu.ar\/wp-content\/uploads\/2023\/12\/Perfil_FP_Instalador-Sistemas-automatizacion.pdf\">bajar archivo<\/a>)<\/li>\n<\/ul>\n\n\n\n<p><strong>Energ\u00eda El\u00e9ctrica<\/strong><\/p>\n\n\n\n<ul class=\"wp-block-list\">\n<li>Electricista de Centrales de Generaci\u00f3n de Energ\u00eda El\u00e9ctrica (<a href=\"https:\/\/www.inet.edu.ar\/wp-content\/uploads\/2023\/12\/PP_Electricista_Centrales_Generacion_EE.pdf\">bajar archivo<\/a>)<\/li>\n\n\n\n<li>Electricista de Redes de Alta Tensi\u00f3n (<a href=\"https:\/\/www.inet.edu.ar\/wp-content\/uploads\/2023\/12\/PP_Electricista_Redes_Alta_Tension.pdf\">bajar archivo<\/a>)<\/li>\n\n\n\n<li>Electricista de Redes de distribuci\u00f3n de media y baja tensi\u00f3n (<a href=\"https:\/\/www.inet.edu.ar\/wp-content\/uploads\/2023\/12\/PP_Electricista_Redes_Distribucion_MyBT.pdf\">bajar archivo<\/a>)<\/li>\n\n\n\n<li>Auxiliar de Electricista de Redes de distribuci\u00f3n de media y baja tensi\u00f3n (<a href=\"https:\/\/www.inet.edu.ar\/wp-content\/uploads\/2023\/12\/PP_Auxiliar_electricista_redes_distribucion_MyBT.pdf\">bajar archivo<\/a>)<\/li>\n\n\n\n<li>Electricista Industrial (<a href=\"https:\/\/www.inet.edu.ar\/wp-content\/uploads\/2023\/12\/PP_Electricista_Industrial.pdf\">bajar archivo<\/a>)<\/li>\n\n\n\n<li>Auxiliar de Electricista Industrial (<a href=\"https:\/\/www.inet.edu.ar\/wp-content\/uploads\/2023\/12\/PP_Auxiliar_Electricista_Industrial.pdf\">bajar archivo<\/a>)<\/li>\n\n\n\n<li>Electricista en Inmuebles (<a href=\"https:\/\/www.inet.edu.ar\/wp-content\/uploads\/2023\/12\/PP_Electricista-en-Inmuebles.pdf\">bajar archivo<\/a>)<\/li>\n\n\n\n<li>Instalador de Sistemas El\u00e9ctricos de Energ\u00eda Renovable (<a href=\"https:\/\/www.inet.edu.ar\/wp-content\/uploads\/2023\/12\/PP_Instalador_sistemas_electricos_EERR.pdf\">bajar archivo<\/a>)<\/li>\n\n\n\n<li>Instalador de Sistemas de Iluminaci\u00f3n Interior (bajar archivo)<\/li>\n\n\n\n<li>Instalador de Sistemas de Energ\u00eda Ininterrumpida (<a href=\"https:\/\/www.inet.edu.ar\/wp-content\/uploads\/2023\/12\/PP_Instalador_sistemas_energia_ininterrumpida.pdf\">bajar archivo<\/a>)<\/li>\n\n\n\n<li>Instalador de Sistemas de Muy Baja Tensi\u00f3n (<a href=\"https:\/\/www.inet.edu.ar\/wp-content\/uploads\/2023\/12\/PP_Instalador_sistemas_MBT.pdf\">bajar archivo<\/a>)<\/li>\n\n\n\n<li>Montador Tablerista de Sistemas de Potencia (<a href=\"https:\/\/www.inet.edu.ar\/wp-content\/uploads\/2023\/12\/PP_Montador-tablerista-sistemas-potencia.pdf\">bajar archivo<\/a>)<\/li>\n\n\n\n<li>Bobinador de M\u00e1quinas El\u00e9ctricas (<a href=\"https:\/\/www.inet.edu.ar\/wp-content\/uploads\/2023\/12\/PP_Bobinador_Maquinas_Electricas.pdf\">bajar archivo<\/a>)<\/li>\n\n\n\n<li>Instalador y Reparador de Equipos de Climatizaci\u00f3n (<a href=\"https:\/\/www.inet.edu.ar\/wp-content\/uploads\/2023\/12\/PP_Instalador-y-reparador_equipos_climatizacion.pdf\">bajar archivo<\/a>)<\/li>\n<\/ul>\n\n\n\n<p><strong>Est\u00e9tica Profesional<\/strong><\/p>\n\n\n\n<ul class=\"wp-block-list\">\n<li>Cosmet\u00f3logo\/a (<a href=\"https:\/\/www.inet.edu.ar\/wp-content\/uploads\/2023\/12\/Perfil-Cosmetologoa.pdf\">bajar archivo<\/a>)<\/li>\n\n\n\n<li>Peluquero\/a (<a href=\"https:\/\/www.inet.edu.ar\/wp-content\/uploads\/2023\/12\/PP_Peluquera-o.pdf\">bajar archivo<\/a>)<\/li>\n\n\n\n<li>Maquillador\/a Profesional (<a href=\"https:\/\/www.inet.edu.ar\/wp-content\/uploads\/2023\/12\/PP_Maquillador-a-Profesional.pdf\">bajar archivo<\/a>)<\/li>\n<\/ul>\n\n\n\n<p><strong>Forestal<\/strong><\/p>\n\n\n\n<ul class=\"wp-block-list\">\n<li>Inventariador\/a (<a href=\"https:\/\/www.inet.edu.ar\/wp-content\/uploads\/2023\/12\/PP_Inventariador_-06-04-21.pdf\">bajar archivo<\/a>)<\/li>\n<\/ul>\n\n\n\n<p>Hidrocarburo<\/p>\n\n\n\n<ul class=\"wp-block-list\">\n<li>Operador de campo (<a href=\"https:\/\/www.inet.edu.ar\/wp-content\/uploads\/2026\/04\/PP_Operador-de-Campo.pdf\" data-type=\"link\" data-id=\"https:\/\/www.inet.edu.ar\/wp-content\/uploads\/2026\/04\/PP_Operador-de-Campo.pdf\" target=\"_blank\" rel=\"noreferrer noopener\">bajar archivo<\/a>)<\/li>\n<\/ul>\n\n\n\n<p><strong>Hoteler\u00eda y Gastronom\u00eda<\/strong><\/p>\n\n\n\n<ul class=\"wp-block-list\">\n<li>Panadero (<a href=\"https:\/\/www.inet.edu.ar\/wp-content\/uploads\/2023\/12\/PP_Panadero.pdf\">bajar archivo<\/a>)<\/li>\n\n\n\n<li>Recepcionista (<a href=\"https:\/\/www.inet.edu.ar\/wp-content\/uploads\/2023\/12\/PP_Recepcionista.pdf\">bajar archivo<\/a>)<\/li>\n\n\n\n<li>Ama de llaves (<a href=\"https:\/\/www.inet.edu.ar\/wp-content\/uploads\/2023\/12\/PP_Ama-de-llaves.pdf\">bajar archivo<\/a>)<\/li>\n\n\n\n<li>Organizador de Eventos (<a href=\"https:\/\/www.inet.edu.ar\/wp-content\/uploads\/2023\/12\/PP_Organizador-de-eventos.pdf\">bajar archivo<\/a>)<\/li>\n\n\n\n<li>Mozo (<a href=\"https:\/\/www.inet.edu.ar\/wp-content\/uploads\/2023\/12\/PP_Mozo.pdf\">bajar archivo<\/a>)<\/li>\n\n\n\n<li>Cocinero (<a href=\"https:\/\/www.inet.edu.ar\/wp-content\/uploads\/2023\/12\/PP_Cocinero.pdf\">bajar archivo<\/a>)<\/li>\n\n\n\n<li>Pastelero (<a href=\"https:\/\/www.inet.edu.ar\/wp-content\/uploads\/2023\/12\/PP_Pastelero.pdf\">bajar archivo<\/a>)<\/li>\n<\/ul>\n\n\n\n<p><strong>Industria de la Alimentaci\u00f3n<\/strong><\/p>\n\n\n\n<ul class=\"wp-block-list\">\n<li>Elaborador\/a de Productos L\u00e1cteos Diversificados (<a href=\"https:\/\/www.inet.edu.ar\/wp-content\/uploads\/2023\/12\/PP_Productos-Lacteos-Diversificados.pdf\">bajar archivo<\/a>)<\/li>\n\n\n\n<li>Elaborador\/a de Pastas Alimenticias (<a href=\"https:\/\/www.inet.edu.ar\/wp-content\/uploads\/2023\/12\/PP_Elaborador-a-de-Pastas-alimenticias.pdf\">bajar archivo<\/a>)<\/li>\n<\/ul>\n\n\n\n<p><strong>Madera y Mueble<\/strong><\/p>\n\n\n\n<ul class=\"wp-block-list\">\n<li>Auxiliar de Aserradero (<a href=\"https:\/\/www.inet.edu.ar\/wp-content\/uploads\/2023\/12\/PP_Auxiliar-de-Aserradero.pdf\">bajar archivo<\/a>)<\/li>\n\n\n\n<li>Operador de M\u00e1quina Principal de Aserradero (<a href=\"https:\/\/www.inet.edu.ar\/wp-content\/uploads\/2023\/12\/PP_Operador-maquina-principal-aserradero.pdf\">bajar archivo<\/a>)<\/li>\n\n\n\n<li>Clasificador, Cortador y Armador de Bastidores en Madera (<a href=\"https:\/\/www.inet.edu.ar\/wp-content\/uploads\/2023\/12\/PP_Clasificador-Cortador-y-Armador-BM.pdf\">bajar archivo<\/a>)<\/li>\n\n\n\n<li>Operador de Moldurera (<a href=\"https:\/\/www.inet.edu.ar\/wp-content\/uploads\/2023\/12\/PP_Operador-de-Moldurera.pdf\">bajar archivo<\/a>)<\/li>\n\n\n\n<li>Operador de Secado y Tratamiento T\u00e9rmico de la Madera (<a href=\"https:\/\/www.inet.edu.ar\/wp-content\/uploads\/2023\/12\/PP_Operador-secado-y-tratamiento-termico.pdf\">bajar archivo<\/a>)<\/li>\n\n\n\n<li>Operador\/a de Clasificaci\u00f3n, Corte y Armado de Bastidores de Madera (<a href=\"https:\/\/www.inet.edu.ar\/wp-content\/uploads\/2023\/12\/PP_ClasificadorCortador-y-Armador.pdf\">bajar archivo<\/a>)<\/li>\n\n\n\n<li>Montador\/a de Entramado de Madera (<a href=\"https:\/\/www.inet.edu.ar\/wp-content\/uploads\/2023\/12\/PP_Montador-de-Entramado-de-Madera.pdf\">bajar archivo<\/a>)<\/li>\n\n\n\n<li>Operador de Sala de Afilado (<a href=\"https:\/\/www.inet.edu.ar\/wp-content\/uploads\/2023\/12\/PP_Operador-sala-de-afilado.pdf\">bajar archivo<\/a>)<\/li>\n\n\n\n<li>Auxiliar de Carpintero de Banco (<a href=\"https:\/\/www.inet.edu.ar\/wp-content\/uploads\/2023\/12\/PP_Auxiliar-Carpintero-de-Banco.pdf\">bajar archivo<\/a>)<\/li>\n\n\n\n<li>Carpintero de Banco (<a href=\"https:\/\/www.inet.edu.ar\/wp-content\/uploads\/2023\/12\/PP_Carpintero-de-Banco.pdf\">bajar archivo<\/a>)<\/li>\n<\/ul>\n\n\n\n<p><strong>Mec\u00e1nica, Metalmec\u00e1nica y Metalurgia<\/strong><\/p>\n\n\n\n<ul class=\"wp-block-list\">\n<li>Dise\u00f1ador de Matrices de inyecci\u00f3n de materiales (<a href=\"https:\/\/www.inet.edu.ar\/wp-content\/uploads\/2023\/12\/PP_Disenador-matrices-inyeccion-.pdf\">bajar archivo<\/a>)<\/li>\n\n\n\n<li>Tornero (<a href=\"https:\/\/www.inet.edu.ar\/wp-content\/uploads\/2023\/12\/PP_Tornero.pdf\">bajar archivo<\/a>)<\/li>\n\n\n\n<li>Fresador (<a href=\"https:\/\/www.inet.edu.ar\/wp-content\/uploads\/2023\/12\/PP_Fresador.pdf\">bajar archivo<\/a>)<\/li>\n\n\n\n<li>Rectificador (<a href=\"https:\/\/www.inet.edu.ar\/wp-content\/uploads\/2023\/12\/PP_Rectificador.pdf\">bajar archivo<\/a>)<\/li>\n\n\n\n<li>Operador de m\u00e1quinas comandadas a CNC para el arranque de viruta (<a href=\"https:\/\/www.inet.edu.ar\/wp-content\/uploads\/2023\/12\/PP_Operador-Maquinas-CNC.pdf\">bajar archivo<\/a>)<\/li>\n\n\n\n<li>Carpintero Met\u00e1lico y de PVC (<a href=\"https:\/\/www.inet.edu.ar\/wp-content\/uploads\/2023\/12\/PP_Carpintero-Metalico-y-de-PVC.pdf\">bajar archivo<\/a>)<\/li>\n\n\n\n<li>Herrero (<a href=\"https:\/\/www.inet.edu.ar\/wp-content\/uploads\/2023\/12\/PP_Herrero.pdf\">bajar archivo<\/a>)<\/li>\n\n\n\n<li>Zinguero (<a href=\"https:\/\/www.inet.edu.ar\/wp-content\/uploads\/2023\/12\/PP_Zinguero.pdf\">bajar archivo<\/a>)<\/li>\n\n\n\n<li>Plegador (<a href=\"https:\/\/www.inet.edu.ar\/wp-content\/uploads\/2023\/12\/PP_Plegador.pdf\">bajar archivo<\/a>)<\/li>\n\n\n\n<li>Programador y Operador de de m\u00e1quinas comandadas a CNC para el conformado de materiales (<a href=\"https:\/\/www.inet.edu.ar\/wp-content\/uploads\/2023\/12\/PP_Programador-y-Operador-CNC.pdf\">bajar archivo<\/a>)<\/li>\n\n\n\n<li>Operador de m\u00e1quinas e instrumentos de medici\u00f3n (<a href=\"https:\/\/www.inet.edu.ar\/wp-content\/uploads\/2023\/12\/PP_Operador-maquinas-e-instrumentos-medicion.pdf\">bajar archivo<\/a>)<\/li>\n\n\n\n<li>Laboratorista (<a href=\"https:\/\/www.inet.edu.ar\/wp-content\/uploads\/2023\/12\/PP_Laboratorista.pdf\">bajar archivo<\/a>)<\/li>\n\n\n\n<li>Auxiliar de Laboratorio (<a href=\"https:\/\/www.inet.edu.ar\/wp-content\/uploads\/2023\/12\/PP_Auxiliar-de-laboratorio.pdf\">bajar archivo<\/a>)<\/li>\n\n\n\n<li>Modelista (<a href=\"https:\/\/www.inet.edu.ar\/wp-content\/uploads\/2023\/12\/PP_Modelista.pdf\">bajar archivo<\/a>)<\/li>\n\n\n\n<li>Operador de Hornos Cubilote (<a href=\"https:\/\/www.inet.edu.ar\/wp-content\/uploads\/2023\/12\/PP_Operador-horno-Cubilote.pdf\">bajar archivo<\/a>)<\/li>\n\n\n\n<li>Operador de Horno a inducci\u00f3n para la fusi\u00f3n de metales (<a href=\"https:\/\/www.inet.edu.ar\/wp-content\/uploads\/2023\/12\/PP_Operador-hornos-por-induccion.pdf\">bajar archivo<\/a>)<\/li>\n\n\n\n<li>Moldeador (<a href=\"https:\/\/www.inet.edu.ar\/wp-content\/uploads\/2023\/12\/PP_Moldeador.pdf\">bajar archivo<\/a>)<\/li>\n\n\n\n<li>Operador de Hornos para Tratamientos T\u00e9rmicos (<a href=\"https:\/\/www.inet.edu.ar\/wp-content\/uploads\/2023\/12\/PP_Operador-hornos-tratamientos-termicos.pdf\">bajar archivo<\/a>)<\/li>\n\n\n\n<li>Soldador B\u00e1sico (<a href=\"https:\/\/www.inet.edu.ar\/wp-content\/uploads\/2023\/12\/PP_Soldador-Basico-.pdf\">bajar archivo<\/a>)<\/li>\n\n\n\n<li>Soldador (<a href=\"https:\/\/www.inet.edu.ar\/wp-content\/uploads\/2023\/12\/PP_Soldador.pdf\">bajar archivo<\/a>)<\/li>\n<\/ul>\n\n\n\n<p><strong>Miner\u00eda<\/strong> <strong>e Hidrocarburos<\/strong><\/p>\n\n\n\n<ul class=\"wp-block-list\">\n<li>Asistente de Perforaci\u00f3n Minero (<a href=\"https:\/\/www.inet.edu.ar\/wp-content\/uploads\/2023\/12\/PP-Asistente-de-Perforacion-Minera-o-.pdf\">bajar archivo<\/a>)<\/li>\n\n\n\n<li>Perforista Minero\/a (<a href=\"https:\/\/www.inet.edu.ar\/wp-content\/uploads\/2023\/12\/PP-Perforista-Mineroa-.pdf\">bajar archivo<\/a>)<\/li>\n\n\n\n<li>Operador de Plantas de Tratamiento de Gas (<a href=\"https:\/\/www.inet.edu.ar\/wp-content\/uploads\/2025\/09\/PP_Operador_Plantas_Tratamiento_Gas.pdf\" data-type=\"link\" data-id=\"https:\/\/www.inet.edu.ar\/wp-content\/uploads\/2025\/09\/PP_Operador_Plantas_Tratamiento_Gas.pdf\" target=\"_blank\" rel=\"noreferrer noopener\">bajar archivo<\/a>)<\/li>\n\n\n\n<li>Operador de Plantas de Tratamiento de Crudo y Agua (<a href=\"https:\/\/www.inet.edu.ar\/wp-content\/uploads\/2025\/09\/PP_Operador-Plantas-Tratamiento-Crudo-y-Agua.pdf\" data-type=\"link\" data-id=\"https:\/\/www.inet.edu.ar\/wp-content\/uploads\/2025\/09\/PP_Operador-Plantas-Tratamiento-Crudo-y-Agua.pdf\" target=\"_blank\" rel=\"noreferrer noopener\">bajar archivo<\/a>)<\/li>\n<\/ul>\n\n\n\n<p><strong>Naval<\/strong><\/p>\n\n\n\n<ul class=\"wp-block-list\">\n<li>Calderero\/a Naval (<a href=\"https:\/\/www.inet.edu.ar\/wp-content\/uploads\/2023\/12\/PP_Calderero-Naval.pdf\">bajar archivo<\/a>)<\/li>\n\n\n\n<li>Mec\u00e1nico\/a Naval (<a href=\"https:\/\/www.inet.edu.ar\/wp-content\/uploads\/2023\/12\/PP_MECANICO-NAVAL.pdf\">bajar archivo<\/a>)<\/li>\n<\/ul>\n\n\n\n<p><strong>Portuario<\/strong><\/p>\n\n\n\n<ul class=\"wp-block-list\">\n<li>Operador\/a de Gr\u00faa M\u00f3vil (<a href=\"https:\/\/www.inet.edu.ar\/wp-content\/uploads\/2023\/12\/PP_Operador-a_de_grua_movil.pdf\">bajar archivo<\/a>)<\/li>\n<\/ul>\n\n\n\n<p><strong>Protecci\u00f3n Civil<\/strong><\/p>\n\n\n\n<ul class=\"wp-block-list\">\n<li>Guardavidas (<a href=\"https:\/\/www.inet.edu.ar\/wp-content\/uploads\/2024\/11\/PP_GUARDAVIDAS.pdf\" data-type=\"link\" data-id=\"https:\/\/www.inet.edu.ar\/wp-content\/uploads\/2024\/11\/PP_GUARDAVIDAS.pdf\" target=\"_blank\" rel=\"noreferrer noopener\">bajar archivo<\/a>)<\/li>\n<\/ul>\n\n\n\n<p><strong>Salud y Desarrollo Humano<\/strong><\/p>\n\n\n\n<ul class=\"wp-block-list\">\n<li>Operador en Desarrollo Infantil (<a href=\"https:\/\/www.inet.edu.ar\/wp-content\/uploads\/2023\/12\/PP_FP_Operador-a-en-desarrollo-infantil.pdf\">bajar archivo<\/a>)<\/li>\n<\/ul>\n\n\n\n<p><strong>Seguridad P\u00fablica<\/strong><\/p>\n\n\n\n<ul class=\"wp-block-list\">\n<li>Agente de Polic\u00eda (<a href=\"https:\/\/www.inet.edu.ar\/wp-content\/uploads\/2024\/11\/PP_Agente-de-Policia.pdf\" data-type=\"link\" data-id=\"https:\/\/www.inet.edu.ar\/wp-content\/uploads\/2024\/11\/PP_Agente-de-Policia.pdf\" target=\"_blank\" rel=\"noreferrer noopener\">bajar archivo<\/a>)<\/li>\n\n\n\n<li>Bombero &#8211; Nivel I (<a href=\"https:\/\/www.inet.edu.ar\/wp-content\/uploads\/2024\/11\/PP_Bombero-Nivel-I.pdf\" data-type=\"link\" data-id=\"https:\/\/www.inet.edu.ar\/wp-content\/uploads\/2024\/11\/PP_Bombero-Nivel-I.pdf\" target=\"_blank\" rel=\"noreferrer noopener\">bajar archivo<\/a>)<\/li>\n<\/ul>\n\n\n\n<p><strong>Telecomunicaciones<\/strong><\/p>\n\n\n\n<ul class=\"wp-block-list\">\n<li>Auxiliar Instalador de Antena y Accesorios (<a href=\"https:\/\/www.inet.edu.ar\/wp-content\/uploads\/2023\/12\/PP_Auxiliar-Instalador-Antenas-y-Accesorios.pdf\">bajar archivo<\/a>)<\/li>\n\n\n\n<li>Auxiliar Empalmador de Cables de Cobre Multipar (<a href=\"https:\/\/www.inet.edu.ar\/wp-content\/uploads\/2023\/12\/PP_Auxiliar-empalmador-cables-cobre-multipar.pdf\">bajar archivo<\/a>)<\/li>\n<\/ul>\n\n\n\n<p><strong>Textil e Indumentaria<\/strong><\/p>\n\n\n\n<ul class=\"wp-block-list\">\n<li>Modelista &#8211; Patronista (<a href=\"https:\/\/www.inet.edu.ar\/wp-content\/uploads\/2023\/12\/PP_Modelista-Patronista.pdf\">bajar archivo<\/a>)<\/li>\n\n\n\n<li>Operador Cortador de Industria Indumentaria (<a href=\"https:\/\/www.inet.edu.ar\/wp-content\/uploads\/2023\/12\/PP_Operador-Cortador-Industria-Indumentaria.pdf\">bajar archivo<\/a>)<\/li>\n\n\n\n<li>Confeccionista a medida: Modista o Sastre (<a href=\"https:\/\/www.inet.edu.ar\/wp-content\/uploads\/2023\/12\/PP_Confeccionista-a-medida-modista.pdf\">bajar archivo<\/a>)<\/li>\n\n\n\n<li>Auxiliar Mec\u00e1nico de M\u00e1quina de Coser (<a href=\"https:\/\/www.inet.edu.ar\/wp-content\/uploads\/2023\/12\/PP_Auxiliar-Mecanico-Maquinas-de-Coser.pdf\">bajar archivo<\/a>)<\/li>\n\n\n\n<li>Operador de M\u00e1quinas para Confecci\u00f3n de Indumentaria (<a href=\"https:\/\/www.inet.edu.ar\/wp-content\/uploads\/2023\/12\/PP_Operador-Maquinas-para-Confeccion-Indumentaria.pdf\">bajar archivo<\/a>)<\/li>\n\n\n\n<li>Operador de M\u00e1quina de Bordado Industrial (<a href=\"https:\/\/www.inet.edu.ar\/wp-content\/uploads\/2023\/12\/PP_Operador-maquina-bordado-industrial.pdf\">bajar archivo<\/a>)<\/li>\n\n\n\n<li>Operador de Bordado Artesanal (<a href=\"https:\/\/www.inet.edu.ar\/wp-content\/uploads\/2023\/12\/PP_Operador-de-bordado-artesanal.pdf\">bajar archivo<\/a>)<\/li>\n<\/ul>\n\n\n\n<p><strong>Turismo<\/strong><\/p>\n\n\n\n<ul class=\"wp-block-list\">\n<li>Coordinador\/a Tur\u00edstico\/a (<a href=\"https:\/\/www.inet.edu.ar\/wp-content\/uploads\/2023\/12\/PP_Coordinador-a_Turistico-a.pdf\">bajar archivo<\/a>)<\/li>\n<\/ul>\n\n\n\n<p><strong>Vitivinicultura<\/strong><\/p>\n\n\n\n<ul class=\"wp-block-list\">\n<li>Operario\/a Vit\u00edcola (<a href=\"https:\/\/www.inet.edu.ar\/wp-content\/uploads\/2023\/12\/PP_Operario-a_viticola.pdf\">bajar archivo<\/a>)<\/li>\n<\/ul>\n","protected":false},"excerpt":{"rendered":"<p>Administraci\u00f3n y Gesti\u00f3n Agropecuario. Ganader\u00eda Agropecuario. Hort\u00edcola Agropecuario. Industria de la Alimentaci\u00f3n Agropecuario. Producci\u00f3n Ap\u00edcola Agropecuario. Producci\u00f3n de Plantas en Vivero Automotriz Econom\u00eda Social Electromec\u00e1nica Energ\u00eda El\u00e9ctrica Est\u00e9tica Profesional Forestal Hidrocarburo Hoteler\u00eda y Gastronom\u00eda Industria de la Alimentaci\u00f3n Madera y Mueble Mec\u00e1nica, Metalmec\u00e1nica y Metalurgia Miner\u00eda e Hidrocarburos Naval Portuario Protecci\u00f3n Civil Salud y Desarrollo [&hellip;]<\/p>\n","protected":false},"author":3,"featured_media":0,"parent":1429,"menu_order":1,"comment_status":"closed","ping_status":"closed","template":"","meta":{"footnotes":""},"class_list":["post-38338","page","type-page","status-publish","hentry"],"_links":{"self":[{"href":"https:\/\/www.inet.edu.ar\/index.php\/wp-json\/wp\/v2\/pages\/38338","targetHints":{"allow":["GET"]}}],"collection":[{"href":"https:\/\/www.inet.edu.ar\/index.php\/wp-json\/wp\/v2\/pages"}],"about":[{"href":"https:\/\/www.inet.edu.ar\/index.php\/wp-json\/wp\/v2\/types\/page"}],"author":[{"embeddable":true,"href":"https:\/\/www.inet.edu.ar\/index.php\/wp-json\/wp\/v2\/users\/3"}],"replies":[{"embeddable":true,"href":"https:\/\/www.inet.edu.ar\/index.php\/wp-json\/wp\/v2\/comments?post=38338"}],"version-history":[{"count":25,"href":"https:\/\/www.inet.edu.ar\/index.php\/wp-json\/wp\/v2\/pages\/38338\/revisions"}],"predecessor-version":[{"id":42176,"href":"https:\/\/www.inet.edu.ar\/index.php\/wp-json\/wp\/v2\/pages\/38338\/revisions\/42176"}],"up":[{"embeddable":true,"href":"https:\/\/www.inet.edu.ar\/index.php\/wp-json\/wp\/v2\/pages\/1429"}],"wp:attachment":[{"href":"https:\/\/www.inet.edu.ar\/index.php\/wp-json\/wp\/v2\/media?parent=38338"}],"curies":[{"name":"wp","href":"https:\/\/api.w.org\/{rel}","templated":true}]}}