{"id":38740,"date":"2023-12-06T10:02:51","date_gmt":"2023-12-06T13:02:51","guid":{"rendered":"https:\/\/www.inet.edu.ar\/?page_id=38740"},"modified":"2026-02-20T09:28:44","modified_gmt":"2026-02-20T12:28:44","slug":"tablero-de-indicadores-jurisdiccionales-de-la-etp","status":"publish","type":"page","link":"https:\/\/www.inet.edu.ar\/index.php\/estudios-investigaciones\/tableros-de-datos-de-la-etp\/tablero-de-indicadores-jurisdiccionales-de-la-etp\/","title":{"rendered":"Tableros de Indicadores Jurisdiccionales de la ETP"},"content":{"rendered":"\n<p><\/p>\n\n\n\n<p><br>Los <strong>Tableros de Indicadores Jurisdiccionales de la ETP <\/strong>fueron confeccionados para proveer referencias a la evaluaci\u00f3n jurisdiccional en el marco del SiNECAI (Sistema Nacional de Evaluaci\u00f3n y Certificaci\u00f3n Integral de la Educaci\u00f3n T\u00e9cnico Profesional). <\/p>\n\n\n\n<p>Este tablero incluye indicadores de la Educaci\u00f3n T\u00e9cnico Profesional y de contexto en cada una de las jurisdicciones del pa\u00eds. Entre los indicadores de educaci\u00f3n t\u00e9cnica se encuentran los referidos a estudiantes de ETP y a unidades educativas.<\/p>\n\n\n\n<p>Para acceder al tablero 2023, <a href=\"https:\/\/app.powerbi.com\/view?r=eyJrIjoiOWRiZjYyYTQtYzAxOS00MWM1LWI1ZjItNjAyY2QyYWY3ZTkxIiwidCI6ImRhMDU0NzFhLWJiMTEtNDEzMi1iOTRkLWMwMjM3NWQyYTQxYSIsImMiOjR9&amp;pageName=3f22ccc8ede776d5bd46\" data-type=\"link\" data-id=\"https:\/\/app.powerbi.com\/view?r=eyJrIjoiOWRiZjYyYTQtYzAxOS00MWM1LWI1ZjItNjAyY2QyYWY3ZTkxIiwidCI6ImRhMDU0NzFhLWJiMTEtNDEzMi1iOTRkLWMwMjM3NWQyYTQxYSIsImMiOjR9&amp;pageName=3f22ccc8ede776d5bd46\" target=\"_blank\" rel=\"noreferrer noopener\"><strong>haga clic aqu\u00ed<\/strong><\/a><\/p>\n\n\n\n<p>Para acceder al tablero 2022, <a href=\"https:\/\/app.powerbi.com\/view?r=eyJrIjoiZjIwZDYyOGUtYWZhYi00NzlkLWJlODAtOThjMDRjYTFmNWMzIiwidCI6ImRhMDU0NzFhLWJiMTEtNDEzMi1iOTRkLWMwMjM3NWQyYTQxYSIsImMiOjR9&amp;pageName=ReportSection\" target=\"_blank\" rel=\"noreferrer noopener\"><strong>haga clic aqu\u00ed<\/strong><\/a><\/p>\n","protected":false},"excerpt":{"rendered":"<p>Los Tableros de Indicadores Jurisdiccionales de la ETP fueron confeccionados para proveer referencias a la evaluaci\u00f3n jurisdiccional en el marco del SiNECAI (Sistema Nacional de Evaluaci\u00f3n y Certificaci\u00f3n Integral de la Educaci\u00f3n T\u00e9cnico Profesional). Este tablero incluye indicadores de la Educaci\u00f3n T\u00e9cnico Profesional y de contexto en cada una de las jurisdicciones del pa\u00eds. Entre [&hellip;]<\/p>\n","protected":false},"author":3,"featured_media":0,"parent":42007,"menu_order":2,"comment_status":"closed","ping_status":"closed","template":"","meta":{"footnotes":""},"class_list":["post-38740","page","type-page","status-publish","hentry"],"_links":{"self":[{"href":"https:\/\/www.inet.edu.ar\/index.php\/wp-json\/wp\/v2\/pages\/38740","targetHints":{"allow":["GET"]}}],"collection":[{"href":"https:\/\/www.inet.edu.ar\/index.php\/wp-json\/wp\/v2\/pages"}],"about":[{"href":"https:\/\/www.inet.edu.ar\/index.php\/wp-json\/wp\/v2\/types\/page"}],"author":[{"embeddable":true,"href":"https:\/\/www.inet.edu.ar\/index.php\/wp-json\/wp\/v2\/users\/3"}],"replies":[{"embeddable":true,"href":"https:\/\/www.inet.edu.ar\/index.php\/wp-json\/wp\/v2\/comments?post=38740"}],"version-history":[{"count":11,"href":"https:\/\/www.inet.edu.ar\/index.php\/wp-json\/wp\/v2\/pages\/38740\/revisions"}],"predecessor-version":[{"id":42011,"href":"https:\/\/www.inet.edu.ar\/index.php\/wp-json\/wp\/v2\/pages\/38740\/revisions\/42011"}],"up":[{"embeddable":true,"href":"https:\/\/www.inet.edu.ar\/index.php\/wp-json\/wp\/v2\/pages\/42007"}],"wp:attachment":[{"href":"https:\/\/www.inet.edu.ar\/index.php\/wp-json\/wp\/v2\/media?parent=38740"}],"curies":[{"name":"wp","href":"https:\/\/api.w.org\/{rel}","templated":true}]}}