{"id":39072,"date":"2024-03-13T13:49:11","date_gmt":"2024-03-13T16:49:11","guid":{"rendered":"https:\/\/www.inet.edu.ar\/?page_id=39072"},"modified":"2024-03-13T13:49:43","modified_gmt":"2024-03-13T16:49:43","slug":"capacitaciones-docentes","status":"publish","type":"page","link":"https:\/\/www.inet.edu.ar\/index.php\/pronafe\/lineas-de-accion\/capacitaciones-docentes\/","title":{"rendered":"Capacitaciones Docentes"},"content":{"rendered":"\n<p>Durante el 2023, PRONAFE desarroll\u00f3 4 cursos bimensuales de modalidad semipresencial. La tem\u00e1tica desarrollada fue las Pr\u00e1cticas Profesionalizantes de la carrera de Enfermer\u00eda, tema surgido como prioritario en el Encuentro Federal de las Instituciones PRONAFE del 2023 que, posteriormente, sirvieron de base para el Marco de Referencia. Los cursos desarrollados fueron:<\/p>\n\n\n\n<ul class=\"wp-block-list\">\n<li>La Gesti\u00f3n de las pr\u00e1cticas profesionalizantes como proceso.<\/li>\n\n\n\n<li>La Diversificaci\u00f3n de las pr\u00e1cticas profesionalizantes.<\/li>\n\n\n\n<li>La Did\u00e1ctica de las pr\u00e1cticas profesionalizantes.<\/li>\n\n\n\n<li>La Evaluaci\u00f3n de las pr\u00e1cticas profesionalizantes.<\/li>\n<\/ul>\n\n\n\n<p>En 2023 se cre\u00f3 la Red Nacional de Simulaci\u00f3n Cl\u00ednica dependiente en forma conjunta de la Secretar\u00eda de Pol\u00edticas Universitarias, a trav\u00e9s de la Direcci\u00f3n Nacional de Programas de Ciencia y Vinculaci\u00f3n Tecnol\u00f3gica, y del Instituto Nacional de Educaci\u00f3n Tecnol\u00f3gica, a trav\u00e9s del PRONAFE, con el objeto de vincular profesionales de la Salud de los diferentes \u00e1mbitos acad\u00e9micos, instituciones y organizaciones para el desarrollo de la simulaci\u00f3n cl\u00ednica en la gesti\u00f3n, docencia, investigaci\u00f3n y extensi\u00f3n para contribuir a la calidad y seguridad del cuidado del paciente promoviendo el desarrollo del talento humano.<\/p>\n\n\n\n<p>El INET, en conjunto con la Secretar\u00eda de Pol\u00edticas Universitarias \u2013SPU\u2013, desarroll\u00f3 el 7 y 8 de agosto de 2023 en el Centro Cultural Kirchner, el Congreso Internacional de Simulaci\u00f3n Cl\u00ednica ReNaSiC Argentina dirigido a docentes, t\u00e9cnicos y directivos de las instituciones de ense\u00f1anza en salud para profundizar en el campo de la Simulaci\u00f3n Cl\u00ednica, conocer a expertos y colegas del \u00e1rea a nivel nacional e internacional, y contribuir al avance de la calidad y seguridad en la atenci\u00f3n sanitaria. Del Congreso participaron 1429 personas, de las cuales 710 (49%) corresponden a 69 Universidades Nacionales y Provinciales p\u00fablicas, 594 (41%) a Institutos PRONAFE, y 132 (10%) corresponden a autoridades de Salud, Educaci\u00f3n, Expositores y Rectores y Decanos.<\/p>\n\n\n\n<p><strong>Informe gr\u00e1fico Certificaciones PRONAFE<\/strong><\/p>\n\n\n\n<figure class=\"wp-block-image size-large\"><img loading=\"lazy\" decoding=\"async\" width=\"468\" height=\"290\" src=\"https:\/\/www.inet.edu.ar\/wp-content\/uploads\/2024\/03\/CapDoc-468x290.jpg\" alt=\"\" class=\"wp-image-39075\" srcset=\"https:\/\/www.inet.edu.ar\/wp-content\/uploads\/2024\/03\/CapDoc-468x290.jpg 468w, https:\/\/www.inet.edu.ar\/wp-content\/uploads\/2024\/03\/CapDoc-240x149.jpg 240w, https:\/\/www.inet.edu.ar\/wp-content\/uploads\/2024\/03\/CapDoc-768x476.jpg 768w, https:\/\/www.inet.edu.ar\/wp-content\/uploads\/2024\/03\/CapDoc.jpg 808w\" sizes=\"auto, (max-width: 468px) 100vw, 468px\" \/><\/figure>\n","protected":false},"excerpt":{"rendered":"<p>Durante el 2023, PRONAFE desarroll\u00f3 4 cursos bimensuales de modalidad semipresencial. La tem\u00e1tica desarrollada fue las Pr\u00e1cticas Profesionalizantes de la carrera de Enfermer\u00eda, tema surgido como prioritario en el Encuentro Federal de las Instituciones PRONAFE del 2023 que, posteriormente, sirvieron de base para el Marco de Referencia. Los cursos desarrollados fueron: En 2023 se cre\u00f3 [&hellip;]<\/p>\n","protected":false},"author":3,"featured_media":0,"parent":34024,"menu_order":4,"comment_status":"closed","ping_status":"closed","template":"","meta":{"footnotes":""},"class_list":["post-39072","page","type-page","status-publish","hentry"],"_links":{"self":[{"href":"https:\/\/www.inet.edu.ar\/index.php\/wp-json\/wp\/v2\/pages\/39072","targetHints":{"allow":["GET"]}}],"collection":[{"href":"https:\/\/www.inet.edu.ar\/index.php\/wp-json\/wp\/v2\/pages"}],"about":[{"href":"https:\/\/www.inet.edu.ar\/index.php\/wp-json\/wp\/v2\/types\/page"}],"author":[{"embeddable":true,"href":"https:\/\/www.inet.edu.ar\/index.php\/wp-json\/wp\/v2\/users\/3"}],"replies":[{"embeddable":true,"href":"https:\/\/www.inet.edu.ar\/index.php\/wp-json\/wp\/v2\/comments?post=39072"}],"version-history":[{"count":1,"href":"https:\/\/www.inet.edu.ar\/index.php\/wp-json\/wp\/v2\/pages\/39072\/revisions"}],"predecessor-version":[{"id":39076,"href":"https:\/\/www.inet.edu.ar\/index.php\/wp-json\/wp\/v2\/pages\/39072\/revisions\/39076"}],"up":[{"embeddable":true,"href":"https:\/\/www.inet.edu.ar\/index.php\/wp-json\/wp\/v2\/pages\/34024"}],"wp:attachment":[{"href":"https:\/\/www.inet.edu.ar\/index.php\/wp-json\/wp\/v2\/media?parent=39072"}],"curies":[{"name":"wp","href":"https:\/\/api.w.org\/{rel}","templated":true}]}}