{"id":39102,"date":"2024-03-19T13:36:21","date_gmt":"2024-03-19T16:36:21","guid":{"rendered":"https:\/\/www.inet.edu.ar\/?page_id=39102"},"modified":"2024-03-19T13:36:22","modified_gmt":"2024-03-19T16:36:22","slug":"centros-de-simulacion-clinica-regionales","status":"publish","type":"page","link":"https:\/\/www.inet.edu.ar\/index.php\/pronafe\/simulacion-clinica\/centros-de-simulacion-clinica-regionales\/","title":{"rendered":"Centros de Simulaci\u00f3n Cl\u00ednica Regionales"},"content":{"rendered":"\n<p>En el contexto del Programa Nacional de Formaci\u00f3n en Enfermer\u00eda (PRONAFE), nos hemos comprometido con la implementaci\u00f3n de Centros Regionales de Simulaci\u00f3n Cl\u00ednica, un proyecto que responde a las necesidades actuales y futuras en la formaci\u00f3n de Enfermer\u00eda en Argentina. En este sentido, el acuerdo es que la selecci\u00f3n del lugar y la construcci\u00f3n o remodelaci\u00f3n edilicia estar\u00eda a cargo de la provincia, y desde el PRONAFE se provey\u00f3 el equipamiento y la capacitaci\u00f3n.<\/p>\n\n\n\n<p>Estos centros han sido establecidos en las siguientes provincias:<\/p>\n\n\n\n<ul class=\"wp-block-list\">\n<li>Tucum\u00e1n \u2013pr\u00f3ximo a inaugurarse\u2013.<\/li>\n\n\n\n<li>Corrientes \u2013inaugurado en noviembre de 2023\u2013.<\/li>\n\n\n\n<li>Entre R\u00edos \u2013inaugurado en diciembre de 2023\u2013.<\/li>\n\n\n\n<li>Santa Fe \u2013pr\u00f3ximo a inaugurarse\u2013.<\/li>\n\n\n\n<li>Buenos Aires \u2013inaugurado en noviembre de 2023\u2013.<\/li>\n\n\n\n<li>Mendoza \u2013inaugurado en 2021\u2013.<\/li>\n\n\n\n<li>Tierra del Fuego \u2013en proceso de construcci\u00f3n\u2013.<\/li>\n<\/ul>\n\n\n\n<p>A trav\u00e9s de la articulaci\u00f3n con el CeNSiCE se han podido integrar eficazmente las pr\u00e1cticas y metodolog\u00edas de simulaci\u00f3n avanzada en los Centros Regionales, garantizando una formaci\u00f3n cohesiva y de alta calidad en todo el pa\u00eds.<\/p>\n","protected":false},"excerpt":{"rendered":"<p>En el contexto del Programa Nacional de Formaci\u00f3n en Enfermer\u00eda (PRONAFE), nos hemos comprometido con la implementaci\u00f3n de Centros Regionales de Simulaci\u00f3n Cl\u00ednica, un proyecto que responde a las necesidades actuales y futuras en la formaci\u00f3n de Enfermer\u00eda en Argentina. En este sentido, el acuerdo es que la selecci\u00f3n del lugar y la construcci\u00f3n o [&hellip;]<\/p>\n","protected":false},"author":3,"featured_media":0,"parent":34035,"menu_order":2,"comment_status":"closed","ping_status":"closed","template":"","meta":{"footnotes":""},"class_list":["post-39102","page","type-page","status-publish","hentry"],"_links":{"self":[{"href":"https:\/\/www.inet.edu.ar\/index.php\/wp-json\/wp\/v2\/pages\/39102","targetHints":{"allow":["GET"]}}],"collection":[{"href":"https:\/\/www.inet.edu.ar\/index.php\/wp-json\/wp\/v2\/pages"}],"about":[{"href":"https:\/\/www.inet.edu.ar\/index.php\/wp-json\/wp\/v2\/types\/page"}],"author":[{"embeddable":true,"href":"https:\/\/www.inet.edu.ar\/index.php\/wp-json\/wp\/v2\/users\/3"}],"replies":[{"embeddable":true,"href":"https:\/\/www.inet.edu.ar\/index.php\/wp-json\/wp\/v2\/comments?post=39102"}],"version-history":[{"count":1,"href":"https:\/\/www.inet.edu.ar\/index.php\/wp-json\/wp\/v2\/pages\/39102\/revisions"}],"predecessor-version":[{"id":39104,"href":"https:\/\/www.inet.edu.ar\/index.php\/wp-json\/wp\/v2\/pages\/39102\/revisions\/39104"}],"up":[{"embeddable":true,"href":"https:\/\/www.inet.edu.ar\/index.php\/wp-json\/wp\/v2\/pages\/34035"}],"wp:attachment":[{"href":"https:\/\/www.inet.edu.ar\/index.php\/wp-json\/wp\/v2\/media?parent=39102"}],"curies":[{"name":"wp","href":"https:\/\/api.w.org\/{rel}","templated":true}]}}