{"id":394,"date":"2012-11-20T12:57:22","date_gmt":"2012-11-20T12:57:22","guid":{"rendered":"https:\/\/www.inet.edu.ar\/?page_id=394"},"modified":"2016-05-24T16:47:18","modified_gmt":"2016-05-24T19:47:18","slug":"encuesta-nacional-2011","status":"publish","type":"page","link":"https:\/\/www.inet.edu.ar\/index.php\/estudios-investigaciones\/sistema-de-seguimiento-de-egresados\/encuesta-nacional-2011\/","title":{"rendered":"Etapa 2: Encuesta Nacional de Inserci\u00f3n de Egresados 2011"},"content":{"rendered":"<p>&nbsp;<\/p>\n<p><strong>\u00bfQu\u00e9 es la Encuesta Nacional de Inserci\u00f3n de Egresados (2011)?<\/strong><\/p>\n<p>Es una encuesta a alumnos que durante el a\u00f1o 2009 estaban cursando su \u00faltimo a\u00f1o de estudio en escuelas secundarias t\u00e9cnicas y que fueron censados en sus escuelas.<\/p>\n<p>Los casos seleccionados para cada una de las modalidades \u2013telef\u00f3nica, web y domiciliaria\u2013 corresponden a una muestra del universo relevado por el CENUAETP 2009.<\/p>\n<p>&nbsp;<\/p>\n<p>Los objetivos de la encuesta fueron:<\/p>\n<ul>\n<li>Comparar los resultados de la encuesta con la informaci\u00f3n que brind\u00f3 el CENUAETP 2009 para conocer cu\u00e1l ha sido el recorrido seguido por los egresados y bajo qu\u00e9 condiciones se produjo el tr\u00e1nsito de la escuela al trabajo y a los estudios de nivel Superior.<\/li>\n<li>Actualizar el directorio, elaborado a partir del CENUAETP 2009, que servir\u00eda de base para una tercera etapa de estudios de seguimiento relativos a sus trayectorias educativas y laborales ya que dentro de dos a\u00f1os volver\u00edan a ser contactados Para cada una de estas modalidades, se dise\u00f1aron muestras espec\u00edficas, respetando par\u00e1metros por sexo, provincia y orientaci\u00f3n de estudios cursada. En los tres casos se utiliz\u00f3 un mismo cuestionario, adaptado para cada una de las modalidades.<\/li>\n<\/ul>\n<p>&nbsp;<\/p>\n<p>Los principales temas indagados a trav\u00e9s de la ENIE 2011 fueron:<\/p>\n<ul>\n<li>Datos personales del encuestado (domicilio, correo electr\u00f3nico y otros para eventualmente hallarlo en futuros estudios).<\/li>\n<li>Caracter\u00edsticas sociodemogr\u00e1ficas del encuestado (sexo, edad, lugar de nacimiento), de sus padres (edad, actividad econ\u00f3mica, nivel educativo).<\/li>\n<li>Rendimiento de la escuela secundaria t\u00e9cnica (si hab\u00edan egresado o ten\u00edan pendientes materias por rendir).<\/li>\n<li>Estudios superiores (tipo de carrera: universitaria, terciarios, otros, y rama de estudios elegida).<\/li>\n<li>Situaci\u00f3n laboral al momento (condici\u00f3n de actividad, tipo de ocupaci\u00f3n).<\/li>\n<li>Otras actividades (de recreaci\u00f3n, deportivas, culturales, etc.).<\/li>\n<\/ul>\n<p>&nbsp;<\/p>\n<p>Las modalidades de recolecci\u00f3n de datos de esta encuesta fueron tres:<\/p>\n<ul>\n<li>v\u00eda telef\u00f3nica;<\/li>\n<li>v\u00eda web;<\/li>\n<li>v\u00eda domiciliaria.<\/li>\n<\/ul>\n<p>&nbsp;<\/p>\n<p><strong><span style=\"line-height: 14.699999809265137px;\">Documentos relacionados<\/span><\/strong><\/p>\n<ul>\n<li><a style=\"line-height: 1.21em;\" href=\"https:\/\/www.inet.edu.ar\/wp-content\/uploads\/2012\/11\/Cuestionario-Domciliario-ENIE-2011_AL-A\u00d1O-Y-MEDIO-DE-EGRESAR.pdf\">Cuestionario Domiciliario ENIE 2011<\/a><\/li>\n<li><a style=\"line-height: 1.21em;\" href=\"https:\/\/www.inet.edu.ar\/wp-content\/uploads\/2012\/11\/Cuestionario-ENIE-2011_AL-A\u00d1O-Y-MEDIO-DE-EGRESAR.pdf\">Cuestionario ENIE 2011<\/a><\/li>\n<li><a href=\"https:\/\/www.inet.edu.ar\/wp-content\/uploads\/2012\/11\/Acceso-a-estudios-sup-y-trabajo-Conf-Prensa-Ministro-agosto-2012.pdf\">Acceso a estudios superioes y trabajo (Conf. Prensa Ministro agosto 2012)<\/a><\/li>\n<li><a style=\"line-height: 1.21em;\" href=\"https:\/\/www.inet.edu.ar\/wp-content\/uploads\/2012\/11\/GRAF_Terminalidad-a-18-meses-de-terminar-\u00faltimo-a\u00f1o-de-ETP_AL-A\u00d1O-Y-MEDIO-DE-EGRESAR.pdf\">GRAF_Terminalidad a 18 meses de terminar \u00faltimo a\u00f1o de ETP<\/a><\/li>\n<li><a style=\"line-height: 1.21em;\" href=\"https:\/\/www.inet.edu.ar\/wp-content\/uploads\/2012\/11\/Presentacion_SEGETP_Una-experiencia-de-seguimiento-de-egresados_AL-A\u00d1O-Y-MEDIO-DE-EGRESAR.pdf\">Presentaci\u00f3n_SEGETP_Una experiencia de seguimiento de egresados<\/a><\/li>\n<li><a href=\"https:\/\/www.inet.edu.ar\/wp-content\/uploads\/2012\/11\/informe-ENIE-2011-seg\u00fan-prov-y-esp.pdf\">Informe ENIE 2011 seg\u00fan provincia y especialidad<\/a><\/li>\n<li><a style=\"line-height: 1.21em;\" href=\"https:\/\/www.inet.edu.ar\/wp-content\/uploads\/2012\/11\/Serie-Notas-Breves-Egresados-_ACTIVIDAD-ECONOMICA.pdf\">Serie Notas Breves Egresados _ACTIVIDAD ECON\u00d3MICA<\/a><\/li>\n<li><a style=\"line-height: 1.21em;\" href=\"https:\/\/www.inet.edu.ar\/wp-content\/uploads\/2012\/11\/Serie-Notas-Breves-Egresados-_INSERCION-EDUCATIVA.pdf\">Serie Notas Breves Egresados _INSERCI\u00d3N EDUCATIVA<\/a><\/li>\n<li><a style=\"line-height: 1.21em;\" href=\"https:\/\/www.inet.edu.ar\/wp-content\/uploads\/2012\/11\/Serie-Notas-Breves-Egresados-_OCUPACION.pdf\">Serie Notas Breves Egresados _OCUPACI\u00d3N<\/a><\/li>\n<li><a style=\"line-height: 1.21em;\" href=\"https:\/\/www.inet.edu.ar\/wp-content\/uploads\/2012\/11\/Serie-Notas-Breves-Egresados-_PERFIL-EDUCATIVO.pdf\">Serie Notas Breves Egresados _PERFIL EDUCATIVO<\/a><\/li>\n<li><a style=\"line-height: 1.21em;\" href=\"https:\/\/www.inet.edu.ar\/wp-content\/uploads\/2012\/11\/Serie-Notas-Breves-Egresados-_TERMINALIDAD.pdf\">Serie Notas Breves Egresados _TERMINALIDAD<\/a><\/li>\n<li><a style=\"line-height: 1.21em;\" href=\"https:\/\/www.inet.edu.ar\/wp-content\/uploads\/2012\/11\/Serie-Notas-Breves-Egresados_DEMOGRAFICO.pdf\">Serie Notas Breves Egresados_DEMOGR\u00c1FICO<\/a><\/li>\n<li><a style=\"line-height: 1.21em;\" href=\"https:\/\/www.inet.edu.ar\/wp-content\/uploads\/2012\/11\/Serie-Notas-Breves-Egresados_NO-TRABAJAN-NI-ESTUDIAN.pdf\">Serie Notas Breves Egresados_NO TRABAJAN NI ESTUDIAN<\/a><\/li>\n<li><a style=\"line-height: 1.21em;\" href=\"https:\/\/www.inet.edu.ar\/wp-content\/uploads\/2012\/11\/Serie-Notas-Breves-Egresados_TRABAJAN-Y-ESTUDIAN.pdf\">Serie Notas Breves Egresados_TRABAJAN Y ESTUDIAN<\/a><\/li>\n<li><a href=\"https:\/\/www.inet.edu.ar\/wp-content\/uploads\/2012\/11\/2013-Educaci\u00f3n-Cifras-WEB-31-3-141.pdf\">Terminalidad e inserci\u00f3n en estudios postsecundarios de los alumnos de Educaci\u00f3n T\u00e9cnico Profesional<\/a><\/li>\n<\/ul>\n<p>&nbsp;<\/p>\n","protected":false},"excerpt":{"rendered":"<p>&nbsp; \u00bfQu\u00e9 es la Encuesta Nacional de Inserci\u00f3n de Egresados (2011)? Es una encuesta a alumnos que durante el a\u00f1o 2009 estaban cursando su \u00faltimo a\u00f1o de estudio en escuelas secundarias t\u00e9cnicas y que fueron censados en sus escuelas. Los casos seleccionados para cada una de las modalidades \u2013telef\u00f3nica, web y domiciliaria\u2013 corresponden a una [&hellip;]<\/p>\n","protected":false},"author":3,"featured_media":0,"parent":382,"menu_order":2,"comment_status":"closed","ping_status":"open","template":"","meta":{"footnotes":""},"class_list":["post-394","page","type-page","status-publish","hentry"],"_links":{"self":[{"href":"https:\/\/www.inet.edu.ar\/index.php\/wp-json\/wp\/v2\/pages\/394","targetHints":{"allow":["GET"]}}],"collection":[{"href":"https:\/\/www.inet.edu.ar\/index.php\/wp-json\/wp\/v2\/pages"}],"about":[{"href":"https:\/\/www.inet.edu.ar\/index.php\/wp-json\/wp\/v2\/types\/page"}],"author":[{"embeddable":true,"href":"https:\/\/www.inet.edu.ar\/index.php\/wp-json\/wp\/v2\/users\/3"}],"replies":[{"embeddable":true,"href":"https:\/\/www.inet.edu.ar\/index.php\/wp-json\/wp\/v2\/comments?post=394"}],"version-history":[{"count":15,"href":"https:\/\/www.inet.edu.ar\/index.php\/wp-json\/wp\/v2\/pages\/394\/revisions"}],"predecessor-version":[{"id":12143,"href":"https:\/\/www.inet.edu.ar\/index.php\/wp-json\/wp\/v2\/pages\/394\/revisions\/12143"}],"up":[{"embeddable":true,"href":"https:\/\/www.inet.edu.ar\/index.php\/wp-json\/wp\/v2\/pages\/382"}],"wp:attachment":[{"href":"https:\/\/www.inet.edu.ar\/index.php\/wp-json\/wp\/v2\/media?parent=394"}],"curies":[{"name":"wp","href":"https:\/\/api.w.org\/{rel}","templated":true}]}}