{"id":4008,"date":"2014-07-02T12:49:25","date_gmt":"2014-07-02T15:49:25","guid":{"rendered":"https:\/\/www.inet.edu.ar\/?page_id=4008"},"modified":"2015-01-26T13:23:35","modified_gmt":"2015-01-26T16:23:35","slug":"guia-federal-de-orientaciones","status":"publish","type":"page","link":"https:\/\/www.inet.edu.ar\/index.php\/politicas-transversales\/guia-federal-de-orientaciones\/","title":{"rendered":"Gu\u00eda Federal de Orientaciones"},"content":{"rendered":"<p><strong>Gu\u00eda Federal de Orientaciones para la intervenci\u00f3n educativa en situaciones complejas relacionadas con la vida escola<\/strong>r<\/p>\n<p>Esta Gu\u00eda se elabor\u00f3 federalmente con el fin de ofrecer a las y los docentes una orientaci\u00f3n que les permita dise\u00f1ar estrategias para una convivencia democr\u00e1tica que respete el cuidado de todas las personas. Esta construcci\u00f3n, por supuesto, ser\u00e1 consecuencia de reflexiones docentes colectivas, ya que entendemos que una convivencia escolar que permite que todos y todas se sientan parte de la escuela implica un compromiso individual por parte de cada uno de sus integrantes.<\/p>\n<p><strong>Material para descargar: Primera y segunda parte de la Gu\u00eda Federal de Orientaciones.<\/strong><\/p>\n<ul>\n<li><a href=\"http:\/\/portal.educacion.gov.ar\/files\/2014\/05\/1-web-Gui%CC%81a-interior-FINAL-u%CC%81ltmas-FINALES-correcciones.pdf\"><span style=\"line-height: 1.21em;\">Gu\u00eda 1<\/span><\/a><\/li>\n<li><a href=\"http:\/\/portal.educacion.gov.ar\/files\/2014\/05\/2-Gui%CC%81a-web-interior-FINAL-u%CC%81ltima-FINAL-correccio%CC%81n.pdf\"><span style=\"line-height: 1.21em;\">Gu\u00eda 2<\/span><\/a><\/li>\n<\/ul>\n<p><strong><span style=\"line-height: 1.21em;\">Material para visualizar<\/span><\/strong><\/p>\n<ul>\n<li><a href=\"http:\/\/portal.educacion.gov.ar\/files\/2014\/05\/lamina02web2.png\"><span style=\"line-height: 1.21em;\">Gr\u00e1fico 1<\/span><\/a><\/li>\n<li><a href=\"http:\/\/portal.educacion.gov.ar\/files\/2014\/05\/lamina01web2.png\"><span style=\"line-height: 1.21em;\">Gr\u00e1fico 2<\/span><\/a><\/li>\n<\/ul>\n<p><strong style=\"line-height: 1.21em;\">Material para consultar: Mapa Escuela y Comunidad<\/strong><\/p>\n<p><a href=\"http:\/\/desarrollo.mapaeducativo.edu.ar\/escuela_comunidad\/index.php\"><img loading=\"lazy\" decoding=\"async\" class=\"alignnone size-full wp-image-4014\" title=\"mapa_educativo\" src=\"https:\/\/www.inet.edu.ar\/wp-content\/uploads\/2014\/07\/mapa_educativo.jpg\" alt=\"\" width=\"191\" height=\"35\" \/><\/a><\/p>\n<p><strong><span style=\"line-height: 1.21em;\">\u00a0<\/span><\/strong><strong style=\"line-height: 1.21em;\">Material para descargar:<\/strong><\/p>\n<ul>\n<li><a href=\"https:\/\/www.inet.edu.ar\/guia-federal-de-orientaciones\/attachment\/marco-juridico-2\/\" rel=\"attachment wp-att-4018\">Marco Jur\u00eddico Nacional<\/a><\/li>\n<\/ul>\n<p><strong>Para m\u00e1s informaci\u00f3n<\/strong><\/p>\n<p><a href=\"http:\/\/portal.educacion.gov.ar\/?p=1478\"><strong>WEB del Ministerio de Educaci\u00f3n<\/strong><\/a><\/p>\n<p>&nbsp;<\/p>\n<p>&nbsp;<\/p>\n","protected":false},"excerpt":{"rendered":"<p>Gu\u00eda Federal de Orientaciones para la intervenci\u00f3n educativa en situaciones complejas relacionadas con la vida escolar Esta Gu\u00eda se elabor\u00f3 federalmente con el fin de ofrecer a las y los docentes una orientaci\u00f3n que les permita dise\u00f1ar estrategias para una convivencia democr\u00e1tica que respete el cuidado de todas las personas. Esta construcci\u00f3n, por supuesto, ser\u00e1 [&hellip;]<\/p>\n","protected":false},"author":3,"featured_media":0,"parent":1462,"menu_order":4,"comment_status":"closed","ping_status":"open","template":"","meta":{"footnotes":""},"class_list":["post-4008","page","type-page","status-publish","hentry"],"_links":{"self":[{"href":"https:\/\/www.inet.edu.ar\/index.php\/wp-json\/wp\/v2\/pages\/4008","targetHints":{"allow":["GET"]}}],"collection":[{"href":"https:\/\/www.inet.edu.ar\/index.php\/wp-json\/wp\/v2\/pages"}],"about":[{"href":"https:\/\/www.inet.edu.ar\/index.php\/wp-json\/wp\/v2\/types\/page"}],"author":[{"embeddable":true,"href":"https:\/\/www.inet.edu.ar\/index.php\/wp-json\/wp\/v2\/users\/3"}],"replies":[{"embeddable":true,"href":"https:\/\/www.inet.edu.ar\/index.php\/wp-json\/wp\/v2\/comments?post=4008"}],"version-history":[{"count":5,"href":"https:\/\/www.inet.edu.ar\/index.php\/wp-json\/wp\/v2\/pages\/4008\/revisions"}],"predecessor-version":[{"id":6188,"href":"https:\/\/www.inet.edu.ar\/index.php\/wp-json\/wp\/v2\/pages\/4008\/revisions\/6188"}],"up":[{"embeddable":true,"href":"https:\/\/www.inet.edu.ar\/index.php\/wp-json\/wp\/v2\/pages\/1462"}],"wp:attachment":[{"href":"https:\/\/www.inet.edu.ar\/index.php\/wp-json\/wp\/v2\/media?parent=4008"}],"curies":[{"name":"wp","href":"https:\/\/api.w.org\/{rel}","templated":true}]}}