{"id":40426,"date":"2025-01-30T09:43:32","date_gmt":"2025-01-30T12:43:32","guid":{"rendered":"https:\/\/www.inet.edu.ar\/?page_id=40426"},"modified":"2026-03-18T15:37:55","modified_gmt":"2026-03-18T18:37:55","slug":"dnetp","status":"publish","type":"page","link":"https:\/\/www.inet.edu.ar\/index.php\/institucional\/direccion-ejecutiva\/dnetp\/","title":{"rendered":"Direcci\u00f3n Nacional de Dise\u00f1o Pedag\u00f3gico para la Educaci\u00f3n T\u00e9cnico Profesional"},"content":{"rendered":"\n<p>Sus principales funciones son:<\/p>\n\n\n\n<ul class=\"wp-block-list\">\n<li>Dise\u00f1ar, promover y regular programas de formaci\u00f3n para los estudiantes en \u00e1reas t\u00e9cnicas y profesionales, adapt\u00e1ndose a las demandas del mercado laboral y las necesidades del contexto social y econ\u00f3mico.<br><\/li>\n\n\n\n<li>Validar la acreditaci\u00f3n de t\u00edtulos t\u00e9cnicos, asegurando que las certificaciones otorgadas sean de calidad y se ajusten a los est\u00e1ndares nacionales e internacionales.<br><\/li>\n\n\n\n<li>Implementar programas de actualizaci\u00f3n y formaci\u00f3n continua para los docentes de la educaci\u00f3n t\u00e9cnico-profesional, garantizando que est\u00e9n al tanto de las \u00faltimas tecnolog\u00edas y metodolog\u00edas de ense\u00f1anza.<br><\/li>\n\n\n\n<li>Facilitar la articulaci\u00f3n entre los centros educativos y las empresas del sector productivo, buscando fomentar pr\u00e1cticas educativas que respondan a las necesidades reales del mercado y fomenten el empleo de los egresados.<br><\/li>\n\n\n\n<li>Impulsar la incorporaci\u00f3n de nuevas tecnolog\u00edas y herramientas pedag\u00f3gicas en las aulas, as\u00ed como la actualizaci\u00f3n constante de los programas de estudios.<br><\/li>\n\n\n\n<li>Desarrollar proyectos de investigaci\u00f3n relacionados con la educaci\u00f3n t\u00e9cnica y profesional, adem\u00e1s de evaluar de manera continua los resultados de las pol\u00edticas implementadas, con el fin de optimizar las acciones.<br><\/li>\n\n\n\n<li>Fomentar la modalidad de formaci\u00f3n dual, que combina el aprendizaje en el aula con la experiencia de pr\u00e1ctica en empresas, mejorando la empleabilidad de los estudiantes.<\/li>\n<\/ul>\n","protected":false},"excerpt":{"rendered":"<p>Sus principales funciones son:<\/p>\n","protected":false},"author":3,"featured_media":0,"parent":32468,"menu_order":1,"comment_status":"closed","ping_status":"closed","template":"","meta":{"footnotes":""},"class_list":["post-40426","page","type-page","status-publish","hentry"],"_links":{"self":[{"href":"https:\/\/www.inet.edu.ar\/index.php\/wp-json\/wp\/v2\/pages\/40426","targetHints":{"allow":["GET"]}}],"collection":[{"href":"https:\/\/www.inet.edu.ar\/index.php\/wp-json\/wp\/v2\/pages"}],"about":[{"href":"https:\/\/www.inet.edu.ar\/index.php\/wp-json\/wp\/v2\/types\/page"}],"author":[{"embeddable":true,"href":"https:\/\/www.inet.edu.ar\/index.php\/wp-json\/wp\/v2\/users\/3"}],"replies":[{"embeddable":true,"href":"https:\/\/www.inet.edu.ar\/index.php\/wp-json\/wp\/v2\/comments?post=40426"}],"version-history":[{"count":4,"href":"https:\/\/www.inet.edu.ar\/index.php\/wp-json\/wp\/v2\/pages\/40426\/revisions"}],"predecessor-version":[{"id":42036,"href":"https:\/\/www.inet.edu.ar\/index.php\/wp-json\/wp\/v2\/pages\/40426\/revisions\/42036"}],"up":[{"embeddable":true,"href":"https:\/\/www.inet.edu.ar\/index.php\/wp-json\/wp\/v2\/pages\/32468"}],"wp:attachment":[{"href":"https:\/\/www.inet.edu.ar\/index.php\/wp-json\/wp\/v2\/media?parent=40426"}],"curies":[{"name":"wp","href":"https:\/\/api.w.org\/{rel}","templated":true}]}}