{"id":40428,"date":"2025-01-30T11:12:30","date_gmt":"2025-01-30T14:12:30","guid":{"rendered":"https:\/\/www.inet.edu.ar\/?page_id=40428"},"modified":"2026-03-18T15:39:07","modified_gmt":"2026-03-18T18:39:07","slug":"dnetyp","status":"publish","type":"page","link":"https:\/\/www.inet.edu.ar\/index.php\/institucional\/direccion-ejecutiva\/dnetyp\/","title":{"rendered":"Direcci\u00f3n Nacional de Desarrollo Socio Productivo para la Educaci\u00f3n T\u00e9cnico Profesional"},"content":{"rendered":"\n<p><br>Sus principales funciones son:<\/p>\n\n\n\n<ul class=\"wp-block-list\">\n<li>Gestionar la colaboraci\u00f3n y conciliar los intereses de los sectores productivos y actores sociales en materia de Educaci\u00f3n T\u00e9cnico Profesional (ETP).<br><\/li>\n\n\n\n<li>Promover la vinculaci\u00f3n de la ETP con el mundo laboral a trav\u00e9s de las entidades que cada miembro representa.<br><\/li>\n\n\n\n<li>Articular los programas que promueven las l\u00edneas de acci\u00f3n entre la Educaci\u00f3n T\u00e9cnico Profesional con los sectores productivos y las organizaciones sociales.<br><\/li>\n\n\n\n<li>Desarrollar programas que permitan la generaci\u00f3n y aplicaci\u00f3n de fuentes de financiamiento para el desarrollo de la ETP.<br><\/li>\n\n\n\n<li>Dialogar, articular y consensuar l\u00edneas de acci\u00f3n con los referentes t\u00e9cnico-pol\u00edtico jurisdiccionales de todo el pa\u00eds para un mejor funcionamiento de la ETP.<br><\/li>\n\n\n\n<li>Asesorar en los procesos de integraci\u00f3n regional de la ETP, en el Mercosur u otros acuerdos o bloques regionales que se constituyan, tanto multilaterales como bilaterales.<br><\/li>\n\n\n\n<li>Implementar pol\u00edticas de inclusi\u00f3n que faciliten la inserci\u00f3n a la Educaci\u00f3n T\u00e9cnico Profesional en \u00e1reas de dif\u00edcil acceso y en contextos de vulnerabilidad social y econ\u00f3mica.<br><\/li>\n\n\n\n<li>Acompa\u00f1ar a la secretar\u00eda Permanente del Consejo Nacional de Educaci\u00f3n, Trabajo y Producci\u00f3n en la generaci\u00f3n de l\u00edneas de trabajo que garanticen el dise\u00f1o de nuevos Consejos Sectoriales en articulaci\u00f3n estrat\u00e9gica con las jurisdicciones.<br><\/li>\n\n\n\n<li>Generar acuerdos de cooperaci\u00f3n con dependencias estatales, provinciales, municipales e instituciones de Educaci\u00f3n Superior que permitan fortalecerse mutuamente entre la ETP y la educaci\u00f3n superior.<\/li>\n<\/ul>\n","protected":false},"excerpt":{"rendered":"<p>Sus principales funciones son:<\/p>\n","protected":false},"author":3,"featured_media":0,"parent":32468,"menu_order":2,"comment_status":"closed","ping_status":"closed","template":"","meta":{"footnotes":""},"class_list":["post-40428","page","type-page","status-publish","hentry"],"_links":{"self":[{"href":"https:\/\/www.inet.edu.ar\/index.php\/wp-json\/wp\/v2\/pages\/40428","targetHints":{"allow":["GET"]}}],"collection":[{"href":"https:\/\/www.inet.edu.ar\/index.php\/wp-json\/wp\/v2\/pages"}],"about":[{"href":"https:\/\/www.inet.edu.ar\/index.php\/wp-json\/wp\/v2\/types\/page"}],"author":[{"embeddable":true,"href":"https:\/\/www.inet.edu.ar\/index.php\/wp-json\/wp\/v2\/users\/3"}],"replies":[{"embeddable":true,"href":"https:\/\/www.inet.edu.ar\/index.php\/wp-json\/wp\/v2\/comments?post=40428"}],"version-history":[{"count":8,"href":"https:\/\/www.inet.edu.ar\/index.php\/wp-json\/wp\/v2\/pages\/40428\/revisions"}],"predecessor-version":[{"id":42037,"href":"https:\/\/www.inet.edu.ar\/index.php\/wp-json\/wp\/v2\/pages\/40428\/revisions\/42037"}],"up":[{"embeddable":true,"href":"https:\/\/www.inet.edu.ar\/index.php\/wp-json\/wp\/v2\/pages\/32468"}],"wp:attachment":[{"href":"https:\/\/www.inet.edu.ar\/index.php\/wp-json\/wp\/v2\/media?parent=40428"}],"curies":[{"name":"wp","href":"https:\/\/api.w.org\/{rel}","templated":true}]}}