{"id":40653,"date":"2025-04-08T16:32:56","date_gmt":"2025-04-08T19:32:56","guid":{"rendered":"https:\/\/www.inet.edu.ar\/?page_id=40653"},"modified":"2025-04-11T14:46:01","modified_gmt":"2025-04-11T17:46:01","slug":"modelos-de-presentacion","status":"publish","type":"page","link":"https:\/\/www.inet.edu.ar\/index.php\/credito-fiscal\/modelos-de-presentacion\/","title":{"rendered":"Modelos de presentaci\u00f3n"},"content":{"rendered":"\n<p><br><\/p>\n\n\n\n<p>Asignaci\u00f3n de Monto por Patrocinador: <a href=\"https:\/\/www.inet.edu.ar\/wp-content\/uploads\/2025\/04\/MODELO_ASIGNACION-MONTO-PATROCINADOR.zip\" data-type=\"link\" data-id=\"https:\/\/www.inet.edu.ar\/wp-content\/uploads\/2025\/04\/MODELO_ASIGNACION-MONTO-PATROCINADOR.zip\" target=\"_blank\" rel=\"noreferrer noopener\"><strong>Bajar Archivo<\/strong><\/a><\/p>\n\n\n\n<p>Autorizaci\u00f3n de Firmas: <strong><a href=\"https:\/\/www.inet.edu.ar\/wp-content\/uploads\/2025\/04\/MODELO_AUTORIZACION-FIRMAS.zip\" data-type=\"link\" data-id=\"https:\/\/www.inet.edu.ar\/wp-content\/uploads\/2025\/04\/MODELO_AUTORIZACION-FIRMAS.zip\" target=\"_blank\" rel=\"noreferrer noopener\">Bajar Archivo<\/a><\/strong><\/p>\n\n\n\n<p>Carta Compromiso General: <a href=\"https:\/\/www.inet.edu.ar\/wp-content\/uploads\/2025\/04\/MODELO_CARTA-COMPROMISO-GENERAL.zip\" data-type=\"link\" data-id=\"https:\/\/www.inet.edu.ar\/wp-content\/uploads\/2025\/04\/MODELO_CARTA-COMPROMISO-GENERAL.zip\" target=\"_blank\" rel=\"noreferrer noopener\"><strong>Bajar Archivo<\/strong><\/a><\/p>\n\n\n\n<p>Certificaci\u00f3n Contable: <a href=\"https:\/\/www.inet.edu.ar\/wp-content\/uploads\/2025\/04\/MODELO_CERTIFICACION-CONTABLE.zip\" data-type=\"link\" data-id=\"https:\/\/www.inet.edu.ar\/wp-content\/uploads\/2025\/04\/MODELO_CERTIFICACION-CONTABLE.zip\" target=\"_blank\" rel=\"noreferrer noopener\"><strong>Bajar Archivo<\/strong><\/a><\/p>\n\n\n\n<p>Certificaci\u00f3n de Egresos: <strong><a href=\"https:\/\/www.inet.edu.ar\/wp-content\/uploads\/2025\/04\/MODELO_CERTIFICACION-EGRESOS.zip\" data-type=\"link\" data-id=\"https:\/\/www.inet.edu.ar\/wp-content\/uploads\/2025\/04\/MODELO_CERTIFICACION-EGRESOS.zip\" target=\"_blank\" rel=\"noreferrer noopener\">Bajar Archivo<\/a><\/strong><\/p>\n\n\n\n<p>Compra Patrocinador Proveedor Acciones Formativas: <a href=\"https:\/\/www.inet.edu.ar\/wp-content\/uploads\/2025\/04\/MODELO_COMPRA-PATROCINADOR-PROVEEDOR-AAFF.zip\" data-type=\"link\" data-id=\"https:\/\/www.inet.edu.ar\/wp-content\/uploads\/2025\/04\/MODELO_COMPRA-PATROCINADOR-PROVEEDOR-AAFF.zip\" target=\"_blank\" rel=\"noreferrer noopener\"><strong>Bajar Archivo<\/strong><\/a><\/p>\n\n\n\n<p>Compra Patrocinador Proveedor: <a href=\"https:\/\/www.inet.edu.ar\/wp-content\/uploads\/2025\/04\/MODELO_COMPRA-PATROCINADOR-PROVEEDOR.zip\" data-type=\"link\" data-id=\"https:\/\/www.inet.edu.ar\/wp-content\/uploads\/2025\/04\/MODELO_COMPRA-PATROCINADOR-PROVEEDOR.zip\" target=\"_blank\" rel=\"noreferrer noopener\"><strong>Bajar Archivo<\/strong><\/a><\/p>\n\n\n\n<p>Declaraci\u00f3n Jurada de Bienes e Inventario: <strong><a href=\"https:\/\/www.inet.edu.ar\/wp-content\/uploads\/2025\/04\/MODELO_DDJJ-BIENES-E-INVENTARIO.zip\" data-type=\"link\" data-id=\"https:\/\/www.inet.edu.ar\/wp-content\/uploads\/2025\/04\/MODELO_DDJJ-BIENES-E-INVENTARIO.zip\" target=\"_blank\" rel=\"noreferrer noopener\">Bajar Archivo<\/a><\/strong><\/p>\n\n\n\n<p>Declaraci\u00f3n Jurada de Cuenta Bancaria para Instituciones Educativas: <strong><a href=\"https:\/\/www.inet.edu.ar\/wp-content\/uploads\/2025\/04\/MODELO_DDJJ-CUENTA-BANCARIA-IE.zip\" data-type=\"link\" data-id=\"https:\/\/www.inet.edu.ar\/wp-content\/uploads\/2025\/04\/MODELO_DDJJ-CUENTA-BANCARIA-IE.zip\" target=\"_blank\" rel=\"noreferrer noopener\">Bajar Archivo<\/a><\/strong><\/p>\n\n\n\n<p>Declaraci\u00f3n Jurada para Grandes Empresas: <a href=\"https:\/\/www.inet.edu.ar\/wp-content\/uploads\/2025\/04\/MODELO_DDJJ-TAMANO-EMPRESAS-GRANDES.zip\" data-type=\"link\" data-id=\"https:\/\/www.inet.edu.ar\/wp-content\/uploads\/2025\/04\/MODELO_DDJJ-TAMANO-EMPRESAS-GRANDES.zip\" target=\"_blank\" rel=\"noreferrer noopener\"><strong>Bajar Archivo<\/strong><\/a><\/p>\n\n\n\n<p>Declaraci\u00f3n Jurada Tama\u00f1o de MIPYMES: <a href=\"https:\/\/www.inet.edu.ar\/wp-content\/uploads\/2025\/04\/MODELO_DDJJ-TAMANO-MIPYMES.zip\" data-type=\"link\" data-id=\"https:\/\/www.inet.edu.ar\/wp-content\/uploads\/2025\/04\/MODELO_DDJJ-TAMANO-MIPYMES.zip\" target=\"_blank\" rel=\"noreferrer noopener\"><strong>Bajar Archivo<\/strong><\/a><\/p>\n\n\n\n<p>Declaraci\u00f3n Jurada de No Imputaci\u00f3n de IVA: <a href=\"https:\/\/www.inet.edu.ar\/wp-content\/uploads\/2025\/04\/MODELO_NO-IMPUTACION-IVA.zip\" data-type=\"link\" data-id=\"https:\/\/www.inet.edu.ar\/wp-content\/uploads\/2025\/04\/MODELO_NO-IMPUTACION-IVA.zip\" target=\"_blank\" rel=\"noreferrer noopener\"><strong>Bajar Archivo<\/strong><\/a><\/p>\n\n\n\n<p>Nota Aval de Otras Instituciones: <a href=\"https:\/\/www.inet.edu.ar\/wp-content\/uploads\/2025\/04\/MODELO_NOTA-AVAL-OTRAS-INSTITUCIONES.zip\" data-type=\"link\" data-id=\"https:\/\/www.inet.edu.ar\/wp-content\/uploads\/2025\/04\/MODELO_NOTA-AVAL-OTRAS-INSTITUCIONES.zip\" target=\"_blank\" rel=\"noreferrer noopener\"><strong>Bajar Archivo<\/strong><\/a><\/p>\n\n\n\n<p><\/p>\n\n\n\n<p><\/p>\n","protected":false},"excerpt":{"rendered":"<p>Asignaci\u00f3n de Monto por Patrocinador: Bajar Archivo Autorizaci\u00f3n de Firmas: Bajar Archivo Carta Compromiso General: Bajar Archivo Certificaci\u00f3n Contable: Bajar Archivo Certificaci\u00f3n de Egresos: Bajar Archivo Compra Patrocinador Proveedor Acciones Formativas: Bajar Archivo Compra Patrocinador Proveedor: Bajar Archivo Declaraci\u00f3n Jurada de Bienes e Inventario: Bajar Archivo Declaraci\u00f3n Jurada de Cuenta Bancaria para Instituciones Educativas: Bajar [&hellip;]<\/p>\n","protected":false},"author":15,"featured_media":0,"parent":96,"menu_order":2,"comment_status":"closed","ping_status":"closed","template":"","meta":{"footnotes":""},"class_list":["post-40653","page","type-page","status-publish","hentry"],"_links":{"self":[{"href":"https:\/\/www.inet.edu.ar\/index.php\/wp-json\/wp\/v2\/pages\/40653","targetHints":{"allow":["GET"]}}],"collection":[{"href":"https:\/\/www.inet.edu.ar\/index.php\/wp-json\/wp\/v2\/pages"}],"about":[{"href":"https:\/\/www.inet.edu.ar\/index.php\/wp-json\/wp\/v2\/types\/page"}],"author":[{"embeddable":true,"href":"https:\/\/www.inet.edu.ar\/index.php\/wp-json\/wp\/v2\/users\/15"}],"replies":[{"embeddable":true,"href":"https:\/\/www.inet.edu.ar\/index.php\/wp-json\/wp\/v2\/comments?post=40653"}],"version-history":[{"count":3,"href":"https:\/\/www.inet.edu.ar\/index.php\/wp-json\/wp\/v2\/pages\/40653\/revisions"}],"predecessor-version":[{"id":40687,"href":"https:\/\/www.inet.edu.ar\/index.php\/wp-json\/wp\/v2\/pages\/40653\/revisions\/40687"}],"up":[{"embeddable":true,"href":"https:\/\/www.inet.edu.ar\/index.php\/wp-json\/wp\/v2\/pages\/96"}],"wp:attachment":[{"href":"https:\/\/www.inet.edu.ar\/index.php\/wp-json\/wp\/v2\/media?parent=40653"}],"curies":[{"name":"wp","href":"https:\/\/api.w.org\/{rel}","templated":true}]}}