{"id":40660,"date":"2025-04-08T17:15:40","date_gmt":"2025-04-08T20:15:40","guid":{"rendered":"https:\/\/www.inet.edu.ar\/?page_id=40660"},"modified":"2025-04-08T17:17:35","modified_gmt":"2025-04-08T20:17:35","slug":"mapa-de-la-red-nacional-de-aulas-talleres-moviles","status":"publish","type":"page","link":"https:\/\/www.inet.edu.ar\/index.php\/programa-federal-de-aulas-tecnicas-moviles\/mapa-de-la-red-nacional-de-aulas-talleres-moviles\/","title":{"rendered":"Mapa de la Red Nacional de Aulas Talleres M\u00f3viles"},"content":{"rendered":"\n<p>Para llevar una mayor precisi\u00f3n acerca de la cantidad y de la oferta educativa que brindan las Aulas Talleres M\u00f3viles en sus respectivas jurisdicciones, se dise\u00f1\u00f3 un mapa digital para poder facilitar dicha informaci\u00f3n.<\/p>\n\n\n\n<p><strong><a href=\"https:\/\/www.inet.edu.ar\/index.php\/mapa-aulas-talleres-moviles\/\">Mapa de la Red Nacional de Aulas Talleres M\u00f3viles<\/a><\/strong><\/p>\n","protected":false},"excerpt":{"rendered":"<p>Para llevar una mayor precisi\u00f3n acerca de la cantidad y de la oferta educativa que brindan las Aulas Talleres M\u00f3viles en sus respectivas jurisdicciones, se dise\u00f1\u00f3 un mapa digital para poder facilitar dicha informaci\u00f3n. Mapa de la Red Nacional de Aulas Talleres M\u00f3viles<\/p>\n","protected":false},"author":15,"featured_media":0,"parent":1645,"menu_order":2,"comment_status":"closed","ping_status":"closed","template":"","meta":{"footnotes":""},"class_list":["post-40660","page","type-page","status-publish","hentry"],"_links":{"self":[{"href":"https:\/\/www.inet.edu.ar\/index.php\/wp-json\/wp\/v2\/pages\/40660","targetHints":{"allow":["GET"]}}],"collection":[{"href":"https:\/\/www.inet.edu.ar\/index.php\/wp-json\/wp\/v2\/pages"}],"about":[{"href":"https:\/\/www.inet.edu.ar\/index.php\/wp-json\/wp\/v2\/types\/page"}],"author":[{"embeddable":true,"href":"https:\/\/www.inet.edu.ar\/index.php\/wp-json\/wp\/v2\/users\/15"}],"replies":[{"embeddable":true,"href":"https:\/\/www.inet.edu.ar\/index.php\/wp-json\/wp\/v2\/comments?post=40660"}],"version-history":[{"count":1,"href":"https:\/\/www.inet.edu.ar\/index.php\/wp-json\/wp\/v2\/pages\/40660\/revisions"}],"predecessor-version":[{"id":40661,"href":"https:\/\/www.inet.edu.ar\/index.php\/wp-json\/wp\/v2\/pages\/40660\/revisions\/40661"}],"up":[{"embeddable":true,"href":"https:\/\/www.inet.edu.ar\/index.php\/wp-json\/wp\/v2\/pages\/1645"}],"wp:attachment":[{"href":"https:\/\/www.inet.edu.ar\/index.php\/wp-json\/wp\/v2\/media?parent=40660"}],"curies":[{"name":"wp","href":"https:\/\/api.w.org\/{rel}","templated":true}]}}