{"id":40774,"date":"2025-05-13T13:52:03","date_gmt":"2025-05-13T16:52:03","guid":{"rendered":"https:\/\/www.inet.edu.ar\/?page_id=40774"},"modified":"2025-09-11T15:21:09","modified_gmt":"2025-09-11T18:21:09","slug":"congreso-nacional-de-educacion-tecnico-profesional-agropecuaria","status":"publish","type":"page","link":"https:\/\/www.inet.edu.ar\/index.php\/conetyp\/congreso-nacional-de-educacion-tecnico-profesional-agropecuaria\/","title":{"rendered":"Congreso Nacional de Educaci\u00f3n Agropecuaria"},"content":{"rendered":"\n<p>La Educaci\u00f3n T\u00e9cnico Profesional (ETP) promueve, para alcanzar sus fines y prop\u00f3sitos, el uso actualizado y adecuado de las tecnolog\u00edas en los sectores agropecuario, agroindustrial y de servicios.<\/p>\n\n\n\n<p>Los continuos avances y cambios que se producen en los contextos socio productivos actuales plantean como desaf\u00edo una revisi\u00f3n constante de nuestras pr\u00e1cticas educativas desde un enfoque integral que contemple tanto una perspectiva did\u00e1ctica como de gesti\u00f3n institucional.<\/p>\n\n\n\n<p>Ante la necesidad de fomentar la vinculaci\u00f3n efectiva entre las instituciones educativas del sector agro, los actores productivos, cient\u00edfico tecnol\u00f3gicos, entidades del sector, organizaciones de la sociedad civil y dem\u00e1s actores que componen el entramado del sistema agro bioindustrial, se busca promover la construcci\u00f3n de redes que generen conocimiento y promuevan acciones orientadas a la innovaci\u00f3n tecnol\u00f3gica, did\u00e1ctica y de gesti\u00f3n institucional en un marco de colaboraci\u00f3n regional y nacional.<br><br>El objetivo de este Congreso es promover y potenciar el intercambio de conocimientos y mejores pr\u00e1cticas entre estudiantes, docentes, directivos, productores, empresas del sector agroproductivo, agencias de investigaci\u00f3n cient\u00edfico-tecnol\u00f3gicas y agencias de cooperaci\u00f3n internacional.<br><br><strong>Tem\u00e1ticas y ejes de trabajo<\/strong><br><br>Desde la Comisi\u00f3n Federal de ETP se propone un trabajo participativo y federal, que propicie espacios de construcci\u00f3n colectiva en \u00e1mbitos regionales, con especialistas del sector agropecuario, con el objetivo de generar una serie de recomendaciones que posibiliten la vinculaci\u00f3n entre los actores del sector, que se compilen y formalicen en un \u00faltimo Encuentro Nacional de Educaci\u00f3n Agropecuaria.<br><br>Las tem\u00e1ticas y ejes de trabajo consensuadas y acordadas en la Comisi\u00f3n Federal de ETP identifican las principales problem\u00e1ticas determinadas federalmente como estrat\u00e9gicas para el sector agropecuario, agroindustrial y de servicios. <br><br>En tal sentido, se proponen los siguientes ejes de an\u00e1lisis:<br><br>\u25cf <strong>La innovaci\u00f3n tecnol\u00f3gica en el sector agropecuario, agroindustrial y de servicios:<\/strong><\/p>\n\n\n\n<ul class=\"wp-block-list\">\n<li>La producci\u00f3n agropecuaria, forestal y pesquera.<\/li>\n\n\n\n<li>Procesos agroindustriales y agroalimentarios.<\/li>\n\n\n\n<li>Innovaciones en el campo de la Biotecnolog\u00eda.<\/li>\n\n\n\n<li>La mecanizaci\u00f3n agropecuaria.<\/li>\n\n\n\n<li>Las AgTech en el \u00e1mbito de la producci\u00f3n (Tecnolog\u00eda de precisi\u00f3n y agricultura<br>digital).<\/li>\n\n\n\n<li>Los servicios de log\u00edstica y transporte en el sector agropecuario.<\/li>\n\n\n\n<li>Las energ\u00edas de biomasa o bioenerg\u00eda.<\/li>\n\n\n\n<li>Servicios financieros y comerciales para el agro.<\/li>\n<\/ul>\n\n\n\n<p>\u25cf <strong>La incidencia de la innovaci\u00f3n tecnol\u00f3gica en:<\/strong><\/p>\n\n\n\n<ul class=\"wp-block-list\">\n<li>La construcci\u00f3n did\u00e1ctica.<\/li>\n\n\n\n<li>La gesti\u00f3n institucional.<\/li>\n<\/ul>\n\n\n\n<p><\/p>\n\n\n\n<p><strong>Plan de trabajo<\/strong> <br><br>Las actividades propuestas en el presente documento son generadas desde el INET mediante la conformaci\u00f3n de una comisi\u00f3n organizadora compuesta por el equipo t\u00e9cnico del INET, y referentes designados por la Comisi\u00f3n Federal de ETP y del INTA.<\/p>\n\n\n\n<p>Las tem\u00e1ticas y ejes de an\u00e1lisis, mencionadas anteriormente, ser\u00e1n trabajadas en<br>Encuentros Regionales, previos a la realizaci\u00f3n del Encuentro Nacional de Educaci\u00f3n<br>T\u00e9cnico Profesional Agropecuaria.<\/p>\n\n\n\n<p>Se plantean realizar seis (6) Encuentros Regionales de trabajo en donde, a partir de<br>conferencias y paneles integrados por destacados actores del \u00e1mbito productivo y cient\u00edfico tecnol\u00f3gico; la presentaci\u00f3n de experiencias innovadoras y\/o \u201cexitosas\u201d de la educaci\u00f3n t\u00e9cnico profesional agropecuaria, se analice y acuerden, -por parte de los actores de la ETP y estudiantes convocados- las tem\u00e1ticas expresadas bajo la mirada de los ejes de an\u00e1lisis planteados, para luego cerrar con un Encuentro Nacional. <\/p>\n\n\n\n<p><strong>Reuniones regionales:<\/strong><\/p>\n\n\n\n<ul class=\"wp-block-list\">\n<li>Regi\u00f3n NEA: Misiones, Corrientes, Chaco y Formosa<\/li>\n\n\n\n<li>Regi\u00f3n NOA: Jujuy, Salta, Catamarca, Tucum\u00e1n y Santiago del Estero.<\/li>\n\n\n\n<li>Regi\u00f3n Cuyo: San Luis, San Juan, La Rioja y Mendoza.<\/li>\n\n\n\n<li>Regi\u00f3n Patagonia: La Pampa, R\u00edo Negro, Chubut, Neuqu\u00e9n, Santa Cruz, Tierra del Fuego.<\/li>\n\n\n\n<li>Regi\u00f3n Centro I: Entre R\u00edos, Santa Fe, Buenos Aires<\/li>\n\n\n\n<li>Regi\u00f3n Centro II: Buenos Aires, CABA, C\u00f3rdoba<\/li>\n<\/ul>\n\n\n\n<p><br><\/p>\n","protected":false},"excerpt":{"rendered":"<p>La Educaci\u00f3n T\u00e9cnico Profesional (ETP) promueve, para alcanzar sus fines y prop\u00f3sitos, el uso actualizado y adecuado de las tecnolog\u00edas en los sectores agropecuario, agroindustrial y de servicios. Los continuos avances y cambios que se producen en los contextos socio productivos actuales plantean como desaf\u00edo una revisi\u00f3n constante de nuestras pr\u00e1cticas educativas desde un enfoque [&hellip;]<\/p>\n","protected":false},"author":15,"featured_media":0,"parent":10,"menu_order":2,"comment_status":"closed","ping_status":"closed","template":"","meta":{"footnotes":""},"class_list":["post-40774","page","type-page","status-publish","hentry"],"_links":{"self":[{"href":"https:\/\/www.inet.edu.ar\/index.php\/wp-json\/wp\/v2\/pages\/40774","targetHints":{"allow":["GET"]}}],"collection":[{"href":"https:\/\/www.inet.edu.ar\/index.php\/wp-json\/wp\/v2\/pages"}],"about":[{"href":"https:\/\/www.inet.edu.ar\/index.php\/wp-json\/wp\/v2\/types\/page"}],"author":[{"embeddable":true,"href":"https:\/\/www.inet.edu.ar\/index.php\/wp-json\/wp\/v2\/users\/15"}],"replies":[{"embeddable":true,"href":"https:\/\/www.inet.edu.ar\/index.php\/wp-json\/wp\/v2\/comments?post=40774"}],"version-history":[{"count":13,"href":"https:\/\/www.inet.edu.ar\/index.php\/wp-json\/wp\/v2\/pages\/40774\/revisions"}],"predecessor-version":[{"id":40846,"href":"https:\/\/www.inet.edu.ar\/index.php\/wp-json\/wp\/v2\/pages\/40774\/revisions\/40846"}],"up":[{"embeddable":true,"href":"https:\/\/www.inet.edu.ar\/index.php\/wp-json\/wp\/v2\/pages\/10"}],"wp:attachment":[{"href":"https:\/\/www.inet.edu.ar\/index.php\/wp-json\/wp\/v2\/media?parent=40774"}],"curies":[{"name":"wp","href":"https:\/\/api.w.org\/{rel}","templated":true}]}}