{"id":40837,"date":"2025-05-16T16:03:52","date_gmt":"2025-05-16T19:03:52","guid":{"rendered":"https:\/\/www.inet.edu.ar\/?page_id=40837"},"modified":"2025-12-22T12:59:58","modified_gmt":"2025-12-22T15:59:58","slug":"region-centro-i","status":"publish","type":"page","link":"https:\/\/www.inet.edu.ar\/index.php\/conetyp\/congreso-nacional-de-educacion-tecnico-profesional-agropecuaria\/region-centro-i\/","title":{"rendered":"Regi\u00f3n Centro I"},"content":{"rendered":"\n<p><\/p>\n\n\n\n<ul class=\"wp-block-list\">\n<li><strong>Sede<\/strong>: C\u00f3rdoba Capital (Universidad Provincial de C\u00f3rdoba)<\/li>\n<\/ul>\n\n\n\n<ul class=\"wp-block-list\">\n<li><strong>Provincias participantes<\/strong>: C\u00f3rdoba, Santa Fe y La Rioja<\/li>\n<\/ul>\n\n\n\n<ul class=\"wp-block-list\">\n<li><strong>Fechas del regional<\/strong>: 7 y 8 de octubre<br><\/li>\n\n\n\n<li><strong>Descargar documentaci\u00f3n correspondiente:<\/strong><br><br><strong>&#8211;<a href=\"https:\/\/www.inet.edu.ar\/wp-content\/uploads\/2025\/10\/Agenda_Centro-I.pdf\">Agenda del encuentro<\/a><br><a href=\"file:\/\/\/C:\/Users\/jp.molinotorres\/Downloads\/DOC-20251007-WA0018.%20Estefania.pdf\">-Presentaci\u00f3n Proyecto Abastecimiento Sustentable<\/a><br><a href=\"https:\/\/www.inet.edu.ar\/wp-content\/uploads\/2025\/10\/1015INTA_BRUNO-MARTIN.pptx.pptx\">-Presentaci\u00f3n Instituto Nacional de Tecnolog\u00eda Agropecuaria<\/a><br><a href=\"https:\/\/www.inet.edu.ar\/wp-content\/uploads\/2025\/10\/1015Vacas-conectadas-vacas-saludables.pptx\">-Capacitaciones Agronorte sobre Mecanizaci\u00f3n Agropecuaria<\/a><br><a href=\"https:\/\/www.inet.edu.ar\/wp-content\/uploads\/2025\/10\/1015Vacas-conectadas-vacas-saludables.pptx\">-Exposici\u00f3n sobre vacas saludables, vacas conectadas <\/a><br><a href=\"https:\/\/www.inet.edu.ar\/wp-content\/uploads\/2025\/10\/1015CONGRESO_ESC_AGROTEC_7OCT2025_CAVIGLIASSO.pptx\">-Instituto Nacional de Tecnolog\u00eda Agropecuaria: Polinizaci\u00f3n de precisi\u00f3n dirigida a cultivos extensivos<\/a><br><a href=\"https:\/\/www.inet.edu.ar\/wp-content\/uploads\/2025\/10\/3-Congreso-Nacional.pptx\">-Congreso Nacional <\/a><br><a href=\"https:\/\/www.inet.edu.ar\/wp-content\/uploads\/2025\/10\/1-Nuevas-Tecnologias-Marcos-6-10.pptx\">-Ministerio de Bioagroindustria: Nuevas tecnolog\u00edas aplicadas al Agro<\/a><br><a href=\"https:\/\/www.inet.edu.ar\/wp-content\/uploads\/2025\/10\/1.pptx\">-Presentaci\u00f3n 1, Instituto Nacional de Educaci\u00f3n Tecnol\u00f3gica (INET)<\/a><br><a href=\"https:\/\/www.inet.edu.ar\/wp-content\/uploads\/2025\/10\/2.pptx\">-Presentaci\u00f3n 2, Instituto Nacional de Educaci\u00f3n Tecnol\u00f3gica (INET)<\/a><br><a href=\"https:\/\/www.inet.edu.ar\/wp-content\/uploads\/2025\/10\/presentacion-impulsa-nueva.pdf\">-Presentaci\u00f3n Programa Impulsa, Santa Fe: Aprender-Producir-Trabajar<\/a><\/strong><\/li>\n<\/ul>\n","protected":false},"excerpt":{"rendered":"","protected":false},"author":15,"featured_media":0,"parent":40774,"menu_order":4,"comment_status":"closed","ping_status":"closed","template":"","meta":{"footnotes":""},"class_list":["post-40837","page","type-page","status-publish","hentry"],"_links":{"self":[{"href":"https:\/\/www.inet.edu.ar\/index.php\/wp-json\/wp\/v2\/pages\/40837","targetHints":{"allow":["GET"]}}],"collection":[{"href":"https:\/\/www.inet.edu.ar\/index.php\/wp-json\/wp\/v2\/pages"}],"about":[{"href":"https:\/\/www.inet.edu.ar\/index.php\/wp-json\/wp\/v2\/types\/page"}],"author":[{"embeddable":true,"href":"https:\/\/www.inet.edu.ar\/index.php\/wp-json\/wp\/v2\/users\/15"}],"replies":[{"embeddable":true,"href":"https:\/\/www.inet.edu.ar\/index.php\/wp-json\/wp\/v2\/comments?post=40837"}],"version-history":[{"count":11,"href":"https:\/\/www.inet.edu.ar\/index.php\/wp-json\/wp\/v2\/pages\/40837\/revisions"}],"predecessor-version":[{"id":41923,"href":"https:\/\/www.inet.edu.ar\/index.php\/wp-json\/wp\/v2\/pages\/40837\/revisions\/41923"}],"up":[{"embeddable":true,"href":"https:\/\/www.inet.edu.ar\/index.php\/wp-json\/wp\/v2\/pages\/40774"}],"wp:attachment":[{"href":"https:\/\/www.inet.edu.ar\/index.php\/wp-json\/wp\/v2\/media?parent=40837"}],"curies":[{"name":"wp","href":"https:\/\/api.w.org\/{rel}","templated":true}]}}