{"id":40839,"date":"2025-05-16T16:05:00","date_gmt":"2025-05-16T19:05:00","guid":{"rendered":"https:\/\/www.inet.edu.ar\/?page_id=40839"},"modified":"2025-12-23T12:47:21","modified_gmt":"2025-12-23T15:47:21","slug":"region-centro-ii","status":"publish","type":"page","link":"https:\/\/www.inet.edu.ar\/index.php\/conetyp\/congreso-nacional-de-educacion-tecnico-profesional-agropecuaria\/region-centro-ii\/","title":{"rendered":"Regi\u00f3n Centro II"},"content":{"rendered":"\n<ul class=\"wp-block-list\">\n<li><strong>Sede<\/strong>: Paran\u00e1, provincia de Entre R\u00edos<\/li>\n<\/ul>\n\n\n\n<ul class=\"wp-block-list\">\n<li><strong>Provincias participantes<\/strong>: Entre R\u00edos, CABA y Buenos Aires.<\/li>\n<\/ul>\n\n\n\n<ul class=\"wp-block-list\">\n<li><strong>Fechas del regional<\/strong>: 6 y 7 de noviembre.<br><\/li>\n\n\n\n<li><strong>Descargar documentaci\u00f3n correspondiente<\/strong>:<br><strong><a href=\"https:\/\/www.inet.edu.ar\/wp-content\/uploads\/2025\/12\/1\u00b0-Agro_presentacion-datos-total-pais_noviembre.pptx\">-Presentaci\u00f3n INET sobre ETP agropecuaria<\/a><\/strong><br><strong><a href=\"https:\/\/www.inet.edu.ar\/wp-content\/uploads\/2025\/12\/1\u00b0-Agro_presentacion-datos-total-pais_noviembre.pptx\">-Segunda presentaci\u00f3n INET sobre ETP agropecuaria<\/a><\/strong><br><strong><a href=\"https:\/\/www.inet.edu.ar\/wp-content\/uploads\/2025\/12\/Aapresid-y-sist-chacras.pdf\">-Presentaci\u00f3n de AAPRESID<\/a><\/strong><br><strong><a href=\"https:\/\/www.inet.edu.ar\/wp-content\/uploads\/2025\/12\/BPA-APRESID.pdf\">-Presentaci\u00f3n BPA AAPRESID<\/a><\/strong><br><strong><a href=\"https:\/\/www.inet.edu.ar\/wp-content\/uploads\/2025\/12\/Acuaponia-en-la-Ed-Agr-Pcia-Bs-As.ppt\">-Presentaci\u00f3n de la provincia de Buenos Aires sobre Acuaponia en Educaci\u00f3n Agraria<\/a><\/strong><br><strong><a href=\"https:\/\/www.inet.edu.ar\/wp-content\/uploads\/2025\/12\/CEEERR.2025.CASAFE.pdf\">-Presentaci\u00f3n de CASAFE<\/a><\/strong><br><strong><a href=\"https:\/\/www.inet.edu.ar\/wp-content\/uploads\/2025\/12\/ESC-SEC-AGRARIA-N\u00b0-1-Martin-Fierro-Arrecifes.pptx\">-Presentaci\u00f3n de Escuela Agraria N\u00b01 Mart\u00edn Fierro<\/a><\/strong><br><strong><a href=\"https:\/\/www.inet.edu.ar\/wp-content\/uploads\/2025\/12\/Esc.-agrotec-N\u00b02-Florencio-M.-Campos-Entre-Rios-SALA-B.pptx\">-Presentaci\u00f3n de Escuela Agrot\u00e9cnica N\u00b02 Florencio M. Campos, Entre R\u00edos<\/a><\/strong><br><strong><a href=\"https:\/\/www.inet.edu.ar\/wp-content\/uploads\/2025\/12\/ESCUELA-TECNICA-HICKEN-CABA-SALA-B.pdf\">-Presentaci\u00f3n de Escuela T\u00e9cnica Hicken, Ciudad Aut\u00f3noma de Buenos Aires<\/a><\/strong><br><strong><a href=\"https:\/\/www.inet.edu.ar\/wp-content\/uploads\/2025\/12\/Escuela-Tecnica-Raggio-CABA.pdf\">-Presentaci\u00f3n de Escuela T\u00e9cnica Raggio, Ciudad Aut\u00f3noma de Buenos Aires<\/a><\/strong><br><strong><a href=\"https:\/\/www.inet.edu.ar\/wp-content\/uploads\/2025\/12\/IA-en-el-Agro-Taller-IICA-Parana.pdf\">-Presentaci\u00f3n IICA Paran\u00e1 sobre Inteligencia Artificial en el Agro<\/a><\/strong><br><strong><a href=\"https:\/\/www.inet.edu.ar\/wp-content\/uploads\/2025\/12\/IICA-Proyectos-Productivos.pptx\">-Presentaci\u00f3n IICA sobre Proyectos Productivos<\/a><\/strong><br><strong><a href=\"https:\/\/www.inet.edu.ar\/wp-content\/uploads\/2025\/12\/Ivan-Ordonez.pdf\">-Presentaci\u00f3n de Iv\u00e1n Ordo\u00f1ez: Innovaci\u00f3n en el Agro<\/a><\/strong><br><strong><a href=\"https:\/\/www.inet.edu.ar\/wp-content\/uploads\/2025\/12\/SENASA-TRAZABILIDAD.pptx\">-Presentaci\u00f3n de SENASA sobre trazabilidad<\/a><\/strong><br><strong><a href=\"https:\/\/www.inet.edu.ar\/wp-content\/uploads\/2025\/12\/Syngenta-Sabrina-Ramirez.pptx\">-Presentaci\u00f3n de SYNGENTA: aplicaci\u00f3n de tecnolog\u00edas de agricultura digital<\/a><\/strong><br><br><\/li>\n<\/ul>\n","protected":false},"excerpt":{"rendered":"","protected":false},"author":15,"featured_media":0,"parent":40774,"menu_order":6,"comment_status":"closed","ping_status":"closed","template":"","meta":{"footnotes":""},"class_list":["post-40839","page","type-page","status-publish","hentry"],"_links":{"self":[{"href":"https:\/\/www.inet.edu.ar\/index.php\/wp-json\/wp\/v2\/pages\/40839","targetHints":{"allow":["GET"]}}],"collection":[{"href":"https:\/\/www.inet.edu.ar\/index.php\/wp-json\/wp\/v2\/pages"}],"about":[{"href":"https:\/\/www.inet.edu.ar\/index.php\/wp-json\/wp\/v2\/types\/page"}],"author":[{"embeddable":true,"href":"https:\/\/www.inet.edu.ar\/index.php\/wp-json\/wp\/v2\/users\/15"}],"replies":[{"embeddable":true,"href":"https:\/\/www.inet.edu.ar\/index.php\/wp-json\/wp\/v2\/comments?post=40839"}],"version-history":[{"count":9,"href":"https:\/\/www.inet.edu.ar\/index.php\/wp-json\/wp\/v2\/pages\/40839\/revisions"}],"predecessor-version":[{"id":41940,"href":"https:\/\/www.inet.edu.ar\/index.php\/wp-json\/wp\/v2\/pages\/40839\/revisions\/41940"}],"up":[{"embeddable":true,"href":"https:\/\/www.inet.edu.ar\/index.php\/wp-json\/wp\/v2\/pages\/40774"}],"wp:attachment":[{"href":"https:\/\/www.inet.edu.ar\/index.php\/wp-json\/wp\/v2\/media?parent=40839"}],"curies":[{"name":"wp","href":"https:\/\/api.w.org\/{rel}","templated":true}]}}