{"id":40857,"date":"2025-05-22T11:22:15","date_gmt":"2025-05-22T14:22:15","guid":{"rendered":"https:\/\/www.inet.edu.ar\/?page_id=40857"},"modified":"2025-08-28T16:38:32","modified_gmt":"2025-08-28T19:38:32","slug":"olimpiada-nacional-etp-2025","status":"publish","type":"page","link":"https:\/\/www.inet.edu.ar\/index.php\/areas\/encuentros-educativos\/olimpiada-nacional-etp-2025\/","title":{"rendered":"Olimp\u00edada Nacional ETP 2025"},"content":{"rendered":"\n<p>La Olimp\u00edada se desarrolla en el marco de lo establecido por la Resoluci\u00f3n CFE N\u00b0 427\/22 que instituye el \u201cSistema Nacional de Evaluaci\u00f3n, Certificaci\u00f3n y Acreditaci\u00f3n integral de la Educaci\u00f3n T\u00e9cnico Profesional\u201d.<\/p>\n\n\n\n<p>Las caracter\u00edsticas, destinatarios, modalidad de organizaci\u00f3n y evaluaci\u00f3n se detallan en el Reglamento 2025 (<a href=\"https:\/\/www.inet.edu.ar\/wp-content\/uploads\/2025\/05\/ONETP-2025_Reglamento.pdf\" data-type=\"link\" data-id=\"https:\/\/www.inet.edu.ar\/wp-content\/uploads\/2025\/05\/ONETP-2025_Reglamento.pdf\" target=\"_blank\" rel=\"noreferrer noopener\"><strong>Bajar archivo<\/strong><\/a>).<\/p>\n\n\n\n<p><strong>CONTACTO<\/strong><br>La v\u00eda de contacto para quienes participan de esta Olimp\u00edada es el correo electr\u00f3nico: <a href=\"mailto:olimpiadas.etp@educacion.gob.ar\"><strong>olimpiadas.etp@educacion.gob.ar<\/strong><\/a><br>(Por favor, en sus mensajes expliciten CUE y nombre de la instituci\u00f3n)<\/p>\n\n\n\n<p><strong>Cronograma<\/strong>:<\/p>\n\n\n\n<ul class=\"wp-block-list\">\n<li><em>2 al 9 de Junio<\/em><br><strong>Inscripci\u00f3n de los participantes en forma virtual (sabiendo que hay inconvenientes en la carga de las planillas, se seguir\u00e1n admitiendo inscripciones pasada esta fecha. La inscripci\u00f3n es OBLIGATORIA aunque no es una limitante para la realizaci\u00f3n de la Instancia Institucional).<\/strong><br><\/li>\n\n\n\n<li><em>9 de Junio al 16 de Junio<\/em><br>Instancia Institucional.<br><\/li>\n\n\n\n<li><em>16 al 30 de Junio<\/em><br>Evaluaci\u00f3n por parte de la instituci\u00f3n.<br><\/li>\n\n\n\n<li><em>30 junio al 7 de julio<\/em><br>Carga de producciones y evaluaci\u00f3n en la plataforma y comunicaci\u00f3n a la jurisdicci\u00f3n.<br><\/li>\n\n\n\n<li><em>Franja de receso escolar (7 de julio al 1 de Agosto)<\/em><br><\/li>\n\n\n\n<li><em>4 al 18 de Agosto<\/em><br>Selecci\u00f3n por parte de cada jurisdicci\u00f3n de los trabajos para la instancia nacional.<br><\/li>\n\n\n\n<li><em>1 de Septiembre<\/em><br>Carga y distribuci\u00f3n en INET de los trabajos seleccionados para la evaluaci\u00f3n INET.<br><\/li>\n\n\n\n<li><em>1 al 19 de Septiembre<\/em><br>Proceso de evaluaci\u00f3n y selecci\u00f3n de los trabajos que se presentar\u00e1n en el INET en la instancia nacional.<br><\/li>\n\n\n\n<li><em>24 de Septiembre<\/em><br>Comunicaci\u00f3n a cada jurisdicci\u00f3n de los equipos y escuelas seleccionados para la instancia Nacional.<br><\/li>\n\n\n\n<li><em>13 de Octubre al 6 de Noviembre<\/em><br>Instancia Nacional.<\/li>\n<\/ul>\n\n\n\n<p><\/p>\n","protected":false},"excerpt":{"rendered":"<p>La Olimp\u00edada se desarrolla en el marco de lo establecido por la Resoluci\u00f3n CFE N\u00b0 427\/22 que instituye el \u201cSistema Nacional de Evaluaci\u00f3n, Certificaci\u00f3n y Acreditaci\u00f3n integral de la Educaci\u00f3n T\u00e9cnico Profesional\u201d. Las caracter\u00edsticas, destinatarios, modalidad de organizaci\u00f3n y evaluaci\u00f3n se detallan en el Reglamento 2025 (Bajar archivo). CONTACTOLa v\u00eda de contacto para quienes participan [&hellip;]<\/p>\n","protected":false},"author":3,"featured_media":0,"parent":4798,"menu_order":0,"comment_status":"closed","ping_status":"closed","template":"","meta":{"footnotes":""},"class_list":["post-40857","page","type-page","status-publish","hentry"],"_links":{"self":[{"href":"https:\/\/www.inet.edu.ar\/index.php\/wp-json\/wp\/v2\/pages\/40857","targetHints":{"allow":["GET"]}}],"collection":[{"href":"https:\/\/www.inet.edu.ar\/index.php\/wp-json\/wp\/v2\/pages"}],"about":[{"href":"https:\/\/www.inet.edu.ar\/index.php\/wp-json\/wp\/v2\/types\/page"}],"author":[{"embeddable":true,"href":"https:\/\/www.inet.edu.ar\/index.php\/wp-json\/wp\/v2\/users\/3"}],"replies":[{"embeddable":true,"href":"https:\/\/www.inet.edu.ar\/index.php\/wp-json\/wp\/v2\/comments?post=40857"}],"version-history":[{"count":6,"href":"https:\/\/www.inet.edu.ar\/index.php\/wp-json\/wp\/v2\/pages\/40857\/revisions"}],"predecessor-version":[{"id":41398,"href":"https:\/\/www.inet.edu.ar\/index.php\/wp-json\/wp\/v2\/pages\/40857\/revisions\/41398"}],"up":[{"embeddable":true,"href":"https:\/\/www.inet.edu.ar\/index.php\/wp-json\/wp\/v2\/pages\/4798"}],"wp:attachment":[{"href":"https:\/\/www.inet.edu.ar\/index.php\/wp-json\/wp\/v2\/media?parent=40857"}],"curies":[{"name":"wp","href":"https:\/\/api.w.org\/{rel}","templated":true}]}}