{"id":40992,"date":"2025-06-09T09:28:27","date_gmt":"2025-06-09T12:28:27","guid":{"rendered":"https:\/\/www.inet.edu.ar\/?page_id=40992"},"modified":"2025-06-17T10:20:59","modified_gmt":"2025-06-17T13:20:59","slug":"consignas-institucional-2025","status":"publish","type":"page","link":"https:\/\/www.inet.edu.ar\/index.php\/areas\/encuentros-educativos\/olimpiada-nacional-etp-2025\/consignas-institucional-2025\/","title":{"rendered":"Consignas Institucional 2025"},"content":{"rendered":"\n<p><\/p>\n\n\n\n<p><strong>ADMINISTRACI\u00d3N DE EMPRESAS<\/strong><\/p>\n\n\n\n<ul class=\"wp-block-list\">\n<li><strong><a href=\"https:\/\/www.inet.edu.ar\/wp-content\/uploads\/2025\/06\/ONETP-2025_Administracion-y-gestion_para-estudiantes.pdf\" data-type=\"link\" data-id=\"https:\/\/www.inet.edu.ar\/wp-content\/uploads\/2025\/06\/ONETP-2025_Administracion-y-gestion_para-estudiantes.pdf\" target=\"_blank\" rel=\"noreferrer noopener\">Documento para estudiantes<\/a><\/strong><\/li>\n\n\n\n<li><strong><a href=\"https:\/\/www.inet.edu.ar\/wp-content\/uploads\/2025\/06\/ONETP-2025_Administracion-y-gestion_para-docentes.pdf\" data-type=\"link\" data-id=\"https:\/\/www.inet.edu.ar\/wp-content\/uploads\/2025\/06\/ONETP-2025_Administracion-y-gestion_para-docentes.pdf\" target=\"_blank\" rel=\"noreferrer noopener\">Documento para docentes<\/a><\/strong><\/li>\n<\/ul>\n\n\n\n<p><strong>AERON\u00c1UTICA<\/strong><\/p>\n\n\n\n<ul class=\"wp-block-list\">\n<li><strong><a href=\"https:\/\/www.inet.edu.ar\/wp-content\/uploads\/2025\/06\/ONETP-2025_Aeronautica_para-estudiantes.pdf\" data-type=\"link\" data-id=\"https:\/\/www.inet.edu.ar\/wp-content\/uploads\/2025\/06\/ONETP-2025_Aeronautica_para-estudiantes.pdf\" target=\"_blank\" rel=\"noreferrer noopener\">Documento para estudiantes<\/a><\/strong><\/li>\n\n\n\n<li><strong><a href=\"https:\/\/www.inet.edu.ar\/wp-content\/uploads\/2025\/06\/ONETP-2025_Aeronautica_para-docentes.pdf\" data-type=\"link\" data-id=\"https:\/\/www.inet.edu.ar\/wp-content\/uploads\/2025\/06\/ONETP-2025_Aeronautica_para-docentes.pdf\" target=\"_blank\" rel=\"noreferrer noopener\">Documento para docentes<\/a><\/strong><\/li>\n<\/ul>\n\n\n\n<p><strong>AUTOMOTORES<\/strong><\/p>\n\n\n\n<ul class=\"wp-block-list\">\n<li><strong><a href=\"https:\/\/www.inet.edu.ar\/wp-content\/uploads\/2025\/06\/ONETP-2025_Automotores_para-estudiantes.pdf\" data-type=\"link\" data-id=\"https:\/\/www.inet.edu.ar\/wp-content\/uploads\/2025\/06\/ONETP-2025_Automotores_para-estudiantes.pdf\" target=\"_blank\" rel=\"noreferrer noopener\">Documento para estudiantes<\/a><\/strong><\/li>\n\n\n\n<li><strong><a href=\"https:\/\/www.inet.edu.ar\/wp-content\/uploads\/2025\/06\/ONETP-2025_Automotores_para-docentes.pdf\" data-type=\"link\" data-id=\"https:\/\/www.inet.edu.ar\/wp-content\/uploads\/2025\/06\/ONETP-2025_Automotores_para-docentes.pdf\" target=\"_blank\" rel=\"noreferrer noopener\">Documento para docentes<\/a><\/strong><\/li>\n<\/ul>\n\n\n\n<p><strong>CONSTRUCCIONES<\/strong><\/p>\n\n\n\n<ul class=\"wp-block-list\">\n<li><strong><a href=\"https:\/\/www.inet.edu.ar\/wp-content\/uploads\/2025\/06\/ONETP-2025_Construcciones_para-estudiantes.pdf\" data-type=\"link\" data-id=\"https:\/\/www.inet.edu.ar\/wp-content\/uploads\/2025\/06\/ONETP-2025_Construcciones_para-estudiantes.pdf\" target=\"_blank\" rel=\"noreferrer noopener\">Documento para estudiantes<\/a><\/strong><\/li>\n\n\n\n<li><strong><a href=\"https:\/\/www.inet.edu.ar\/wp-content\/uploads\/2025\/06\/ONETP-2025_Construcciones_para-Docentes.pdf\" data-type=\"link\" data-id=\"https:\/\/www.inet.edu.ar\/wp-content\/uploads\/2025\/06\/ONETP-2025_Construcciones_para-Docentes.pdf\" target=\"_blank\" rel=\"noreferrer noopener\">Documento para docentes<\/a><\/strong><\/li>\n\n\n\n<li><a href=\"https:\/\/www.inet.edu.ar\/wp-content\/uploads\/2025\/06\/ONETP-2025_Construcciones_Rubrica.zip\" data-type=\"link\" data-id=\"https:\/\/www.inet.edu.ar\/wp-content\/uploads\/2025\/06\/ONETP-2025_Construcciones_Rubrica.zip\" target=\"_blank\" rel=\"noreferrer noopener\"><strong>R\u00fabrica<\/strong><\/a><\/li>\n<\/ul>\n\n\n\n<p><strong>ENERG\u00cdA EL\u00c9CTRICA<\/strong><\/p>\n\n\n\n<ul class=\"wp-block-list\">\n<li><strong><a href=\"https:\/\/www.inet.edu.ar\/wp-content\/uploads\/2025\/06\/ONETP_2025_Electricidad_para-estudiantes.pdf\" data-type=\"link\" data-id=\"https:\/\/www.inet.edu.ar\/wp-content\/uploads\/2025\/06\/ONETP_2025_Electricidad_para-estudiantes.pdf\" target=\"_blank\" rel=\"noreferrer noopener\">Documento para estudiantes<\/a><\/strong><\/li>\n\n\n\n<li><strong><a href=\"https:\/\/www.inet.edu.ar\/wp-content\/uploads\/2025\/06\/ONETP-2025_Electricidad_para-docentes.pdf\" data-type=\"link\" data-id=\"https:\/\/www.inet.edu.ar\/wp-content\/uploads\/2025\/06\/ONETP-2025_Electricidad_para-docentes.pdf\" target=\"_blank\" rel=\"noreferrer noopener\">Documento para docentes<\/a><\/strong><\/li>\n<\/ul>\n\n\n\n<p><strong>ELECTROMEC\u00c1NICA<\/strong><\/p>\n\n\n\n<ul class=\"wp-block-list\">\n<li><strong><a href=\"https:\/\/www.inet.edu.ar\/wp-content\/uploads\/2025\/06\/ONETP-2025_Electromecanica_para-estudiantes.pdf\" data-type=\"link\" data-id=\"https:\/\/www.inet.edu.ar\/wp-content\/uploads\/2025\/06\/ONETP-2025_Electromecanica_para-estudiantes.pdf\" target=\"_blank\" rel=\"noreferrer noopener\">Documento para estudiantes<\/a><\/strong><\/li>\n\n\n\n<li><strong><a href=\"https:\/\/www.inet.edu.ar\/wp-content\/uploads\/2025\/06\/ONETP-2025_Electromecanica_para-docentes.pdf\" data-type=\"link\" data-id=\"https:\/\/www.inet.edu.ar\/wp-content\/uploads\/2025\/06\/ONETP-2025_Electromecanica_para-docentes.pdf\" target=\"_blank\" rel=\"noreferrer noopener\">Documento para docentes<\/a><\/strong><\/li>\n<\/ul>\n\n\n\n<p><strong>ELECTR\u00d3NICA<\/strong><\/p>\n\n\n\n<ul class=\"wp-block-list\">\n<li><strong><a href=\"https:\/\/www.inet.edu.ar\/wp-content\/uploads\/2025\/06\/ONETP-2025_Electronica_para-estudiantes.pdf\" data-type=\"link\" data-id=\"https:\/\/www.inet.edu.ar\/wp-content\/uploads\/2025\/06\/ONETP-2025_Electronica_para-estudiantes.pdf\" target=\"_blank\" rel=\"noreferrer noopener\">Documento para estudiantes<\/a><\/strong><\/li>\n\n\n\n<li><strong><a href=\"https:\/\/www.inet.edu.ar\/wp-content\/uploads\/2025\/06\/ONETP-2025_Electronica_para-docentes.pdf\" data-type=\"link\" data-id=\"https:\/\/www.inet.edu.ar\/wp-content\/uploads\/2025\/06\/ONETP-2025_Electronica_para-docentes.pdf\" target=\"_blank\" rel=\"noreferrer noopener\">Documento para docentes<\/a><\/strong><\/li>\n<\/ul>\n\n\n\n<p><strong>ENERG\u00cdAS RENOVABLES<\/strong> <\/p>\n\n\n\n<ul class=\"wp-block-list\">\n<li><strong><a href=\"https:\/\/www.inet.edu.ar\/wp-content\/uploads\/2025\/06\/ONETP-2025_Energias-renovables_para-estudiantes.pdf\" data-type=\"link\" data-id=\"https:\/\/www.inet.edu.ar\/wp-content\/uploads\/2025\/06\/ONETP-2025_Energias-renovables_para-estudiantes.pdf\" target=\"_blank\" rel=\"noreferrer noopener\">Documento para estudiantes<\/a><\/strong><\/li>\n\n\n\n<li><strong><a href=\"https:\/\/www.inet.edu.ar\/wp-content\/uploads\/2025\/06\/ONETP-2025_Energias-renovables_para-docentes.pdf\" data-type=\"link\" data-id=\"https:\/\/www.inet.edu.ar\/wp-content\/uploads\/2025\/06\/ONETP-2025_Energias-renovables_para-docentes.pdf\" target=\"_blank\" rel=\"noreferrer noopener\">Documento para docentes<\/a><\/strong><\/li>\n<\/ul>\n\n\n\n<p><strong>INDUSTRIA MULTIMEDIAL<\/strong> <\/p>\n\n\n\n<ul class=\"wp-block-list\">\n<li><strong><a href=\"https:\/\/www.inet.edu.ar\/wp-content\/uploads\/2025\/06\/ONETP-2025_Industria-Multimedial_para-estudiantes.pdf\" data-type=\"link\" data-id=\"https:\/\/www.inet.edu.ar\/wp-content\/uploads\/2025\/06\/ONETP-2025_Industria-Multimedial_para-estudiantes.pdf\" target=\"_blank\" rel=\"noreferrer noopener\">Documento para estudiantes<\/a><\/strong><\/li>\n\n\n\n<li><strong><a href=\"https:\/\/www.inet.edu.ar\/wp-content\/uploads\/2025\/06\/ONETP-2025_Industria-multimedial_para-docentes.pdf\" data-type=\"link\" data-id=\"https:\/\/www.inet.edu.ar\/wp-content\/uploads\/2025\/06\/ONETP-2025_Industria-multimedial_para-docentes.pdf\" target=\"_blank\" rel=\"noreferrer noopener\">Documento para docentes<\/a><\/strong><\/li>\n<\/ul>\n\n\n\n<p><strong>INDUSTRIA DE PROCESOS<\/strong><\/p>\n\n\n\n<ul class=\"wp-block-list\">\n<li><strong><a href=\"https:\/\/www.inet.edu.ar\/wp-content\/uploads\/2025\/06\/ONETP-2025_Procesos_para-estudiantes.pdf\" data-type=\"link\" data-id=\"https:\/\/www.inet.edu.ar\/wp-content\/uploads\/2025\/06\/ONETP-2025_Procesos_para-estudiantes.pdf\" target=\"_blank\" rel=\"noreferrer noopener\">Documento para estudiantes<\/a><\/strong><\/li>\n\n\n\n<li><strong><a href=\"https:\/\/www.inet.edu.ar\/wp-content\/uploads\/2025\/06\/ONETP-2025_Procesos_para-docentes.pdf\" data-type=\"link\" data-id=\"https:\/\/www.inet.edu.ar\/wp-content\/uploads\/2025\/06\/ONETP-2025_Procesos_para-docentes.pdf\" target=\"_blank\" rel=\"noreferrer noopener\">Documento para docentes<\/a><\/strong><\/li>\n<\/ul>\n\n\n\n<p><strong>INFORM\u00c1TICA<\/strong><\/p>\n\n\n\n<ul class=\"wp-block-list\">\n<li><strong><a href=\"https:\/\/www.inet.edu.ar\/wp-content\/uploads\/2025\/06\/ONETP-2025_Informatica_para-Estudiantes.pdf\" data-type=\"link\" data-id=\"https:\/\/www.inet.edu.ar\/wp-content\/uploads\/2025\/06\/ONETP-2025_Informatica_para-Estudiantes.pdf\" target=\"_blank\" rel=\"noreferrer noopener\">Documento para estudiantes<\/a><\/strong><\/li>\n\n\n\n<li><strong><a href=\"https:\/\/www.inet.edu.ar\/wp-content\/uploads\/2025\/06\/ONETP-2025_Informatica_para-Docentes.pdf\" data-type=\"link\" data-id=\"https:\/\/www.inet.edu.ar\/wp-content\/uploads\/2025\/06\/ONETP-2025_Informatica_para-Docentes.pdf\" target=\"_blank\" rel=\"noreferrer noopener\">Documento para docentes<\/a><\/strong><\/li>\n<\/ul>\n\n\n\n<p><strong>MEC\u00c1NICA<\/strong><\/p>\n\n\n\n<ul class=\"wp-block-list\">\n<li><strong><a href=\"https:\/\/www.inet.edu.ar\/wp-content\/uploads\/2025\/06\/ONETP-2025_Mecanica_para-estudiantes.pdf\" data-type=\"link\" data-id=\"https:\/\/www.inet.edu.ar\/wp-content\/uploads\/2025\/06\/ONETP-2025_Mecanica_para-estudiantes.pdf\" target=\"_blank\" rel=\"noreferrer noopener\">Documento para estudiantes<\/a><\/strong><\/li>\n\n\n\n<li><strong><a href=\"https:\/\/www.inet.edu.ar\/wp-content\/uploads\/2025\/06\/ONETP-2025_Mecanica_para-docentes.pdf\" data-type=\"link\" data-id=\"https:\/\/www.inet.edu.ar\/wp-content\/uploads\/2025\/06\/ONETP-2025_Mecanica_para-docentes.pdf\" target=\"_blank\" rel=\"noreferrer noopener\">Documento para docentes<\/a><\/strong><\/li>\n<\/ul>\n\n\n\n<p><strong>PRODUCCI\u00d3N AGROPECUARIA<\/strong><\/p>\n\n\n\n<ul class=\"wp-block-list\">\n<li><strong><a href=\"https:\/\/www.inet.edu.ar\/wp-content\/uploads\/2025\/06\/ONETP-2025_Agro_Guia-de-trabajo-grupal-en-EF.pdf\" data-type=\"link\" data-id=\"https:\/\/www.inet.edu.ar\/wp-content\/uploads\/2025\/06\/ONETP-2025_Agro_Guia-de-trabajo-grupal-en-EF.pdf\" target=\"_blank\" rel=\"noreferrer noopener\">Gu\u00eda de Trabajo Grupal<\/a><\/strong><\/li>\n\n\n\n<li><strong><a href=\"https:\/\/www.inet.edu.ar\/wp-content\/uploads\/2025\/06\/ONETP-2025_Agro_Instructivo-Equipo-Directivo.pdf\" data-type=\"link\" data-id=\"https:\/\/www.inet.edu.ar\/wp-content\/uploads\/2025\/06\/ONETP-2025_Agro_Instructivo-Equipo-Directivo.pdf\" target=\"_blank\" rel=\"noreferrer noopener\">Instructivo Equipo Directivo<\/a><\/strong><\/li>\n\n\n\n<li><strong><a href=\"https:\/\/www.inet.edu.ar\/wp-content\/uploads\/2025\/06\/ONETP-2025_Agro_IE-Criterios-de-Evaluacion.pdf\" data-type=\"link\" data-id=\"https:\/\/www.inet.edu.ar\/wp-content\/uploads\/2025\/06\/ONETP-2025_Agro_IE-Criterios-de-Evaluacion.pdf\" target=\"_blank\" rel=\"noreferrer noopener\">Criterios de Evaluaci\u00f3n<\/a><\/strong><\/li>\n\n\n\n<li><strong><a href=\"https:\/\/www.inet.edu.ar\/wp-content\/uploads\/2025\/06\/ONETP-2025_Agro_IE-Ficha-EF.pdf\" data-type=\"link\" data-id=\"https:\/\/www.inet.edu.ar\/wp-content\/uploads\/2025\/06\/ONETP-2025_Agro_IE-Ficha-EF.pdf\" target=\"_blank\" rel=\"noreferrer noopener\">Ficha Entorno Formativo<\/a><\/strong><\/li>\n\n\n\n<li><strong><a href=\"https:\/\/www.inet.edu.ar\/wp-content\/uploads\/2025\/06\/ONETP-2025_Agro_IE-Planilla-EF-Rubrica.pdf\" data-type=\"link\" data-id=\"https:\/\/www.inet.edu.ar\/wp-content\/uploads\/2025\/06\/ONETP-2025_Agro_IE-Planilla-EF-Rubrica.pdf\" target=\"_blank\" rel=\"noreferrer noopener\">Planilla<\/a><\/strong><\/li>\n<\/ul>\n\n\n\n<p><strong>PROGRAMACI\u00d3N<\/strong><\/p>\n\n\n\n<ul class=\"wp-block-list\">\n<li><strong><a href=\"https:\/\/www.inet.edu.ar\/wp-content\/uploads\/2025\/06\/ONETP_2025_Programacion_Estudiantes.pdf\" data-type=\"link\" data-id=\"https:\/\/www.inet.edu.ar\/wp-content\/uploads\/2025\/06\/ONETP_2025_Programacion_Estudiantes.pdf\" target=\"_blank\" rel=\"noreferrer noopener\">Documento para estudiantes<\/a><\/strong><\/li>\n\n\n\n<li><strong><a href=\"https:\/\/www.inet.edu.ar\/wp-content\/uploads\/2025\/06\/ONETP_2025_Programacion_Docentes.pdf\" data-type=\"link\" data-id=\"https:\/\/www.inet.edu.ar\/wp-content\/uploads\/2025\/06\/ONETP_2025_Programacion_Docentes.pdf\" target=\"_blank\" rel=\"noreferrer noopener\">Documento para docentes<\/a><\/strong><\/li>\n<\/ul>\n\n\n\n<p><strong>QU\u00cdMICA<\/strong><\/p>\n\n\n\n<ul class=\"wp-block-list\">\n<li><a href=\"https:\/\/www.inet.edu.ar\/wp-content\/uploads\/2025\/06\/ONETP-2025_Quimica_para-estudiantes.pdf\" data-type=\"link\" data-id=\"https:\/\/www.inet.edu.ar\/wp-content\/uploads\/2025\/06\/ONETP-2025_Quimica_para-estudiantes.pdf\" target=\"_blank\" rel=\"noreferrer noopener\"><strong>Documento para estudiantes<\/strong><\/a><\/li>\n\n\n\n<li><strong><a href=\"https:\/\/www.inet.edu.ar\/wp-content\/uploads\/2025\/06\/ONETP-2025_Quimica_Para-docentes.pdf\" data-type=\"link\" data-id=\"https:\/\/www.inet.edu.ar\/wp-content\/uploads\/2025\/06\/ONETP-2025_Quimica_Para-docentes.pdf\" target=\"_blank\" rel=\"noreferrer noopener\">Documento para docentes<\/a><\/strong><\/li>\n<\/ul>\n\n\n\n<p><strong>TECNOLOG\u00cdA DE LOS ALIMENTOS<\/strong><\/p>\n\n\n\n<ul class=\"wp-block-list\">\n<li><a href=\"https:\/\/www.inet.edu.ar\/wp-content\/uploads\/2025\/06\/ONETP-2025_Alimentos_para-estudiantes.pdf\" data-type=\"link\" data-id=\"https:\/\/www.inet.edu.ar\/wp-content\/uploads\/2025\/06\/ONETP-2025_Alimentos_para-estudiantes.pdf\" target=\"_blank\" rel=\"noreferrer noopener\"><strong>Documento para estudiantes<\/strong><\/a><\/li>\n\n\n\n<li><a href=\"https:\/\/www.inet.edu.ar\/wp-content\/uploads\/2025\/06\/ONETP-2025_Alimentos_para-docentes.pdf\" data-type=\"link\" data-id=\"https:\/\/www.inet.edu.ar\/wp-content\/uploads\/2025\/06\/ONETP-2025_Alimentos_para-docentes.pdf\" target=\"_blank\" rel=\"noreferrer noopener\"><strong>Documento para docentes<\/strong><\/a><\/li>\n<\/ul>\n","protected":false},"excerpt":{"rendered":"<p>ADMINISTRACI\u00d3N DE EMPRESAS AERON\u00c1UTICA AUTOMOTORES CONSTRUCCIONES ENERG\u00cdA EL\u00c9CTRICA ELECTROMEC\u00c1NICA ELECTR\u00d3NICA ENERG\u00cdAS RENOVABLES INDUSTRIA MULTIMEDIAL INDUSTRIA DE PROCESOS INFORM\u00c1TICA MEC\u00c1NICA PRODUCCI\u00d3N AGROPECUARIA PROGRAMACI\u00d3N QU\u00cdMICA TECNOLOG\u00cdA DE LOS ALIMENTOS<\/p>\n","protected":false},"author":3,"featured_media":0,"parent":40857,"menu_order":0,"comment_status":"closed","ping_status":"closed","template":"","meta":{"footnotes":""},"class_list":["post-40992","page","type-page","status-publish","hentry"],"_links":{"self":[{"href":"https:\/\/www.inet.edu.ar\/index.php\/wp-json\/wp\/v2\/pages\/40992","targetHints":{"allow":["GET"]}}],"collection":[{"href":"https:\/\/www.inet.edu.ar\/index.php\/wp-json\/wp\/v2\/pages"}],"about":[{"href":"https:\/\/www.inet.edu.ar\/index.php\/wp-json\/wp\/v2\/types\/page"}],"author":[{"embeddable":true,"href":"https:\/\/www.inet.edu.ar\/index.php\/wp-json\/wp\/v2\/users\/3"}],"replies":[{"embeddable":true,"href":"https:\/\/www.inet.edu.ar\/index.php\/wp-json\/wp\/v2\/comments?post=40992"}],"version-history":[{"count":8,"href":"https:\/\/www.inet.edu.ar\/index.php\/wp-json\/wp\/v2\/pages\/40992\/revisions"}],"predecessor-version":[{"id":41073,"href":"https:\/\/www.inet.edu.ar\/index.php\/wp-json\/wp\/v2\/pages\/40992\/revisions\/41073"}],"up":[{"embeddable":true,"href":"https:\/\/www.inet.edu.ar\/index.php\/wp-json\/wp\/v2\/pages\/40857"}],"wp:attachment":[{"href":"https:\/\/www.inet.edu.ar\/index.php\/wp-json\/wp\/v2\/media?parent=40992"}],"curies":[{"name":"wp","href":"https:\/\/api.w.org\/{rel}","templated":true}]}}