{"id":41066,"date":"2025-06-13T19:36:28","date_gmt":"2025-06-13T22:36:28","guid":{"rendered":"https:\/\/www.inet.edu.ar\/?page_id=41066"},"modified":"2025-06-19T16:05:37","modified_gmt":"2025-06-19T19:05:37","slug":"emprender-en-la-etp","status":"publish","type":"page","link":"https:\/\/www.inet.edu.ar\/index.php\/emprender-en-la-etp\/","title":{"rendered":"Emprender en la ETP"},"content":{"rendered":"\n<p>El Ministerio de Capital Humano de la Naci\u00f3n, a trav\u00e9s de la Secretar\u00eda de Educaci\u00f3n impulsa la iniciativa con el objetivo de promover el desarrollo de capacidades emprendedoras en j\u00f3venes y adultos que forman parte de la Educaci\u00f3n T\u00e9cnico Profesional.\u00a0<\/p>\n\n\n\n<p>El enfoque ser\u00e1 el de potenciar, recuperar, apoyar, motivar y acompa\u00f1ar emprendimientos generados  que coadyuven a los alumnos con bienes y servicios al bienestar econ\u00f3mico, cultural y social. Desde el \u00e1mbito institucional se promover\u00e1n las condiciones necesarias para interactuar en el ecosistema emprendedor en b\u00fasqueda de acompa\u00f1amiento profesional, formaci\u00f3n, intercambio, apoyo estrat\u00e9gico y financiamiento por parte de los diversos actores que intervienen en el proceso. <\/p>\n\n\n\n<p>Esta iniciativa es acompa\u00f1ada desde diversas esferas del Estado Nacional y de los estados provinciales, en colaboraci\u00f3n con los sectores de la producci\u00f3n, el trabajo, as\u00ed como las organizaciones y fundaciones comprometidas con la educaci\u00f3n y el desarrollo de capacidades emprendedoras.<\/p>\n\n\n\n<p>Sus principales funciones son:<\/p>\n\n\n\n<ul class=\"wp-block-list\">\n<li>Impulsar el desarrollo de capacidades emprendedoras en j\u00f3venes y adultos de la Educaci\u00f3n T\u00e9cnico Profesional, promoviendo su protagonismo como agentes de cambio en sus comunidades.<br><\/li>\n\n\n\n<li>Brindar apoyo integral a emprendimientos de estudiantes de la ETP, que den la posibilidad de extender sus fronteras, trascender los l\u00edmites institucionales y constituirse en una herramienta potente para los entramados productivos locales.<br><\/li>\n\n\n\n<li>Generar condiciones institucionales para que los estudiantes puedan interactuar con actores clave del ecosistema emprendedor y accedan a formaci\u00f3n, mentor\u00edas, redes de contacto y financiamiento.<br><\/li>\n\n\n\n<li>Promover el trabajo conjunto entre el Estado, el sector productivo, organizaciones sociales y educativas para potenciar el desarrollo emprendedor en el \u00e1mbito t\u00e9cnico profesional.<\/li>\n<\/ul>\n","protected":false},"excerpt":{"rendered":"<p>El Ministerio de Capital Humano de la Naci\u00f3n, a trav\u00e9s de la Secretar\u00eda de Educaci\u00f3n impulsa la iniciativa con el objetivo de promover el desarrollo de capacidades emprendedoras en j\u00f3venes y adultos que forman parte de la Educaci\u00f3n T\u00e9cnico Profesional.\u00a0 El enfoque ser\u00e1 el de potenciar, recuperar, apoyar, motivar y acompa\u00f1ar emprendimientos generados que coadyuven [&hellip;]<\/p>\n","protected":false},"author":15,"featured_media":0,"parent":0,"menu_order":6,"comment_status":"closed","ping_status":"closed","template":"","meta":{"footnotes":""},"class_list":["post-41066","page","type-page","status-publish","hentry"],"_links":{"self":[{"href":"https:\/\/www.inet.edu.ar\/index.php\/wp-json\/wp\/v2\/pages\/41066","targetHints":{"allow":["GET"]}}],"collection":[{"href":"https:\/\/www.inet.edu.ar\/index.php\/wp-json\/wp\/v2\/pages"}],"about":[{"href":"https:\/\/www.inet.edu.ar\/index.php\/wp-json\/wp\/v2\/types\/page"}],"author":[{"embeddable":true,"href":"https:\/\/www.inet.edu.ar\/index.php\/wp-json\/wp\/v2\/users\/15"}],"replies":[{"embeddable":true,"href":"https:\/\/www.inet.edu.ar\/index.php\/wp-json\/wp\/v2\/comments?post=41066"}],"version-history":[{"count":2,"href":"https:\/\/www.inet.edu.ar\/index.php\/wp-json\/wp\/v2\/pages\/41066\/revisions"}],"predecessor-version":[{"id":41081,"href":"https:\/\/www.inet.edu.ar\/index.php\/wp-json\/wp\/v2\/pages\/41066\/revisions\/41081"}],"wp:attachment":[{"href":"https:\/\/www.inet.edu.ar\/index.php\/wp-json\/wp\/v2\/media?parent=41066"}],"curies":[{"name":"wp","href":"https:\/\/api.w.org\/{rel}","templated":true}]}}