{"id":41084,"date":"2025-06-19T13:16:16","date_gmt":"2025-06-19T16:16:16","guid":{"rendered":"https:\/\/www.inet.edu.ar\/?page_id=41084"},"modified":"2025-06-19T16:33:04","modified_gmt":"2025-06-19T19:33:04","slug":"lanzamiento-emprender-en-la-etp-2024","status":"publish","type":"page","link":"https:\/\/www.inet.edu.ar\/index.php\/emprender-en-la-etp\/lanzamiento-emprender-en-la-etp-2024\/","title":{"rendered":"Lanzamiento Emprender en la ETP 2024"},"content":{"rendered":"\n<p>En octubre del 2024, en la Secretar\u00eda de Educaci\u00f3n de la Naci\u00f3n, se inaugur\u00f3 el evento \u201cEmprender en la educaci\u00f3n t\u00e9cnico profesional\u201d, donde se recibi\u00f3 al personal docente, directivos supervisores de la formaci\u00f3n profesional e interesados en la formaci\u00f3n emprendedora. <\/p>\n\n\n\n<p>Esta iniciativa se inscribe en el programa de formaci\u00f3n de formadores que impulsa el Instituto Nacional de Educaci\u00f3n Tecnol\u00f3gica (INET) junto con la Secretar\u00eda de Peque\u00f1as y Medianas Empresas, Emprendedores y Econom\u00eda del Conocimiento, a trav\u00e9s de la Subsecretar\u00eda de Emprendedores, y la ONG Junior Achievemnt Argentina.<\/p>\n\n\n\n<p><strong>Link de la publicaci\u00f3n:<\/strong> <strong><a href=\"https:\/\/www.argentina.gob.ar\/noticias\/jornada-de-capacitacion-para-mejorar-el-emprendedurismo-en-la-escuela-tecnica\">Click aqu\u00ed<\/a><\/strong><\/p>\n","protected":false},"excerpt":{"rendered":"<p>En octubre del 2024, en la Secretar\u00eda de Educaci\u00f3n de la Naci\u00f3n, se inaugur\u00f3 el evento \u201cEmprender en la educaci\u00f3n t\u00e9cnico profesional\u201d, donde se recibi\u00f3 al personal docente, directivos supervisores de la formaci\u00f3n profesional e interesados en la formaci\u00f3n emprendedora. Esta iniciativa se inscribe en el programa de formaci\u00f3n de formadores que impulsa el Instituto [&hellip;]<\/p>\n","protected":false},"author":15,"featured_media":0,"parent":41066,"menu_order":2,"comment_status":"closed","ping_status":"closed","template":"","meta":{"footnotes":""},"class_list":["post-41084","page","type-page","status-publish","hentry"],"_links":{"self":[{"href":"https:\/\/www.inet.edu.ar\/index.php\/wp-json\/wp\/v2\/pages\/41084","targetHints":{"allow":["GET"]}}],"collection":[{"href":"https:\/\/www.inet.edu.ar\/index.php\/wp-json\/wp\/v2\/pages"}],"about":[{"href":"https:\/\/www.inet.edu.ar\/index.php\/wp-json\/wp\/v2\/types\/page"}],"author":[{"embeddable":true,"href":"https:\/\/www.inet.edu.ar\/index.php\/wp-json\/wp\/v2\/users\/15"}],"replies":[{"embeddable":true,"href":"https:\/\/www.inet.edu.ar\/index.php\/wp-json\/wp\/v2\/comments?post=41084"}],"version-history":[{"count":3,"href":"https:\/\/www.inet.edu.ar\/index.php\/wp-json\/wp\/v2\/pages\/41084\/revisions"}],"predecessor-version":[{"id":41111,"href":"https:\/\/www.inet.edu.ar\/index.php\/wp-json\/wp\/v2\/pages\/41084\/revisions\/41111"}],"up":[{"embeddable":true,"href":"https:\/\/www.inet.edu.ar\/index.php\/wp-json\/wp\/v2\/pages\/41066"}],"wp:attachment":[{"href":"https:\/\/www.inet.edu.ar\/index.php\/wp-json\/wp\/v2\/media?parent=41084"}],"curies":[{"name":"wp","href":"https:\/\/api.w.org\/{rel}","templated":true}]}}