{"id":41089,"date":"2025-06-19T13:19:59","date_gmt":"2025-06-19T16:19:59","guid":{"rendered":"https:\/\/www.inet.edu.ar\/?page_id=41089"},"modified":"2025-06-19T16:29:18","modified_gmt":"2025-06-19T19:29:18","slug":"planes-programas-y-proyectos","status":"publish","type":"page","link":"https:\/\/www.inet.edu.ar\/index.php\/emprender-en-la-etp\/planes-programas-y-proyectos\/","title":{"rendered":"Planes, programas y proyectos"},"content":{"rendered":"\n<p>Existen m\u00faltiples propuestas para que accedas a formaciones vinculadas con el ecosistema emprendedor. Nuestra intenci\u00f3n es compartirte informaci\u00f3n sobre diversas \u00e1reas del Estado Nacional, de los estados provinciales y municipales, organizaciones de la sociedad civil que trabajan en potenciar, recuperar, apoyar, motivar y acompa\u00f1ar emprendimientos.<\/p>\n\n\n\n<p>Nos proponemos acompa\u00f1ar a los estudiantes en la adquisici\u00f3n de conocimientos, actitudes, habilidades y destrezas para llevar adelante un plan de negocio, que de como resultado un proceso de estimulaci\u00f3n de la comprensi\u00f3n, innovaci\u00f3n y creatividad, con las siguientes capacitaciones:<\/p>\n\n\n\n<p><strong>INSTITUTO DE PROPIEDAD INDUSTRIAL (INPI)<\/strong><\/p>\n\n\n\n<p><strong>Link del video institucional:<\/strong> <strong><a href=\"https:\/\/drive.google.com\/file\/d\/1jexJ-NJ2opWwHZ34890YGcC9wwTM-_h5\/view\">Click aqu\u00ed<\/a>\u00a0<\/strong><\/p>\n\n\n\n<p><strong>Link del PDF institucional<\/strong>:<strong> <a href=\"file:\/\/\/C:\/Users\/jp.molinotorres\/Downloads\/2025_Institucional%20Presentaci%C3%B3n%20[Autoguardado].pptx.pdf\">Click aqu\u00ed<\/a><\/strong><\/p>\n\n\n\n<p><strong>CENTRO NACIONAL DE EDUCACI\u00d3N TECNOL\u00d3GICA (CeNET)<\/strong><\/p>\n\n\n\n<p>El curso que se dicta en el \u00e1rea del CeNET \u201cFormaci\u00f3n emprendedora en la Educaci\u00f3n T\u00e9cnica Profesional (ETP)\u201d busca dotar a los docentes de herramientas pedag\u00f3gicas que permitan complementar la ense\u00f1anza t\u00e9cnico-espec\u00edfica con competencias emprendedoras. <\/p>\n\n\n\n<p><strong>Link de la propuesta de cursos del CENET<\/strong>: <a href=\"https:\/\/www.inet.edu.ar\/index.php\/cenet\/oferta-de-capacitacion\/oferta-virtual\/\"><strong>Click aqu\u00ed\u00a0<\/strong><\/a><\/p>\n\n\n\n<p>Solo podr\u00e1n inscribirse cuando est\u00e9 abierta la oferta total de los cursos. <\/p>\n\n\n\n<p><\/p>\n","protected":false},"excerpt":{"rendered":"<p>Existen m\u00faltiples propuestas para que accedas a formaciones vinculadas con el ecosistema emprendedor. Nuestra intenci\u00f3n es compartirte informaci\u00f3n sobre diversas \u00e1reas del Estado Nacional, de los estados provinciales y municipales, organizaciones de la sociedad civil que trabajan en potenciar, recuperar, apoyar, motivar y acompa\u00f1ar emprendimientos. Nos proponemos acompa\u00f1ar a los estudiantes en la adquisici\u00f3n de [&hellip;]<\/p>\n","protected":false},"author":15,"featured_media":0,"parent":41066,"menu_order":3,"comment_status":"closed","ping_status":"closed","template":"","meta":{"footnotes":""},"class_list":["post-41089","page","type-page","status-publish","hentry"],"_links":{"self":[{"href":"https:\/\/www.inet.edu.ar\/index.php\/wp-json\/wp\/v2\/pages\/41089","targetHints":{"allow":["GET"]}}],"collection":[{"href":"https:\/\/www.inet.edu.ar\/index.php\/wp-json\/wp\/v2\/pages"}],"about":[{"href":"https:\/\/www.inet.edu.ar\/index.php\/wp-json\/wp\/v2\/types\/page"}],"author":[{"embeddable":true,"href":"https:\/\/www.inet.edu.ar\/index.php\/wp-json\/wp\/v2\/users\/15"}],"replies":[{"embeddable":true,"href":"https:\/\/www.inet.edu.ar\/index.php\/wp-json\/wp\/v2\/comments?post=41089"}],"version-history":[{"count":4,"href":"https:\/\/www.inet.edu.ar\/index.php\/wp-json\/wp\/v2\/pages\/41089\/revisions"}],"predecessor-version":[{"id":41109,"href":"https:\/\/www.inet.edu.ar\/index.php\/wp-json\/wp\/v2\/pages\/41089\/revisions\/41109"}],"up":[{"embeddable":true,"href":"https:\/\/www.inet.edu.ar\/index.php\/wp-json\/wp\/v2\/pages\/41066"}],"wp:attachment":[{"href":"https:\/\/www.inet.edu.ar\/index.php\/wp-json\/wp\/v2\/media?parent=41089"}],"curies":[{"name":"wp","href":"https:\/\/api.w.org\/{rel}","templated":true}]}}