{"id":41092,"date":"2025-06-19T13:20:55","date_gmt":"2025-06-19T16:20:55","guid":{"rendered":"https:\/\/www.inet.edu.ar\/?page_id=41092"},"modified":"2025-06-19T16:34:09","modified_gmt":"2025-06-19T19:34:09","slug":"aprender-a-emprender","status":"publish","type":"page","link":"https:\/\/www.inet.edu.ar\/index.php\/emprender-en-la-etp\/aprender-a-emprender\/","title":{"rendered":"Aprender a Emprender"},"content":{"rendered":"\n<p>El programa&nbsp;<strong>\u201cAprender a emprender\u201d<\/strong> se impulsa&nbsp;desde la Organizaci\u00f3n no Gubernamental (ONG) Junior Achievement, en una propuesta innovadora que permite a los estudiantes de escuelas de entre 15 y 18 a\u00f1os, la posibilidad de crear, organizar y operar un proyecto real. &nbsp;<\/p>\n\n\n\n<p>El programa est\u00e1 destinado para alumnos de los \u00faltimos tres a\u00f1os del secundario de todo el pa\u00eds, y se pide como \u00fanico requisito excluyente la conectividad en la escuela para ofrecer las experiencias de capacitaci\u00f3n y de formaci\u00f3n con los estudiantes.<\/p>\n\n\n\n<p><strong>Mas info del programa:<\/strong>&nbsp; <a href=\"https:\/\/www.inet.edu.ar\/wp-content\/uploads\/2025\/06\/Aprender-a-Emprender-Descripcion-del-programa.pdf\"><strong>Link a PDF descripci\u00f3n del programa<\/strong><\/a><\/p>\n\n\n\n<p><strong>Aprender a emprender en la ETP :<\/strong><a href=\"https:\/\/www.inet.edu.ar\/wp-content\/uploads\/2025\/06\/AAE-propuesta-Prov-Tecnica-002.pdf\"> <\/a><a href=\"https:\/\/www.inet.edu.ar\/wp-content\/uploads\/2025\/06\/AAE-propuesta-Prov-Tecnica-002.pdf\"><strong>Link a PDF propuesta prov t\u00e9cnica<\/strong><\/a><\/p>\n\n\n\n<p><strong>Consultas:<\/strong> <a href=\"mailto:lanzamientoemprender@educacion.gob.ar\"><strong>lanzamientoemprender@educacion.gob.ar<\/strong><\/a><\/p>\n","protected":false},"excerpt":{"rendered":"<p>El programa&nbsp;\u201cAprender a emprender\u201d se impulsa&nbsp;desde la Organizaci\u00f3n no Gubernamental (ONG) Junior Achievement, en una propuesta innovadora que permite a los estudiantes de escuelas de entre 15 y 18 a\u00f1os, la posibilidad de crear, organizar y operar un proyecto real. &nbsp; El programa est\u00e1 destinado para alumnos de los \u00faltimos tres a\u00f1os del secundario de [&hellip;]<\/p>\n","protected":false},"author":15,"featured_media":0,"parent":41066,"menu_order":1,"comment_status":"closed","ping_status":"closed","template":"","meta":{"footnotes":""},"class_list":["post-41092","page","type-page","status-publish","hentry"],"_links":{"self":[{"href":"https:\/\/www.inet.edu.ar\/index.php\/wp-json\/wp\/v2\/pages\/41092","targetHints":{"allow":["GET"]}}],"collection":[{"href":"https:\/\/www.inet.edu.ar\/index.php\/wp-json\/wp\/v2\/pages"}],"about":[{"href":"https:\/\/www.inet.edu.ar\/index.php\/wp-json\/wp\/v2\/types\/page"}],"author":[{"embeddable":true,"href":"https:\/\/www.inet.edu.ar\/index.php\/wp-json\/wp\/v2\/users\/15"}],"replies":[{"embeddable":true,"href":"https:\/\/www.inet.edu.ar\/index.php\/wp-json\/wp\/v2\/comments?post=41092"}],"version-history":[{"count":4,"href":"https:\/\/www.inet.edu.ar\/index.php\/wp-json\/wp\/v2\/pages\/41092\/revisions"}],"predecessor-version":[{"id":41112,"href":"https:\/\/www.inet.edu.ar\/index.php\/wp-json\/wp\/v2\/pages\/41092\/revisions\/41112"}],"up":[{"embeddable":true,"href":"https:\/\/www.inet.edu.ar\/index.php\/wp-json\/wp\/v2\/pages\/41066"}],"wp:attachment":[{"href":"https:\/\/www.inet.edu.ar\/index.php\/wp-json\/wp\/v2\/media?parent=41092"}],"curies":[{"name":"wp","href":"https:\/\/api.w.org\/{rel}","templated":true}]}}