{"id":41094,"date":"2025-06-19T13:22:11","date_gmt":"2025-06-19T16:22:11","guid":{"rendered":"https:\/\/www.inet.edu.ar\/?page_id=41094"},"modified":"2025-08-22T11:18:56","modified_gmt":"2025-08-22T14:18:56","slug":"novedades","status":"publish","type":"page","link":"https:\/\/www.inet.edu.ar\/index.php\/emprender-en-la-etp\/novedades\/","title":{"rendered":"Novedades"},"content":{"rendered":"\n<p><strong>Estudiantes de Bariloche sorprenden con una mermelada y un untable de topinambur<br>R\u00edo Negro &#8211; Bariloche.<\/strong> En el marco de la propuesta de Emprender en la Educaci\u00f3n T\u00e9cnico Profesional,\u00a0estudiantes de sexto a\u00f1o del CET N\u00b0 25 crearon mermeladas y untables de topinambur.\u00a0El proyecto, en plena etapa de producci\u00f3n, se llama Refugio Patag\u00f3nico.<br>M\u00e1s informaci\u00f3n: <a href=\"https:\/\/www.rionegro.com.ar\/sociedad\/del-aula-a-la-mesa-estudiantes-de-bariloche-sorprenden-con-una-mermelada-y-un-untable-de-topinambur\"><strong>https:\/\/www.rionegro.com.ar\/sociedad\/del-aula-a-la-mesa-estudiantes-de-bariloche-sorprenden-con-una-mermelada-y-un-untable-de-topinambur<\/strong><\/a><\/p>\n\n\n\n<hr class=\"wp-block-separator has-alpha-channel-opacity\"\/>\n\n\n\n<p><strong>Alumnos de la Escuela T\u00e9cnica participaron en la etapa local de \u201cAgromakers\u201d<\/strong><br><strong>Santa Fe &#8211; Rosario.<\/strong> Este programa fomenta el esp\u00edritu emprendedor en j\u00f3venes a trav\u00e9s de la innovaci\u00f3n y el desarrollo de proyectos. La actividad, cont\u00f3 con la participaci\u00f3n de alumnos de cuarto a\u00f1o de la Escuela T\u00e9cnica N\u00b0 343, quienes trabajaron en propuestas creativas bajo la gu\u00eda de especialistas de la Fundaci\u00f3n Bolsa de Comercio Rosario y la Universidad Austral.<br>M\u00e1s informaci\u00f3n: <a href=\"https:\/\/eltrebol.gov.ar\/alumnos-de-la-escuela-tecnica-participaron-en-la-etapa-local-de-agromakers\/\"><strong>https:\/\/eltrebol.gov.ar\/alumnos-de-la-escuela-tecnica-participaron-en-la-etapa-local-de-agromakers\/<\/strong><\/a><\/p>\n\n\n\n<hr class=\"wp-block-separator has-alpha-channel-opacity\"\/>\n\n\n\n<p><strong>Estrategias de financiamiento para hacer crecer tu pyme o emprendimiento<\/strong><br>Desde<strong> Capacitar<\/strong>, en conjunto con diferentes instituciones especializadas, tenemos el agrado de invitarte a participar del ciclo de encuentros virtuales sincr\u00f3nicos, una propuesta orientada a potenciar el acceso al financiamiento y la inclusi\u00f3n financiera de pymes y emprendedores.<br>Este ciclo tiene como objetivo brindar herramientas pr\u00e1cticas y conocimientos clave para que emprendedores y empresarios pyme puedan prepararse de manera efectiva y acceder a distintas formas de financiamiento. <br>La actividad est\u00e1 dirigida a emprendedores con proyectos en marcha o en ideaci\u00f3n, empresarios pyme de todos los sectores, empleados de pymes, organizaciones de apoyo a emprendimientos y consultores especializados.<br>El primer encuentro, \u201cPasos clave para financiar tu pyme o emprendimiento\u201d, abordar\u00e1 temas como: C\u00f3mo preparar a una empresa para el financiamiento, Planificaci\u00f3n financiera y gesti\u00f3n del riesgo, La informaci\u00f3n contable y financiera, Evaluaci\u00f3n de proyectos de inversi\u00f3n y La importancia de estructurarse para recibir financiamiento.<br>Contaremos con la participaci\u00f3n de Laura Fornasari (Sancor Seguros), Nicol\u00e1s Alfonso (Focus Investment Management | Cl\u00faster Fintech C\u00f3rdoba), Carolina Marceca (CAME) y representantes del Banco BICE, quienes estar\u00e1n disponibles para responder consultas en vivo.<br>Fecha y hora primer encuentro: <strong>Mi\u00e9rcoles 30 de julio, 11 h<\/strong><br>Modalidad: Virtual v\u00eda Zoom<br>Actividad gratuita con inscripci\u00f3n previa, <a href=\"https:\/\/us02web.zoom.us\/webinar\/register\/WN_gNXqIIyYQm-W6RSejYltPA#\/registration\" data-type=\"link\" data-id=\"https:\/\/us02web.zoom.us\/webinar\/register\/WN_gNXqIIyYQm-W6RSejYltPA#\/registration\" target=\"_blank\" rel=\"noreferrer noopener\"><strong>haciendo clic aqu\u00ed<\/strong><\/a><\/p>\n\n\n\n<hr class=\"wp-block-separator has-alpha-channel-opacity\"\/>\n\n\n\n<p><strong>Desarrollo Emprendedor 2025<\/strong><br>Chubut. Entre el 21 y 24 de julio se lleva a cabo este evento que cuenta con una trayectoria de casi 20 a\u00f1os en el sistema educativo de Chubut, durante los cuales se ha ido transformando, adapt\u00e1ndose a la realidad y a las necesidades del contexto.<br>Esta iniciativa tiene como objetivo promover las competencias emprendedoras en los y las estudiantes de Nivel Secundario y de los Centros de Formaci\u00f3n Profesional. Si se tiene en cuenta que actualmente un 80% del trabajo argentino se genera en las PyMEs, es innegable la importancia del desarrollo de estas competencias, con vistas a la inserci\u00f3n de los j\u00f3venes en el mundo del trabajo.<br>M\u00e1s informaci\u00f3n: <a href=\"https:\/\/chubut.edu.ar\/emprendedores\"><strong>https:\/\/chubut.edu.ar\/emprendedores<\/strong><\/a><\/p>\n\n\n\n<hr class=\"wp-block-separator has-alpha-channel-opacity\"\/>\n\n\n\n<p><strong>Conectar para Transformar<\/strong><br>BASF, compa\u00f1\u00eda qu\u00edmica con 75 a\u00f1os de presencia &nbsp;en Argentina y Junior Achievement, la ONG que inspira y prepara a los j\u00f3venes para su futuro, se unen por segundo a\u00f1o consecutivo para llevar adelante la implementaci\u00f3n del programa&nbsp;<em>Aprender a emprender<\/em>&nbsp;a m\u00e1s de 130 j\u00f3venes del municipio de Malvinas Argentinas (provincia de Buenos Aires) y la comunidad de General Lagos (provincia de Santa Fe). Una iniciativa dentro de la estrategia de compromiso social de la compa\u00f1\u00eda que convoca a instituciones con y sin fines de lucro, OSC y emprendedores de Argentina, Brasil y Chile, con el objetivo de impulsar proyectos enfocados en empleabilidad, educaci\u00f3n cient\u00edfica y medioambiental, y protecci\u00f3n de los recursos naturales y la biodiversidad.<br>Buenos Aires &#8211; Escuela de Educaci\u00f3n T\u00e9cnica N\u00b0 4 \u00abEscobar\u00bb, Gar\u00edn, Escobar&nbsp;<br>Santa Fe &#8211; Escuela de Educaci\u00f3n T\u00e9cnica Provincial N\u00b0 650 \u00abGeneral Jos\u00e9 de San Mart\u00edn\u00bb, Arroyo Seco<br>M\u00e1s informaci\u00f3n: <a href=\"https:\/\/www.basf.com\/ar\/es\/media\/news-releases\/2025\/Julio\/133-j-venes-participan-del-programa-Aprender-a-emprender-con-el-apoyo-de-BASF-por-segundo-a-o-consecutivo\"><strong>https:\/\/www.basf.com\/ar\/es\/media\/news-releases\/2025\/Julio\/133-j-venes-participan-del-programa-Aprender-a-emprender-con-el-apoyo-de-BASF-por-segundo-a-o-consecutivo<\/strong><\/a><\/p>\n\n\n\n<hr class=\"wp-block-separator has-alpha-channel-opacity\"\/>\n\n\n\n<p><strong>Emprender en el aula: herramientas para escuelas de modalidad t\u00e9cnico profesional<\/strong><br>Entre R\u00edos. Es una propuesta de la Vicegobernaci\u00f3n, a trav\u00e9s del Instituto de Formaci\u00f3n Legislativa; el Consejo General de Educaci\u00f3n, la Facultad de Ciencias Econ\u00f3micas de UNER y la Secretar\u00eda de Desarrollo Productivo y Emprendedor de Entre R\u00edos. Est\u00e1 destinada a docentes de escuelas estatales de modalidad t\u00e9cnico profesional. El objetivo es capacitar a educadores sobre herramientas y metodolog\u00edas que resultan de utilidad para el dise\u00f1o y ejecuci\u00f3n de propuestas acad\u00e9micas sobre tem\u00e1ticas relacionadas al emprendedurismo. A su vez, permitir\u00e1 a los docentes acompa\u00f1ar a estudiantes en el establecimiento y desarrollo de sus emprendimientos, contando con herramientas introductorios para los \u201cprimeros pasos\u201d de un negocio.<br>M\u00e1s informaci\u00f3n: <a href=\"https:\/\/www.senadoer.gob.ar\/instituto-formacion-legislativa\/se-inicia-la-capacitacion-emprender-en-el-aula-herramientas-para-escuelas-de-modalidad-tecnico-profesional\"><strong>https:\/\/www.senadoer.gob.ar\/instituto-formacion-legislativa\/se-inicia-la-capacitacion-emprender-en-el-aula-herramientas-para-escuelas-de-modalidad-tecnico-profesional<\/strong><\/a><\/p>\n\n\n\n<hr class=\"wp-block-separator has-alpha-channel-opacity\"\/>\n\n\n\n<p><strong>Escuela de Educaci\u00f3n T\u00e9cnica N\u00ba 12 \u00abMar\u00eda Rosa Almandoz\u00bb<\/strong><br>Chaco. ECOTEC \u2013 Innovaci\u00f3n sustentable desde la Escuela T\u00e9cnica.<br>Es un proyecto desarrollado por estudiantes de nuestra escuela, que combina tecnolog\u00eda, conciencia ambiental y esp\u00edritu emprendedor. A partir del reciclado de botellas pl\u00e1sticas PET, producimos nuestro propio filamento para impresoras 3D y lo utilizamos para crear tazas, objetos decorativos y art\u00edculos funcionales personalizados.<br>Este emprendimiento que nace en el marco de la implementaci\u00f3n del Programa Aprender a Emprender y con la asistencia t\u00e9cnica de la Fundaci\u00f3n Junior Achievement demuestra que desde la escuela se puede emprender con impacto, generando aprendizajes significativos y aportes concretos al cuidado del ambiente. ECOTEC es m\u00e1s que un proyecto: es una forma de pensar el futuro desde la tecnolog\u00eda y la responsabilidad social. <br>M\u00e1s informaci\u00f3n: <a href=\"https:\/\/aprenderaemprender.org.ar\/ecotec\"><strong>https:\/\/aprenderaemprender.org.ar\/ecotec<\/strong><\/a><\/p>\n\n\n\n<hr class=\"wp-block-separator has-alpha-channel-opacity\"\/>\n\n\n\n<p><strong>8vo. Hackaton Acindar<\/strong><br>Se llevar\u00e1 a cabo entre el 26 y 29 de agosto. Esta iniciativa organizada por Fundaci\u00f3n Acindar junto a Faro Digital invita a equipos de estudiantes de los \u00faltimos a\u00f1os de escuela secundaria y t\u00e9cnica junto a sus docentes, a convertir ideas en soluciones innovadoras en tan solo 4 d\u00edas: crear ideas, prototipos y soluciones para problemas reales. Todo eso en equipos, con ayuda de mentores, \u00a1y con muchas ganas de pensar distinto!<br>Durante el evento usamos la metodolog\u00eda Design Sprint, la misma que usan muchas empresas de tecnolog\u00eda para encontrar soluciones creativas.<br>Hace clic&nbsp;en <a href=\"http:\/\/www.hackatonacindar.com\"><strong>www.hackatonacindar.com<\/strong><\/a> y acced\u00e9 al formulario de inscripci\u00f3n, el documento de bases y condiciones, y la grabaci\u00f3n de la reuni\u00f3n informativa. Ante cualquier consulta, pueden escribir a: <strong><a href=\"mailto:hackatonacindar@farodigital.org\">hackatonacindar@farodigital.org<\/a><\/strong><\/p>\n\n\n\n<hr class=\"wp-block-separator has-alpha-channel-opacity\"\/>\n\n\n\n<p><strong>T\u00e9cnica Agropecuaria N\u00b0 4-198 \u00abFrancisco Garc\u00eda de Las Malvinas\u00bb, San Rafael<\/strong>.<br><strong>Mendoza. <\/strong>Los alumnos de 6to a\u00f1o participan de Aprender a emprender, un programa de alto impacto que estimula a los j\u00f3venes a crear, organizar y operar un emprendimiento real. Los estudiantes son guiados por su docente, con la capacitaci\u00f3n y el apoyo constante de Junior Achievement. El emprendimiento Dulce Destino es la propuesta que cuenta adem\u00e1s con el acompa\u00f1amiento de profesionales voluntarios que act\u00faan como mentores. <br>M\u00e1s informaci\u00f3n: <a href=\"https:\/\/diariosanrafael.com.ar\/dos-escuelas-sanrafaelinas-en-el-proyecto-nacional-aprender-a-emprender\/\"><strong>https:\/\/diariosanrafael.com.ar\/dos-escuelas-sanrafaelinas-en-el-proyecto-nacional-aprender-a-emprender\/<\/strong><\/a><\/p>\n\n\n\n<hr class=\"wp-block-separator has-alpha-channel-opacity\"\/>\n\n\n\n<p><strong>Impuls\u00e1 tu emprendimiento: cursos para aprender y potenciar tu proyecto<\/strong><br><strong>Jujuy.<\/strong> El Ministerio de Desarrollo Econ\u00f3mico y Producci\u00f3n present\u00f3 la nueva plataforma de la Escuela de Desarrollo Econ\u00f3mico y Productivo (EDEP), una herramienta clave para fortalecer el ecosistema emprendedor de la provincia. Con un dise\u00f1o m\u00e1s accesible, moderno e intuitivo, la EDEP se renueva para seguir acompa\u00f1ando a quienes generan trabajo desde sus ideas y proyectos. <a href=\"https:\/\/edep.jujuy.gob.ar\"><strong>https:\/\/edep.jujuy.gob.ar<\/strong><\/a><\/p>\n","protected":false},"excerpt":{"rendered":"<p>Estudiantes de Bariloche sorprenden con una mermelada y un untable de topinamburR\u00edo Negro &#8211; Bariloche. En el marco de la propuesta de Emprender en la Educaci\u00f3n T\u00e9cnico Profesional,\u00a0estudiantes de sexto a\u00f1o del CET N\u00b0 25 crearon mermeladas y untables de topinambur.\u00a0El proyecto, en plena etapa de producci\u00f3n, se llama Refugio Patag\u00f3nico.M\u00e1s informaci\u00f3n: https:\/\/www.rionegro.com.ar\/sociedad\/del-aula-a-la-mesa-estudiantes-de-bariloche-sorprenden-con-una-mermelada-y-un-untable-de-topinambur Alumnos de [&hellip;]<\/p>\n","protected":false},"author":15,"featured_media":0,"parent":41066,"menu_order":4,"comment_status":"closed","ping_status":"closed","template":"","meta":{"footnotes":""},"class_list":["post-41094","page","type-page","status-publish","hentry"],"_links":{"self":[{"href":"https:\/\/www.inet.edu.ar\/index.php\/wp-json\/wp\/v2\/pages\/41094","targetHints":{"allow":["GET"]}}],"collection":[{"href":"https:\/\/www.inet.edu.ar\/index.php\/wp-json\/wp\/v2\/pages"}],"about":[{"href":"https:\/\/www.inet.edu.ar\/index.php\/wp-json\/wp\/v2\/types\/page"}],"author":[{"embeddable":true,"href":"https:\/\/www.inet.edu.ar\/index.php\/wp-json\/wp\/v2\/users\/15"}],"replies":[{"embeddable":true,"href":"https:\/\/www.inet.edu.ar\/index.php\/wp-json\/wp\/v2\/comments?post=41094"}],"version-history":[{"count":11,"href":"https:\/\/www.inet.edu.ar\/index.php\/wp-json\/wp\/v2\/pages\/41094\/revisions"}],"predecessor-version":[{"id":41361,"href":"https:\/\/www.inet.edu.ar\/index.php\/wp-json\/wp\/v2\/pages\/41094\/revisions\/41361"}],"up":[{"embeddable":true,"href":"https:\/\/www.inet.edu.ar\/index.php\/wp-json\/wp\/v2\/pages\/41066"}],"wp:attachment":[{"href":"https:\/\/www.inet.edu.ar\/index.php\/wp-json\/wp\/v2\/media?parent=41094"}],"curies":[{"name":"wp","href":"https:\/\/api.w.org\/{rel}","templated":true}]}}