{"id":41114,"date":"2025-06-19T16:52:31","date_gmt":"2025-06-19T19:52:31","guid":{"rendered":"https:\/\/www.inet.edu.ar\/?page_id=41114"},"modified":"2025-06-23T14:08:16","modified_gmt":"2025-06-23T17:08:16","slug":"rueda-de-capitalizacion","status":"publish","type":"page","link":"https:\/\/www.inet.edu.ar\/index.php\/emprender-en-la-etp\/aprender-a-emprender\/rueda-de-capitalizacion\/","title":{"rendered":"Rueda de capitalizaci\u00f3n"},"content":{"rendered":"\n<p>Es un evento donde podr\u00e1s conocer e invertir en los emprendimientos de estudiantes entre 15 y 18 a\u00f1os del programa Aprender a emprender.<\/p>\n\n\n\n<p>Los emprendedores explicar\u00e1n su modelo de negocio, buscando reunir el capital necesario para ponerlos en marcha. Al invertir en un proyecto los est\u00e1s ayudando a cumplir sus metas y, al mismo tiempo, podr\u00e1s recibir los beneficios de acuerdo con la rentabilidad alcanzada.<\/p>\n\n\n\n<p>Ac\u00e9rcate a alguna de las 5 ediciones en: BBVA, en la Bolsa de Cereales, Escuela Rocca, Universidad del Cema y en el Palacio Libertad, en la Ciudad de Buenos Aires, los d\u00edas 24 y 25 de junio, y los d\u00edas 3, 10 y 11 de julio. <\/p>\n\n\n\n<p>Para participar deber\u00e1s anotarte en el siguiente link: <a href=\"https:\/\/app.formassembly.com\/5131299\"><strong>https:\/\/app.formassembly.com\/5131299<\/strong><\/a><\/p>\n","protected":false},"excerpt":{"rendered":"<p>Es un evento donde podr\u00e1s conocer e invertir en los emprendimientos de estudiantes entre 15 y 18 a\u00f1os del programa Aprender a emprender. Los emprendedores explicar\u00e1n su modelo de negocio, buscando reunir el capital necesario para ponerlos en marcha. Al invertir en un proyecto los est\u00e1s ayudando a cumplir sus metas y, al mismo tiempo, [&hellip;]<\/p>\n","protected":false},"author":15,"featured_media":0,"parent":41092,"menu_order":1,"comment_status":"closed","ping_status":"closed","template":"","meta":{"footnotes":""},"class_list":["post-41114","page","type-page","status-publish","hentry"],"_links":{"self":[{"href":"https:\/\/www.inet.edu.ar\/index.php\/wp-json\/wp\/v2\/pages\/41114","targetHints":{"allow":["GET"]}}],"collection":[{"href":"https:\/\/www.inet.edu.ar\/index.php\/wp-json\/wp\/v2\/pages"}],"about":[{"href":"https:\/\/www.inet.edu.ar\/index.php\/wp-json\/wp\/v2\/types\/page"}],"author":[{"embeddable":true,"href":"https:\/\/www.inet.edu.ar\/index.php\/wp-json\/wp\/v2\/users\/15"}],"replies":[{"embeddable":true,"href":"https:\/\/www.inet.edu.ar\/index.php\/wp-json\/wp\/v2\/comments?post=41114"}],"version-history":[{"count":2,"href":"https:\/\/www.inet.edu.ar\/index.php\/wp-json\/wp\/v2\/pages\/41114\/revisions"}],"predecessor-version":[{"id":41116,"href":"https:\/\/www.inet.edu.ar\/index.php\/wp-json\/wp\/v2\/pages\/41114\/revisions\/41116"}],"up":[{"embeddable":true,"href":"https:\/\/www.inet.edu.ar\/index.php\/wp-json\/wp\/v2\/pages\/41092"}],"wp:attachment":[{"href":"https:\/\/www.inet.edu.ar\/index.php\/wp-json\/wp\/v2\/media?parent=41114"}],"curies":[{"name":"wp","href":"https:\/\/api.w.org\/{rel}","templated":true}]}}