{"id":41118,"date":"2025-06-23T14:07:44","date_gmt":"2025-06-23T17:07:44","guid":{"rendered":"https:\/\/www.inet.edu.ar\/?page_id=41118"},"modified":"2025-06-23T15:31:43","modified_gmt":"2025-06-23T18:31:43","slug":"olimpiadas-de-educacion-financiera","status":"publish","type":"page","link":"https:\/\/www.inet.edu.ar\/index.php\/emprender-en-la-etp\/aprender-a-emprender\/olimpiadas-de-educacion-financiera\/","title":{"rendered":"Olimp\u00edadas de Educaci\u00f3n Financiera"},"content":{"rendered":"\n<p>Las Olimp\u00edadas de Educaci\u00f3n Financiera son una iniciativa nacional de Mercado Pago y Junior Achievement Argentina en colaboraci\u00f3n con Lufindo. En la primera edici\u00f3n participaron m\u00e1s de 360 j\u00f3venes de todo el pa\u00eds y este a\u00f1o la propuesta se extiende a m\u00e1s de 5500 j\u00f3venes de entre 15 y 18 a\u00f1os con el objetivo de continuar acercando conceptos claves para el manejo de sus finanzas personales y seguridad digital.<\/p>\n\n\n\n<p>En un contexto donde la educaci\u00f3n financiera es cada vez m\u00e1s esencial, las Olimp\u00edadas buscan brindar herramientas pr\u00e1cticas a los estudiantes de secundaria para que puedan tomar decisiones informadas sobre sus finanzas desde una edad temprana. La educaci\u00f3n financiera es el camino para que los j\u00f3venes puedan hacer un uso responsable e informado del dinero, lo que a su vez les da autonom\u00eda, refuerza su autoestima y les permite sentirse capaces de hacer realidad sus proyectos.<\/p>\n\n\n\n<p><strong><a href=\"https:\/\/junior.org.ar\/olimpiadas\/\">Para m\u00e1s informaci\u00f3n ingres\u00e1 a la web de Junior Achievement<\/a><\/strong><\/p>\n","protected":false},"excerpt":{"rendered":"<p>Las Olimp\u00edadas de Educaci\u00f3n Financiera son una iniciativa nacional de Mercado Pago y Junior Achievement Argentina en colaboraci\u00f3n con Lufindo. En la primera edici\u00f3n participaron m\u00e1s de 360 j\u00f3venes de todo el pa\u00eds y este a\u00f1o la propuesta se extiende a m\u00e1s de 5500 j\u00f3venes de entre 15 y 18 a\u00f1os con el objetivo de [&hellip;]<\/p>\n","protected":false},"author":15,"featured_media":0,"parent":41092,"menu_order":0,"comment_status":"closed","ping_status":"closed","template":"","meta":{"footnotes":""},"class_list":["post-41118","page","type-page","status-publish","hentry"],"_links":{"self":[{"href":"https:\/\/www.inet.edu.ar\/index.php\/wp-json\/wp\/v2\/pages\/41118","targetHints":{"allow":["GET"]}}],"collection":[{"href":"https:\/\/www.inet.edu.ar\/index.php\/wp-json\/wp\/v2\/pages"}],"about":[{"href":"https:\/\/www.inet.edu.ar\/index.php\/wp-json\/wp\/v2\/types\/page"}],"author":[{"embeddable":true,"href":"https:\/\/www.inet.edu.ar\/index.php\/wp-json\/wp\/v2\/users\/15"}],"replies":[{"embeddable":true,"href":"https:\/\/www.inet.edu.ar\/index.php\/wp-json\/wp\/v2\/comments?post=41118"}],"version-history":[{"count":6,"href":"https:\/\/www.inet.edu.ar\/index.php\/wp-json\/wp\/v2\/pages\/41118\/revisions"}],"predecessor-version":[{"id":41125,"href":"https:\/\/www.inet.edu.ar\/index.php\/wp-json\/wp\/v2\/pages\/41118\/revisions\/41125"}],"up":[{"embeddable":true,"href":"https:\/\/www.inet.edu.ar\/index.php\/wp-json\/wp\/v2\/pages\/41092"}],"wp:attachment":[{"href":"https:\/\/www.inet.edu.ar\/index.php\/wp-json\/wp\/v2\/media?parent=41118"}],"curies":[{"name":"wp","href":"https:\/\/api.w.org\/{rel}","templated":true}]}}