{"id":41868,"date":"2025-12-19T12:40:40","date_gmt":"2025-12-19T15:40:40","guid":{"rendered":"https:\/\/www.inet.edu.ar\/?page_id=41868"},"modified":"2025-12-22T12:51:13","modified_gmt":"2025-12-22T15:51:13","slug":"encuentro-nacional","status":"publish","type":"page","link":"https:\/\/www.inet.edu.ar\/index.php\/conetyp\/congreso-nacional-de-educacion-tecnico-profesional-agropecuaria\/encuentro-nacional\/","title":{"rendered":"Encuentro Nacional"},"content":{"rendered":"\n<ul class=\"wp-block-list\">\n<li><strong>Sede<\/strong>: Bolsa de Cereales, Ciudad Aut\u00f3noma de Buenos Aires<br><\/li>\n\n\n\n<li><strong>Fechas del evento<\/strong>: 3 de diciembre<br><\/li>\n\n\n\n<li><strong>Descargar documentaci\u00f3n correspondiente:<\/strong><br><a href=\"https:\/\/www.inet.edu.ar\/wp-content\/uploads\/2025\/12\/1-SAGyP-Congreso-Educacion-Agropecuaria-1.pptx\"><strong>-Congreso de Educaci\u00f3n Agropecuaria por SAGyP<\/strong><\/a><br><a href=\"https:\/\/www.inet.edu.ar\/wp-content\/uploads\/2025\/12\/5\u00b0-panel-ludavico-agro-nacional-1.pptx\"><strong>-Presentaci\u00f3n de Ludovico Grillo <\/strong><\/a><br><a href=\"https:\/\/www.inet.edu.ar\/wp-content\/uploads\/2025\/12\/2-Congreso-de-Educacion-Agropecuaria-1.pptx\"><strong>-Presentaci\u00f3n de Mayco Mansilla<\/strong><\/a><br><strong><a href=\"https:\/\/www.inet.edu.ar\/wp-content\/uploads\/2025\/12\/IICA-INET-1.pptx\">-Presentaci\u00f3n del Instituto Interamericano de Cooperaci\u00f3n para la Agricultura<\/a><\/strong><br><strong><a href=\"https:\/\/www.inet.edu.ar\/wp-content\/uploads\/2025\/12\/2\u00b0-bloque-IICA-INET-1.pdf\">-Segunda presentaci\u00f3n del Instituto Interamericano de Cooperaci\u00f3n para la Agricultura<\/a><\/strong><br><strong><a href=\"https:\/\/www.inet.edu.ar\/wp-content\/uploads\/2025\/12\/PresentacionCongreso-Nacional_2-12-1.pptx\">-Presentaci\u00f3n del CONETyP sobre el Congreso Nacional de Educaci\u00f3n Agropecuaria<\/a><\/strong><br><strong><a href=\"https:\/\/www.inet.edu.ar\/wp-content\/uploads\/2025\/12\/Presentation-Seminaire-INET-dec-25-1.pptx\">-Presentaci\u00f3n del Ministerio de Agricultura de Francia sobre la educaci\u00f3n agr\u00edcola<\/a><\/strong><\/li>\n<\/ul>\n\n\n\n<p><\/p>\n","protected":false},"excerpt":{"rendered":"","protected":false},"author":3,"featured_media":0,"parent":40774,"menu_order":0,"comment_status":"closed","ping_status":"closed","template":"","meta":{"footnotes":""},"class_list":["post-41868","page","type-page","status-publish","hentry"],"_links":{"self":[{"href":"https:\/\/www.inet.edu.ar\/index.php\/wp-json\/wp\/v2\/pages\/41868","targetHints":{"allow":["GET"]}}],"collection":[{"href":"https:\/\/www.inet.edu.ar\/index.php\/wp-json\/wp\/v2\/pages"}],"about":[{"href":"https:\/\/www.inet.edu.ar\/index.php\/wp-json\/wp\/v2\/types\/page"}],"author":[{"embeddable":true,"href":"https:\/\/www.inet.edu.ar\/index.php\/wp-json\/wp\/v2\/users\/3"}],"replies":[{"embeddable":true,"href":"https:\/\/www.inet.edu.ar\/index.php\/wp-json\/wp\/v2\/comments?post=41868"}],"version-history":[{"count":3,"href":"https:\/\/www.inet.edu.ar\/index.php\/wp-json\/wp\/v2\/pages\/41868\/revisions"}],"predecessor-version":[{"id":41922,"href":"https:\/\/www.inet.edu.ar\/index.php\/wp-json\/wp\/v2\/pages\/41868\/revisions\/41922"}],"up":[{"embeddable":true,"href":"https:\/\/www.inet.edu.ar\/index.php\/wp-json\/wp\/v2\/pages\/40774"}],"wp:attachment":[{"href":"https:\/\/www.inet.edu.ar\/index.php\/wp-json\/wp\/v2\/media?parent=41868"}],"curies":[{"name":"wp","href":"https:\/\/api.w.org\/{rel}","templated":true}]}}