{"id":41959,"date":"2026-01-12T10:53:59","date_gmt":"2026-01-12T13:53:59","guid":{"rendered":"https:\/\/www.inet.edu.ar\/?page_id=41959"},"modified":"2026-01-12T10:58:10","modified_gmt":"2026-01-12T13:58:10","slug":"evaluacion-de-aprendizajes-en-la-etp","status":"publish","type":"page","link":"https:\/\/www.inet.edu.ar\/index.php\/estudios-investigaciones\/evaluacion-de-aprendizajes-en-la-etp\/","title":{"rendered":"Evaluaci\u00f3n de Aprendizajes en la ETP"},"content":{"rendered":"\n<p>La evaluaci\u00f3n de la Educaci\u00f3n T\u00e9cnico Profesional comprende distintas acciones que se han llevado a cabo en las \u00faltimas d\u00e9cadas para tener un registro sistematizado de los aprendizajes alcanzados por los estudiantes de educaci\u00f3n secundaria de la modalidad t\u00e9cnico profesional.<\/p>\n\n\n\n<p>Este conjunto de acciones comprende tanto las evaluaciones desplegadas en el marco del Operativo Nacional de Evaluaci\u00f3n \u20132013\u2013, como las subsiguientes enmarcadas en el relevamiento APRENDER que se concret\u00f3 desde 2016 hasta el presente. <\/p>\n\n\n\n<p>Esta informaci\u00f3n fue dise\u00f1ada y relevada por la Direcci\u00f3n Nacional de Evaluaci\u00f3n de Aprendizajes y Ense\u00f1anzas quien ejecuta la evaluaci\u00f3n del desempe\u00f1o del Sistema Educativo Nacional a trav\u00e9s de diferentes instrumentos. La informaci\u00f3n contenida en esta secci\u00f3n es reelaboraci\u00f3n de resultados espec\u00edficos para la modalidad de Educaci\u00f3n T\u00e9cnico Profesional.<\/p>\n","protected":false},"excerpt":{"rendered":"<p>La evaluaci\u00f3n de la Educaci\u00f3n T\u00e9cnico Profesional comprende distintas acciones que se han llevado a cabo en las \u00faltimas d\u00e9cadas para tener un registro sistematizado de los aprendizajes alcanzados por los estudiantes de educaci\u00f3n secundaria de la modalidad t\u00e9cnico profesional. Este conjunto de acciones comprende tanto las evaluaciones desplegadas en el marco del Operativo Nacional [&hellip;]<\/p>\n","protected":false},"author":3,"featured_media":0,"parent":92,"menu_order":4,"comment_status":"closed","ping_status":"closed","template":"","meta":{"footnotes":""},"class_list":["post-41959","page","type-page","status-publish","hentry"],"_links":{"self":[{"href":"https:\/\/www.inet.edu.ar\/index.php\/wp-json\/wp\/v2\/pages\/41959","targetHints":{"allow":["GET"]}}],"collection":[{"href":"https:\/\/www.inet.edu.ar\/index.php\/wp-json\/wp\/v2\/pages"}],"about":[{"href":"https:\/\/www.inet.edu.ar\/index.php\/wp-json\/wp\/v2\/types\/page"}],"author":[{"embeddable":true,"href":"https:\/\/www.inet.edu.ar\/index.php\/wp-json\/wp\/v2\/users\/3"}],"replies":[{"embeddable":true,"href":"https:\/\/www.inet.edu.ar\/index.php\/wp-json\/wp\/v2\/comments?post=41959"}],"version-history":[{"count":2,"href":"https:\/\/www.inet.edu.ar\/index.php\/wp-json\/wp\/v2\/pages\/41959\/revisions"}],"predecessor-version":[{"id":41961,"href":"https:\/\/www.inet.edu.ar\/index.php\/wp-json\/wp\/v2\/pages\/41959\/revisions\/41961"}],"up":[{"embeddable":true,"href":"https:\/\/www.inet.edu.ar\/index.php\/wp-json\/wp\/v2\/pages\/92"}],"wp:attachment":[{"href":"https:\/\/www.inet.edu.ar\/index.php\/wp-json\/wp\/v2\/media?parent=41959"}],"curies":[{"name":"wp","href":"https:\/\/api.w.org\/{rel}","templated":true}]}}