{"id":41962,"date":"2026-01-12T11:11:26","date_gmt":"2026-01-12T14:11:26","guid":{"rendered":"https:\/\/www.inet.edu.ar\/?page_id=41962"},"modified":"2026-01-12T11:11:26","modified_gmt":"2026-01-12T14:11:26","slug":"aprender-2024","status":"publish","type":"page","link":"https:\/\/www.inet.edu.ar\/index.php\/estudios-investigaciones\/evaluacion-de-aprendizajes-en-la-etp\/aprender-2024\/","title":{"rendered":"Aprender 2024"},"content":{"rendered":"\n<p>La Evaluaci\u00f3n Nacional Aprender 2024 &#8211; Educaci\u00f3n Secundaria de ETP es una publicaci\u00f3n reelaborada con resultados espec\u00edficos que han sido proporcionados al INET por la Direcci\u00f3n Nacional de An\u00e1lisis Estrat\u00e9gico de Datos y Difusi\u00f3n de la Informaci\u00f3n Educativa, a partir del operativo de evaluaci\u00f3n Aprender en 2024.<\/p>\n\n\n\n<p>Cabe recordar que el operativo Aprender es el dispositivo nacional de evaluaci\u00f3n de los aprendizajes de los estudiantes y de sistematizaci\u00f3n de informaci\u00f3n acerca de algunas condiciones en las que ellos se desarrollan. En octubre de 2024, la Direcci\u00f3n de Evaluaci\u00f3n e Informaci\u00f3n Educativa, aplic\u00f3 la prueba nacional Aprender a los estudiantes del \u00faltimo a\u00f1o del nivel secundario de todo el pa\u00eds (ante\u00faltimo para la secundaria t\u00e9cnica), en el mismo se evaluaron las \u00e1reas de Lengua y Matem\u00e1tica.<\/p>\n\n\n\n<p>En este recorte, se hallan gr\u00e1ficos elaborados con los resultados en las instituciones de Educaci\u00f3n Secundaria T\u00e9cnica contempladas por el Registro Federal de Instituciones de ETP. Dichos resultados son presentados en su relaci\u00f3n con distintos atributos de las instituciones (orientaci\u00f3n de estudios t\u00e9cnicos, sector de gesti\u00f3n) y de los estudiantes (sexo y m\u00e1ximo nivel educativo alcanzado por la madre). Adicionalmente se expone un comparativo de los resultados en secundaria t\u00e9cnica y en secundaria orientada.<\/p>\n\n\n\n<p>En aquellos casos en que no se cumplen los criterios necesarios para garantizar la confidencialidad de la informaci\u00f3n, no se han incluidos los gr\u00e1ficos correspondientes. Esta limitaci\u00f3n se ha registrado en gr\u00e1ficos de algunas jurisdicciones donde no se puede comparar seg\u00fan sector de gesti\u00f3n.<\/p>\n\n\n\n<ul class=\"wp-block-list\">\n<li><a href=\"https:\/\/www.inet.edu.ar\/wp-content\/uploads\/2026\/01\/Aprender-2024_Secundario-ETP_Nacional.pdf\" data-type=\"link\" data-id=\"https:\/\/www.inet.edu.ar\/wp-content\/uploads\/2026\/01\/Aprender-2024_Secundario-ETP_Nacional.pdf\" target=\"_blank\" rel=\"noreferrer noopener\"><strong>Resultados Nacionales<\/strong><\/a><\/li>\n\n\n\n<li><a href=\"https:\/\/www.inet.edu.ar\/wp-content\/uploads\/2026\/01\/Aprender-2024_Secundario-ETP_BUENOS-AIRES.pdf\" data-type=\"link\" data-id=\"https:\/\/www.inet.edu.ar\/wp-content\/uploads\/2026\/01\/Aprender-2024_Secundario-ETP_BUENOS-AIRES.pdf\" target=\"_blank\" rel=\"noreferrer noopener\"><strong>Buenos Aires<\/strong><\/a><\/li>\n\n\n\n<li><a href=\"https:\/\/www.inet.edu.ar\/wp-content\/uploads\/2026\/01\/Aprender-2024_Secundario-ETP_CABA.pdf\" data-type=\"link\" data-id=\"https:\/\/www.inet.edu.ar\/wp-content\/uploads\/2026\/01\/Aprender-2024_Secundario-ETP_CABA.pdf\" target=\"_blank\" rel=\"noreferrer noopener\"><strong>CABA<\/strong><\/a><\/li>\n\n\n\n<li><a href=\"https:\/\/www.inet.edu.ar\/wp-content\/uploads\/2026\/01\/Aprender-2024_Secundario-ETP_CATAMARCA.pdf\" data-type=\"link\" data-id=\"https:\/\/www.inet.edu.ar\/wp-content\/uploads\/2026\/01\/Aprender-2024_Secundario-ETP_CATAMARCA.pdf\" target=\"_blank\" rel=\"noreferrer noopener\"><strong>Catamarca<\/strong><\/a><\/li>\n\n\n\n<li><a href=\"https:\/\/www.inet.edu.ar\/wp-content\/uploads\/2026\/01\/Aprender-2024_Secundario-ETP_CHACO.pdf\" data-type=\"link\" data-id=\"https:\/\/www.inet.edu.ar\/wp-content\/uploads\/2026\/01\/Aprender-2024_Secundario-ETP_CHACO.pdf\" target=\"_blank\" rel=\"noreferrer noopener\"><strong>Chaco<\/strong><\/a><\/li>\n\n\n\n<li><a href=\"https:\/\/www.inet.edu.ar\/wp-content\/uploads\/2026\/01\/Aprender-2024_Secundario-ETP_CHUBUT.pdf\" data-type=\"link\" data-id=\"https:\/\/www.inet.edu.ar\/wp-content\/uploads\/2026\/01\/Aprender-2024_Secundario-ETP_CHUBUT.pdf\" target=\"_blank\" rel=\"noreferrer noopener\"><strong>Chubut<\/strong><\/a><\/li>\n\n\n\n<li><a href=\"https:\/\/www.inet.edu.ar\/wp-content\/uploads\/2026\/01\/Aprender-2024_Secundario-ETP_CORDOBA.pdf\" data-type=\"link\" data-id=\"https:\/\/www.inet.edu.ar\/wp-content\/uploads\/2026\/01\/Aprender-2024_Secundario-ETP_CORDOBA.pdf\" target=\"_blank\" rel=\"noreferrer noopener\"><strong>C\u00f3rdoba<\/strong><\/a><\/li>\n\n\n\n<li><a href=\"https:\/\/www.inet.edu.ar\/wp-content\/uploads\/2026\/01\/Aprender-2024_Secundario-ETP_CORRIENTES.pdf\" data-type=\"link\" data-id=\"https:\/\/www.inet.edu.ar\/wp-content\/uploads\/2026\/01\/Aprender-2024_Secundario-ETP_CORRIENTES.pdf\" target=\"_blank\" rel=\"noreferrer noopener\"><strong>Corrientes<\/strong><\/a><\/li>\n\n\n\n<li><a href=\"https:\/\/www.inet.edu.ar\/wp-content\/uploads\/2026\/01\/Aprender-2024_Secundario-ETP_ENTRE-RIOS.pdf\" data-type=\"link\" data-id=\"https:\/\/www.inet.edu.ar\/wp-content\/uploads\/2026\/01\/Aprender-2024_Secundario-ETP_ENTRE-RIOS.pdf\" target=\"_blank\" rel=\"noreferrer noopener\"><strong>Entre R\u00edos<\/strong><\/a><\/li>\n\n\n\n<li><a href=\"https:\/\/www.inet.edu.ar\/wp-content\/uploads\/2026\/01\/Aprender-2024_Secundario-ETP_FORMOSA.pdf\" data-type=\"link\" data-id=\"https:\/\/www.inet.edu.ar\/wp-content\/uploads\/2026\/01\/Aprender-2024_Secundario-ETP_FORMOSA.pdf\" target=\"_blank\" rel=\"noreferrer noopener\"><strong>Formosa<\/strong><\/a><\/li>\n\n\n\n<li><a href=\"https:\/\/www.inet.edu.ar\/wp-content\/uploads\/2026\/01\/Aprender-2024_Secundario-ETP_JUJUY.pdf\" data-type=\"link\" data-id=\"https:\/\/www.inet.edu.ar\/wp-content\/uploads\/2026\/01\/Aprender-2024_Secundario-ETP_JUJUY.pdf\" target=\"_blank\" rel=\"noreferrer noopener\"><strong>Jujuy<\/strong><\/a><\/li>\n\n\n\n<li><a href=\"https:\/\/www.inet.edu.ar\/wp-content\/uploads\/2026\/01\/Aprender-2024_Secundario-ETP_LA-PAMPA.pdf\" data-type=\"link\" data-id=\"https:\/\/www.inet.edu.ar\/wp-content\/uploads\/2026\/01\/Aprender-2024_Secundario-ETP_LA-PAMPA.pdf\" target=\"_blank\" rel=\"noreferrer noopener\"><strong>La Pampa<\/strong><\/a><\/li>\n\n\n\n<li><a href=\"https:\/\/www.inet.edu.ar\/wp-content\/uploads\/2026\/01\/Aprender-2024_Secundario-ETP_LA-RIOJA.pdf\" data-type=\"link\" data-id=\"https:\/\/www.inet.edu.ar\/wp-content\/uploads\/2026\/01\/Aprender-2024_Secundario-ETP_LA-RIOJA.pdf\" target=\"_blank\" rel=\"noreferrer noopener\"><strong>La Rioja<\/strong><\/a><\/li>\n\n\n\n<li><a href=\"https:\/\/www.inet.edu.ar\/wp-content\/uploads\/2026\/01\/Aprender-2024_Secundario-ETP_MENDOZA.pdf\" data-type=\"link\" data-id=\"https:\/\/www.inet.edu.ar\/wp-content\/uploads\/2026\/01\/Aprender-2024_Secundario-ETP_MENDOZA.pdf\" target=\"_blank\" rel=\"noreferrer noopener\"><strong>Mendoza<\/strong><\/a><\/li>\n\n\n\n<li><a href=\"https:\/\/www.inet.edu.ar\/wp-content\/uploads\/2026\/01\/Aprender-2024_Secundario-ETP_MISIONES.pdf\" data-type=\"link\" data-id=\"https:\/\/www.inet.edu.ar\/wp-content\/uploads\/2026\/01\/Aprender-2024_Secundario-ETP_MISIONES.pdf\" target=\"_blank\" rel=\"noreferrer noopener\"><strong>Misiones<\/strong><\/a><\/li>\n\n\n\n<li><a href=\"https:\/\/www.inet.edu.ar\/wp-content\/uploads\/2026\/01\/Aprender-2024_Secundario-ETP_NEUQUEN.pdf\" data-type=\"link\" data-id=\"https:\/\/www.inet.edu.ar\/wp-content\/uploads\/2026\/01\/Aprender-2024_Secundario-ETP_NEUQUEN.pdf\" target=\"_blank\" rel=\"noreferrer noopener\"><strong>Neuqu\u00e9n<\/strong><\/a><\/li>\n\n\n\n<li><a href=\"https:\/\/www.inet.edu.ar\/wp-content\/uploads\/2026\/01\/Aprender-2024_Secundario-ETP_RIO-NEGRO.pdf\" data-type=\"link\" data-id=\"https:\/\/www.inet.edu.ar\/wp-content\/uploads\/2026\/01\/Aprender-2024_Secundario-ETP_RIO-NEGRO.pdf\" target=\"_blank\" rel=\"noreferrer noopener\"><strong>R\u00edo Negro<\/strong><\/a><\/li>\n\n\n\n<li><a href=\"https:\/\/www.inet.edu.ar\/wp-content\/uploads\/2026\/01\/Aprender-2024_Secundario-ETP_SALTA.pdf\" data-type=\"link\" data-id=\"https:\/\/www.inet.edu.ar\/wp-content\/uploads\/2026\/01\/Aprender-2024_Secundario-ETP_SALTA.pdf\" target=\"_blank\" rel=\"noreferrer noopener\"><strong>Salta<\/strong><\/a><\/li>\n\n\n\n<li><a href=\"https:\/\/www.inet.edu.ar\/wp-content\/uploads\/2026\/01\/Aprender-2024_Secundario-ETP_SAN-JUAN.pdf\" data-type=\"link\" data-id=\"https:\/\/www.inet.edu.ar\/wp-content\/uploads\/2026\/01\/Aprender-2024_Secundario-ETP_SAN-JUAN.pdf\" target=\"_blank\" rel=\"noreferrer noopener\"><strong>San Juan<\/strong><\/a><\/li>\n\n\n\n<li><a href=\"https:\/\/www.inet.edu.ar\/wp-content\/uploads\/2026\/01\/Aprender-2024_Secundario-ETP_SAN-LUIS.pdf\" data-type=\"link\" data-id=\"https:\/\/www.inet.edu.ar\/wp-content\/uploads\/2026\/01\/Aprender-2024_Secundario-ETP_SAN-LUIS.pdf\" target=\"_blank\" rel=\"noreferrer noopener\"><strong>San Luis<\/strong><\/a><\/li>\n\n\n\n<li><a href=\"https:\/\/www.inet.edu.ar\/wp-content\/uploads\/2026\/01\/Aprender-2024_Secundario-ETP_SANTA-CRUZ.pdf\" data-type=\"link\" data-id=\"https:\/\/www.inet.edu.ar\/wp-content\/uploads\/2026\/01\/Aprender-2024_Secundario-ETP_SANTA-CRUZ.pdf\" target=\"_blank\" rel=\"noreferrer noopener\"><strong>Santa Cruz<\/strong><\/a><\/li>\n\n\n\n<li><a href=\"https:\/\/www.inet.edu.ar\/wp-content\/uploads\/2026\/01\/Aprender-2024_Secundario-ETP_SANTA-FE.pdf\" data-type=\"link\" data-id=\"https:\/\/www.inet.edu.ar\/wp-content\/uploads\/2026\/01\/Aprender-2024_Secundario-ETP_SANTA-FE.pdf\" target=\"_blank\" rel=\"noreferrer noopener\"><strong>Santa Fe<\/strong><\/a><\/li>\n\n\n\n<li><a href=\"https:\/\/www.inet.edu.ar\/wp-content\/uploads\/2026\/01\/Aprender-2024_Secundario-ETP_SGO-DEL-ESTERO.pdf\" data-type=\"link\" data-id=\"https:\/\/www.inet.edu.ar\/wp-content\/uploads\/2026\/01\/Aprender-2024_Secundario-ETP_SGO-DEL-ESTERO.pdf\" target=\"_blank\" rel=\"noreferrer noopener\"><strong>Santiago del Estero<\/strong><\/a><\/li>\n\n\n\n<li><a href=\"https:\/\/www.inet.edu.ar\/wp-content\/uploads\/2026\/01\/Aprender-2024_Secundario-ETP_TIERRA-DEL-FUEGO.pdf\" data-type=\"link\" data-id=\"https:\/\/www.inet.edu.ar\/wp-content\/uploads\/2026\/01\/Aprender-2024_Secundario-ETP_TIERRA-DEL-FUEGO.pdf\" target=\"_blank\" rel=\"noreferrer noopener\"><strong>Tierra del Fuego AIAS<\/strong><\/a><\/li>\n\n\n\n<li><a href=\"https:\/\/www.inet.edu.ar\/wp-content\/uploads\/2026\/01\/Aprender-2024_Secundario-ETP_TUCUMAN.pdf\" data-type=\"link\" data-id=\"https:\/\/www.inet.edu.ar\/wp-content\/uploads\/2026\/01\/Aprender-2024_Secundario-ETP_TUCUMAN.pdf\" target=\"_blank\" rel=\"noreferrer noopener\"><strong>Tucum\u00e1n<\/strong><\/a><\/li>\n<\/ul>\n","protected":false},"excerpt":{"rendered":"<p>La Evaluaci\u00f3n Nacional Aprender 2024 &#8211; Educaci\u00f3n Secundaria de ETP es una publicaci\u00f3n reelaborada con resultados espec\u00edficos que han sido proporcionados al INET por la Direcci\u00f3n Nacional de An\u00e1lisis Estrat\u00e9gico de Datos y Difusi\u00f3n de la Informaci\u00f3n Educativa, a partir del operativo de evaluaci\u00f3n Aprender en 2024. Cabe recordar que el operativo Aprender es el [&hellip;]<\/p>\n","protected":false},"author":3,"featured_media":0,"parent":41959,"menu_order":0,"comment_status":"closed","ping_status":"closed","template":"","meta":{"footnotes":""},"class_list":["post-41962","page","type-page","status-publish","hentry"],"_links":{"self":[{"href":"https:\/\/www.inet.edu.ar\/index.php\/wp-json\/wp\/v2\/pages\/41962","targetHints":{"allow":["GET"]}}],"collection":[{"href":"https:\/\/www.inet.edu.ar\/index.php\/wp-json\/wp\/v2\/pages"}],"about":[{"href":"https:\/\/www.inet.edu.ar\/index.php\/wp-json\/wp\/v2\/types\/page"}],"author":[{"embeddable":true,"href":"https:\/\/www.inet.edu.ar\/index.php\/wp-json\/wp\/v2\/users\/3"}],"replies":[{"embeddable":true,"href":"https:\/\/www.inet.edu.ar\/index.php\/wp-json\/wp\/v2\/comments?post=41962"}],"version-history":[{"count":1,"href":"https:\/\/www.inet.edu.ar\/index.php\/wp-json\/wp\/v2\/pages\/41962\/revisions"}],"predecessor-version":[{"id":41988,"href":"https:\/\/www.inet.edu.ar\/index.php\/wp-json\/wp\/v2\/pages\/41962\/revisions\/41988"}],"up":[{"embeddable":true,"href":"https:\/\/www.inet.edu.ar\/index.php\/wp-json\/wp\/v2\/pages\/41959"}],"wp:attachment":[{"href":"https:\/\/www.inet.edu.ar\/index.php\/wp-json\/wp\/v2\/media?parent=41962"}],"curies":[{"name":"wp","href":"https:\/\/api.w.org\/{rel}","templated":true}]}}