{"id":42007,"date":"2026-02-20T09:25:38","date_gmt":"2026-02-20T12:25:38","guid":{"rendered":"https:\/\/www.inet.edu.ar\/?page_id=42007"},"modified":"2026-02-20T09:27:13","modified_gmt":"2026-02-20T12:27:13","slug":"tableros-de-datos-de-la-etp","status":"publish","type":"page","link":"https:\/\/www.inet.edu.ar\/index.php\/estudios-investigaciones\/tableros-de-datos-de-la-etp\/","title":{"rendered":"Tableros de datos de la ETP"},"content":{"rendered":"\n<p><br>Los <strong>Tableros de datos de la ETP <\/strong>ofrecen reportes din\u00e1micos y visuales con informaci\u00f3n estad\u00edstica de la Educaci\u00f3n T\u00e9cnico Profesional. La intenci\u00f3n es que mediante la presentaci\u00f3n de indicadores y gr\u00e1ficos permita a los usuarios plantear consultas personalizadas en forma din\u00e1mica contemplando un amplio especificaciones de car\u00e1cter geogr\u00e1fico y por sector socioproductivo. <\/p>\n\n\n\n<p>En esta secci\u00f3n se incluyen tableros de tendencias (2015-2025) y tableros de indicadores jurisdiccionales para a\u00f1os puntuales. La informaci\u00f3n aqu\u00ed reunida son elaboraciones de datos producidos por el mismo INET como el Registro Federal de Instituciones de Educaci\u00f3n T\u00e9cnico Profesional y otras fuentes de estad\u00edsticas oficiales como el Relevamiento Anual y otros.<\/p>\n","protected":false},"excerpt":{"rendered":"<p>Los Tableros de datos de la ETP ofrecen reportes din\u00e1micos y visuales con informaci\u00f3n estad\u00edstica de la Educaci\u00f3n T\u00e9cnico Profesional. La intenci\u00f3n es que mediante la presentaci\u00f3n de indicadores y gr\u00e1ficos permita a los usuarios plantear consultas personalizadas en forma din\u00e1mica contemplando un amplio especificaciones de car\u00e1cter geogr\u00e1fico y por sector socioproductivo. En esta secci\u00f3n [&hellip;]<\/p>\n","protected":false},"author":3,"featured_media":0,"parent":92,"menu_order":9,"comment_status":"closed","ping_status":"closed","template":"","meta":{"footnotes":""},"class_list":["post-42007","page","type-page","status-publish","hentry"],"_links":{"self":[{"href":"https:\/\/www.inet.edu.ar\/index.php\/wp-json\/wp\/v2\/pages\/42007","targetHints":{"allow":["GET"]}}],"collection":[{"href":"https:\/\/www.inet.edu.ar\/index.php\/wp-json\/wp\/v2\/pages"}],"about":[{"href":"https:\/\/www.inet.edu.ar\/index.php\/wp-json\/wp\/v2\/types\/page"}],"author":[{"embeddable":true,"href":"https:\/\/www.inet.edu.ar\/index.php\/wp-json\/wp\/v2\/users\/3"}],"replies":[{"embeddable":true,"href":"https:\/\/www.inet.edu.ar\/index.php\/wp-json\/wp\/v2\/comments?post=42007"}],"version-history":[{"count":2,"href":"https:\/\/www.inet.edu.ar\/index.php\/wp-json\/wp\/v2\/pages\/42007\/revisions"}],"predecessor-version":[{"id":42009,"href":"https:\/\/www.inet.edu.ar\/index.php\/wp-json\/wp\/v2\/pages\/42007\/revisions\/42009"}],"up":[{"embeddable":true,"href":"https:\/\/www.inet.edu.ar\/index.php\/wp-json\/wp\/v2\/pages\/92"}],"wp:attachment":[{"href":"https:\/\/www.inet.edu.ar\/index.php\/wp-json\/wp\/v2\/media?parent=42007"}],"curies":[{"name":"wp","href":"https:\/\/api.w.org\/{rel}","templated":true}]}}