{"id":42012,"date":"2026-02-20T09:30:27","date_gmt":"2026-02-20T12:30:27","guid":{"rendered":"https:\/\/www.inet.edu.ar\/?page_id=42012"},"modified":"2026-02-20T09:30:27","modified_gmt":"2026-02-20T12:30:27","slug":"tableros-de-tendencias-de-la-etp-2015-2025","status":"publish","type":"page","link":"https:\/\/www.inet.edu.ar\/index.php\/estudios-investigaciones\/tableros-de-datos-de-la-etp\/tableros-de-tendencias-de-la-etp-2015-2025\/","title":{"rendered":"Tableros de tendencias de la ETP 2015-2025"},"content":{"rendered":"\n<p><br>Los <strong>Tableros de Tendencias de la ETP 2015-2025 <\/strong>brindan informaci\u00f3n sobre la evoluci\u00f3n anual de las distintas ofertas de Educaci\u00f3n T\u00e9cnico Profesional para el per\u00edodo entre el a\u00f1o 2015 y el 2025.<\/p>\n\n\n\n<p>En estos tableros es posible realizar consultas din\u00e1micas sobre las ofertas educativas considerando la evoluci\u00f3n del volumen y la composici\u00f3n de la matr\u00edcula. En tal sentido, se presentan distinciones por jurisdicci\u00f3n, sector de gesti\u00f3n, sexo, sector y subsector socioproductivo.<\/p>\n\n\n\n<p>Para acceder al tablero de Formaci\u00f3n Profesional, <a href=\"https:\/\/app.powerbi.com\/view?r=eyJrIjoiOTFmZDE1ODItM2U5MC00MWM2LTg0ZGEtMDk1ZWYyYTQ2YzU4IiwidCI6ImRhMDU0NzFhLWJiMTEtNDEzMi1iOTRkLWMwMjM3NWQyYTQxYSIsImMiOjR9\"><strong>haga clic aqu\u00ed<\/strong><\/a><\/p>\n","protected":false},"excerpt":{"rendered":"<p>Los Tableros de Tendencias de la ETP 2015-2025 brindan informaci\u00f3n sobre la evoluci\u00f3n anual de las distintas ofertas de Educaci\u00f3n T\u00e9cnico Profesional para el per\u00edodo entre el a\u00f1o 2015 y el 2025. En estos tableros es posible realizar consultas din\u00e1micas sobre las ofertas educativas considerando la evoluci\u00f3n del volumen y la composici\u00f3n de la matr\u00edcula. [&hellip;]<\/p>\n","protected":false},"author":3,"featured_media":0,"parent":42007,"menu_order":1,"comment_status":"closed","ping_status":"closed","template":"","meta":{"footnotes":""},"class_list":["post-42012","page","type-page","status-publish","hentry"],"_links":{"self":[{"href":"https:\/\/www.inet.edu.ar\/index.php\/wp-json\/wp\/v2\/pages\/42012","targetHints":{"allow":["GET"]}}],"collection":[{"href":"https:\/\/www.inet.edu.ar\/index.php\/wp-json\/wp\/v2\/pages"}],"about":[{"href":"https:\/\/www.inet.edu.ar\/index.php\/wp-json\/wp\/v2\/types\/page"}],"author":[{"embeddable":true,"href":"https:\/\/www.inet.edu.ar\/index.php\/wp-json\/wp\/v2\/users\/3"}],"replies":[{"embeddable":true,"href":"https:\/\/www.inet.edu.ar\/index.php\/wp-json\/wp\/v2\/comments?post=42012"}],"version-history":[{"count":1,"href":"https:\/\/www.inet.edu.ar\/index.php\/wp-json\/wp\/v2\/pages\/42012\/revisions"}],"predecessor-version":[{"id":42013,"href":"https:\/\/www.inet.edu.ar\/index.php\/wp-json\/wp\/v2\/pages\/42012\/revisions\/42013"}],"up":[{"embeddable":true,"href":"https:\/\/www.inet.edu.ar\/index.php\/wp-json\/wp\/v2\/pages\/42007"}],"wp:attachment":[{"href":"https:\/\/www.inet.edu.ar\/index.php\/wp-json\/wp\/v2\/media?parent=42012"}],"curies":[{"name":"wp","href":"https:\/\/api.w.org\/{rel}","templated":true}]}}