{"id":42100,"date":"2026-03-26T13:54:45","date_gmt":"2026-03-26T16:54:45","guid":{"rendered":"https:\/\/www.inet.edu.ar\/?page_id=42100"},"modified":"2026-04-07T10:44:27","modified_gmt":"2026-04-07T13:44:27","slug":"concursos-inet","status":"publish","type":"page","link":"https:\/\/www.inet.edu.ar\/index.php\/concursos-inet\/","title":{"rendered":"Concursos INET"},"content":{"rendered":"\n<p>Los concursos impulsados por el Instituto Nacional de Educaci\u00f3n Tecnol\u00f3gica (INET) se constituyen como una estrategia pedag\u00f3gica orientada a fortalecer la formaci\u00f3n integral de los estudiantes de la Educaci\u00f3n T\u00e9cnico Profesional. A trav\u00e9s de propuestas que articulan saberes t\u00e9cnicos con desaf\u00edos concretos, se busca promover el aprendizaje activo, el pensamiento cr\u00edtico y la resoluci\u00f3n de problemas en contextos reales.<\/p>\n\n\n\n<p>En articulaci\u00f3n con empresas y actores del sector productivo, estas iniciativas permiten acercar a los estudiantes las din\u00e1micas propias del mundo del trabajo, favoreciendo el desarrollo de competencias clave como el trabajo en equipo, la innovaci\u00f3n, la creatividad y el uso de tecnolog\u00edas emergentes, fomentando metodolog\u00edas de aprendizaje basadas en pr\u00e1cticas y desarrollos de proyectos donde se distribuyen roles de equipo y se generan nuevas habilidades de los alumnos. De este modo, los concursos no solo estimulan la participaci\u00f3n, sino que tambi\u00e9n fortalecen el v\u00ednculo entre la escuela y el entramado socio-productivo.<\/p>\n\n\n\n<p>Las propuestas abarcan diversas \u00e1reas de inter\u00e9s, como el ajedrez, los proyectos basados en metodolog\u00eda BIM, la producci\u00f3n de contenido editorial y desaf\u00edos vinculados al automovilismo, entre otras. Esta diversidad busca garantizar oportunidades para que estudiantes con distintos perfiles e intereses puedan involucrarse, potenciando sus capacidades y talentos.<\/p>\n\n\n\n<p>En este marco, los concursos del INET se consolidan como espacios de encuentro, aprendizaje e intercambio, que contribuyen a enriquecer las trayectorias formativas y a preparar a los futuros t\u00e9cnicos para los desaf\u00edos del mundo profesional.<\/p>\n","protected":false},"excerpt":{"rendered":"<p>Los concursos impulsados por el Instituto Nacional de Educaci\u00f3n Tecnol\u00f3gica (INET) se constituyen como una estrategia pedag\u00f3gica orientada a fortalecer la formaci\u00f3n integral de los estudiantes de la Educaci\u00f3n T\u00e9cnico Profesional. A trav\u00e9s de propuestas que articulan saberes t\u00e9cnicos con desaf\u00edos concretos, se busca promover el aprendizaje activo, el pensamiento cr\u00edtico y la resoluci\u00f3n de [&hellip;]<\/p>\n","protected":false},"author":15,"featured_media":0,"parent":0,"menu_order":0,"comment_status":"closed","ping_status":"closed","template":"","meta":{"footnotes":""},"class_list":["post-42100","page","type-page","status-publish","hentry"],"_links":{"self":[{"href":"https:\/\/www.inet.edu.ar\/index.php\/wp-json\/wp\/v2\/pages\/42100","targetHints":{"allow":["GET"]}}],"collection":[{"href":"https:\/\/www.inet.edu.ar\/index.php\/wp-json\/wp\/v2\/pages"}],"about":[{"href":"https:\/\/www.inet.edu.ar\/index.php\/wp-json\/wp\/v2\/types\/page"}],"author":[{"embeddable":true,"href":"https:\/\/www.inet.edu.ar\/index.php\/wp-json\/wp\/v2\/users\/15"}],"replies":[{"embeddable":true,"href":"https:\/\/www.inet.edu.ar\/index.php\/wp-json\/wp\/v2\/comments?post=42100"}],"version-history":[{"count":1,"href":"https:\/\/www.inet.edu.ar\/index.php\/wp-json\/wp\/v2\/pages\/42100\/revisions"}],"predecessor-version":[{"id":42101,"href":"https:\/\/www.inet.edu.ar\/index.php\/wp-json\/wp\/v2\/pages\/42100\/revisions\/42101"}],"wp:attachment":[{"href":"https:\/\/www.inet.edu.ar\/index.php\/wp-json\/wp\/v2\/media?parent=42100"}],"curies":[{"name":"wp","href":"https:\/\/api.w.org\/{rel}","templated":true}]}}