{"id":42117,"date":"2026-03-30T17:15:35","date_gmt":"2026-03-30T20:15:35","guid":{"rendered":"https:\/\/www.inet.edu.ar\/?page_id=42117"},"modified":"2026-04-13T13:21:58","modified_gmt":"2026-04-13T16:21:58","slug":"convocatoria-2026","status":"publish","type":"page","link":"https:\/\/www.inet.edu.ar\/index.php\/credito-fiscal\/convocatoria-2026\/","title":{"rendered":"Capacitaciones 2026"},"content":{"rendered":"\n<p>En el marco de esta convocatoria, se desarrollar\u00e1 un ciclo de capacitaciones virtuales destinado a orientar a las instituciones y actores interesados en la presentaci\u00f3n de proyectos. Las mismas se llevar\u00e1n a cabo entre el 6 y el 9 de abril, con dos instancias diferenciadas: una capacitaci\u00f3n administrativa (lunes 6 y martes 7) y una capacitaci\u00f3n pedag\u00f3gica (mi\u00e9rcoles 8 y jueves 9). Cabe destacar que los contenidos ser\u00e1n equivalentes en ambas instancias, brind\u00e1ndose en distintos d\u00edas y horarios para facilitar la participaci\u00f3n.<\/p>\n\n\n\n<p><strong>Cronograma de capacitaciones:<\/strong><\/p>\n\n\n\n<ul class=\"wp-block-list\">\n<li>Lunes 6 de abril, 11 h, capacitaci\u00f3n administrativa: <strong><a href=\"https:\/\/educacion-argentina.webex.com\/wbxmjs\/joinservice\/sites\/educacion-argentina\/meeting\/download\/9a34107078f741f8bb3f31fd296a4816?MTID=mc3e1c3e547e8e4d89495a2e2af84d884\">Click aqu\u00ed <\/a><\/strong><br><\/li>\n\n\n\n<li>Martes 7 de abril, 16 h, capacitaci\u00f3n administrativa: <strong><a href=\"https:\/\/educacion-argentina.webex.com\/educacion-argentina-sp\/j.php?MTID=m2c92a8a8195fde2651ac4898d060c364\">Click aqu\u00ed<\/a><br><\/strong><\/li>\n\n\n\n<li>Mi\u00e9rcoles 8 de abril, 11 h, capacitaci\u00f3n pedag\u00f3gica: <a href=\"https:\/\/educacion-argentina.webex.com\/educacion-argentina-sp\/j.php?MTID=m476919f049f1c5abd1ebbe3dfaf1d968\"><strong>Click aqu\u00ed <\/strong><\/a><br><\/li>\n\n\n\n<li>Jueves 9 de abril, 16 h, capacitaci\u00f3n pedag\u00f3gica: <a href=\"https:\/\/educacion-argentina.webex.com\/educacion-argentina-sp\/j.php?MTID=madbb0f36d94573ff55d01d80f4eaee42\"><strong>Click aqu\u00ed <\/strong><\/a><\/li>\n<\/ul>\n\n\n\n<p>Asimismo, el 16 de abril (14 h) se realizar\u00e1 un espacio abierto de consultas generales para acompa\u00f1ar a las instituciones durante el proceso de formulaci\u00f3n y presentaci\u00f3n de proyectos. Podr\u00e1s acceder haciendo <a href=\"https:\/\/educacion-argentina.webex.com\/educacion-argentina-sp\/j.php?MTID=m68903c1652668b5403067f3c15c4406e\"><strong>Click aqu\u00ed<\/strong><\/a><br><\/p>\n\n\n\n<h3 class=\"wp-block-heading\">Materiales de apoyo<\/h3>\n\n\n\n<p><strong>Eje administrativo<\/strong><\/p>\n\n\n\n<ul class=\"wp-block-list\">\n<li>Presentaci\u00f3n (<a href=\"https:\/\/www.inet.edu.ar\/wp-content\/uploads\/2026\/04\/CAPACITACION-2026.pdf\">bajar archivo<\/a>)<\/li>\n\n\n\n<li>Grilla de evaluaci\u00f3n <a href=\"https:\/\/www.inet.edu.ar\/wp-content\/uploads\/2026\/04\/CF-2026_Grilla-de-Evaluacion.pdf\" data-type=\"link\" data-id=\"https:\/\/www.inet.edu.ar\/wp-content\/uploads\/2026\/04\/CF-2026_Grilla-de-Evaluacion.pdf\" target=\"_blank\" rel=\"noreferrer noopener\">(bajar archivo)<\/a><\/li>\n\n\n\n<li>Gu\u00eda de carga web del proyecto <a href=\"https:\/\/www.inet.edu.ar\/wp-content\/uploads\/2026\/04\/CF-2026_Guia-carga-web-proyecto.pdf\" data-type=\"link\" data-id=\"https:\/\/www.inet.edu.ar\/wp-content\/uploads\/2026\/04\/CF-2026_Guia-carga-web-proyecto.pdf\" target=\"_blank\" rel=\"noreferrer noopener\">(bajar archivo)<\/a><\/li>\n<\/ul>\n\n\n\n<p><strong>Desarrollo de proyectos<\/strong><\/p>\n\n\n\n<ul class=\"wp-block-list\">\n<li>Cartilla de formaci\u00f3n <a href=\"https:\/\/www.inet.edu.ar\/wp-content\/uploads\/2026\/04\/CARTILLA-DE-FORMACION-2026.pdf\" data-type=\"link\" data-id=\"https:\/\/www.inet.edu.ar\/wp-content\/uploads\/2026\/04\/CARTILLA-DE-FORMACION-2026.pdf\" target=\"_blank\" rel=\"noreferrer noopener\">(bajar archivo)<\/a><\/li>\n\n\n\n<li>Gu\u00eda de proyectos <a href=\"https:\/\/www.inet.edu.ar\/wp-content\/uploads\/2026\/04\/CREDITO-FISCAL_Guia-de-proyectos-2026-1.pdf\" data-type=\"link\" data-id=\"https:\/\/www.inet.edu.ar\/wp-content\/uploads\/2026\/04\/CREDITO-FISCAL_Guia-de-proyectos-2026-1.pdf\" target=\"_blank\" rel=\"noreferrer noopener\">(bajar archivo)<\/a><\/li>\n\n\n\n<li>Presentaci\u00f3n pedag\u00f3gica <a href=\"https:\/\/www.inet.edu.ar\/wp-content\/uploads\/2026\/04\/CF-2026_CAP-Pedagogica.pdf\" data-type=\"link\" data-id=\"https:\/\/www.inet.edu.ar\/wp-content\/uploads\/2026\/04\/CF-2026_CAP-Pedagogica.pdf\" target=\"_blank\" rel=\"noreferrer noopener\">(<\/a><a href=\"https:\/\/www.inet.edu.ar\/wp-content\/uploads\/2026\/04\/Presentacion-Pedagogica-del-PCF-2026-1.pdf\">bajar archivo<\/a><a href=\"https:\/\/www.inet.edu.ar\/wp-content\/uploads\/2026\/04\/CF-2026_CAP-Pedagogica.pdf\" data-type=\"link\" data-id=\"https:\/\/www.inet.edu.ar\/wp-content\/uploads\/2026\/04\/CF-2026_CAP-Pedagogica.pdf\" target=\"_blank\" rel=\"noreferrer noopener\">)<\/a><\/li>\n<\/ul>\n","protected":false},"excerpt":{"rendered":"<p>En el marco de esta convocatoria, se desarrollar\u00e1 un ciclo de capacitaciones virtuales destinado a orientar a las instituciones y actores interesados en la presentaci\u00f3n de proyectos. Las mismas se llevar\u00e1n a cabo entre el 6 y el 9 de abril, con dos instancias diferenciadas: una capacitaci\u00f3n administrativa (lunes 6 y martes 7) y una [&hellip;]<\/p>\n","protected":false},"author":15,"featured_media":0,"parent":96,"menu_order":0,"comment_status":"closed","ping_status":"closed","template":"","meta":{"footnotes":""},"class_list":["post-42117","page","type-page","status-publish","hentry"],"_links":{"self":[{"href":"https:\/\/www.inet.edu.ar\/index.php\/wp-json\/wp\/v2\/pages\/42117","targetHints":{"allow":["GET"]}}],"collection":[{"href":"https:\/\/www.inet.edu.ar\/index.php\/wp-json\/wp\/v2\/pages"}],"about":[{"href":"https:\/\/www.inet.edu.ar\/index.php\/wp-json\/wp\/v2\/types\/page"}],"author":[{"embeddable":true,"href":"https:\/\/www.inet.edu.ar\/index.php\/wp-json\/wp\/v2\/users\/15"}],"replies":[{"embeddable":true,"href":"https:\/\/www.inet.edu.ar\/index.php\/wp-json\/wp\/v2\/comments?post=42117"}],"version-history":[{"count":11,"href":"https:\/\/www.inet.edu.ar\/index.php\/wp-json\/wp\/v2\/pages\/42117\/revisions"}],"predecessor-version":[{"id":42194,"href":"https:\/\/www.inet.edu.ar\/index.php\/wp-json\/wp\/v2\/pages\/42117\/revisions\/42194"}],"up":[{"embeddable":true,"href":"https:\/\/www.inet.edu.ar\/index.php\/wp-json\/wp\/v2\/pages\/96"}],"wp:attachment":[{"href":"https:\/\/www.inet.edu.ar\/index.php\/wp-json\/wp\/v2\/media?parent=42117"}],"curies":[{"name":"wp","href":"https:\/\/api.w.org\/{rel}","templated":true}]}}