{"id":42152,"date":"2026-04-07T10:46:00","date_gmt":"2026-04-07T13:46:00","guid":{"rendered":"https:\/\/www.inet.edu.ar\/?page_id=42152"},"modified":"2026-04-07T10:46:00","modified_gmt":"2026-04-07T13:46:00","slug":"bim-joven-innovacion-para-la-construccion","status":"publish","type":"page","link":"https:\/\/www.inet.edu.ar\/index.php\/concursos-inet\/bim-joven-innovacion-para-la-construccion\/","title":{"rendered":"BIM Joven: innovaci\u00f3n para la construcci\u00f3n"},"content":{"rendered":"\n<p><br>Se trata de una iniciativa destinada a estudiantes de la Educaci\u00f3n T\u00e9cnico Profesional con el objetivo de promover el uso de metodolog\u00edas innovadoras en el \u00e1mbito de la construcci\u00f3n.<\/p>\n\n\n\n<p>La propuesta busca incorporar el uso y aplicaci\u00f3n de la metodolog\u00eda BIM en los procesos de ense\u00f1anza y aprendizaje propios de la formaci\u00f3n t\u00e9cnica, promoviendo la creatividad, la capacidad t\u00e9cnica y la participaci\u00f3n de los estudiantes en desaf\u00edos vinculados con el hacer profesional. Asimismo, se apunta a fomentar el trabajo colaborativo, multidisciplinario y digital, en l\u00ednea con las demandas actuales del sector.<\/p>\n\n\n\n<p>Entre sus objetivos espec\u00edficos, el concurso propone ampliar la propuesta pedag\u00f3gica mediante el uso de herramientas de dise\u00f1o innovadoras aplicadas a las construcciones civiles, implementar acciones formativas que introduzcan a los estudiantes en el trabajo colaborativo e integrado, y consolidar un espacio de vinculaci\u00f3n efectiva entre las instituciones educativas y los actores del sector de la construcci\u00f3n.<\/p>\n\n\n\n<p>De esta manera, el Concurso BIM Joven se posiciona como una oportunidad para fortalecer la formaci\u00f3n t\u00e9cnica, acercando a las y los estudiantes a experiencias concretas que integran conocimiento, tecnolog\u00eda e innovaci\u00f3n.<br><br><\/p>\n\n\n\n<div class=\"wp-block-buttons is-layout-flex wp-block-buttons-is-layout-flex\">\n<div class=\"wp-block-button\"><a class=\"wp-block-button__link has-background wp-element-button\" href=\"https:\/\/www.inet.edu.ar\/wp-content\/uploads\/2026\/03\/ConcursoBIM_Bases-y-condiciones-1.pdf\" style=\"background-color:#43658d\">Bases y Condiciones<\/a><\/div>\n<\/div>\n\n\n\n<p><br><\/p>\n\n\n\n<h3 class=\"wp-block-heading\">Materiales de apoyo<\/h3>\n\n\n\n<ul class=\"wp-block-list\">\n<li>Estado de conservaci\u00f3n de los Activos F\u00edsicos <a href=\"https:\/\/www.inet.edu.ar\/wp-content\/uploads\/2026\/04\/ESTADO_CONSERVACION_-ACTIVOS_FISICOS_ETP_VF.pdf\" data-type=\"link\" data-id=\"https:\/\/www.inet.edu.ar\/wp-content\/uploads\/2026\/04\/ESTADO_CONSERVACION_-ACTIVOS_FISICOS_ETP_VF.pdf\" target=\"_blank\" rel=\"noreferrer noopener\"><strong>(bajar archivo)<\/strong><\/a><\/li>\n\n\n\n<li>Relevamiento de los Activos F\u00edsicos de ETP <a href=\"https:\/\/www.inet.edu.ar\/wp-content\/uploads\/2026\/04\/RELEVAMIENTO_ACTIVOS_FISICOS_ETP.pdf\" data-type=\"link\" data-id=\"https:\/\/www.inet.edu.ar\/wp-content\/uploads\/2026\/04\/RELEVAMIENTO_ACTIVOS_FISICOS_ETP.pdf\" target=\"_blank\" rel=\"noreferrer noopener\"><strong>(bajar archivo)<\/strong><\/a><\/li>\n\n\n\n<li>Planilla 1: estado de conservaci\u00f3n y antig\u00fcedad <a href=\"https:\/\/www.inet.edu.ar\/wp-content\/uploads\/2026\/04\/Planilla_Estado_IFE.zip\" data-type=\"link\" data-id=\"https:\/\/www.inet.edu.ar\/wp-content\/uploads\/2026\/04\/Planilla_Estado_IFE.zip\"><strong>(bajar archivo)<\/strong><\/a><\/li>\n\n\n\n<li>Planilla 2: determinaci\u00f3n del confort y habitabilidad <a href=\"https:\/\/www.inet.edu.ar\/wp-content\/uploads\/2026\/04\/Planilla_Medicion_Confort.zip\" data-type=\"link\" data-id=\"https:\/\/www.inet.edu.ar\/wp-content\/uploads\/2026\/04\/Planilla_Medicion_Confort.zip\"><strong>(bajar archivo)<\/strong><\/a><\/li>\n<\/ul>\n\n\n\n<p><br><\/p>\n\n\n\n<h3 class=\"wp-block-heading\">Consultas<\/h3>\n\n\n\n<p>Escribir al correo electr\u00f3nico <a href=\"mailto:bim.joven.consultas@educacion.gob.ar\"><strong>bim.joven.consultas@educacion.gob.ar<\/strong><\/a><\/p>\n","protected":false},"excerpt":{"rendered":"<p>Se trata de una iniciativa destinada a estudiantes de la Educaci\u00f3n T\u00e9cnico Profesional con el objetivo de promover el uso de metodolog\u00edas innovadoras en el \u00e1mbito de la construcci\u00f3n. La propuesta busca incorporar el uso y aplicaci\u00f3n de la metodolog\u00eda BIM en los procesos de ense\u00f1anza y aprendizaje propios de la formaci\u00f3n t\u00e9cnica, promoviendo la [&hellip;]<\/p>\n","protected":false},"author":3,"featured_media":0,"parent":42100,"menu_order":0,"comment_status":"closed","ping_status":"closed","template":"","meta":{"footnotes":""},"class_list":["post-42152","page","type-page","status-publish","hentry"],"_links":{"self":[{"href":"https:\/\/www.inet.edu.ar\/index.php\/wp-json\/wp\/v2\/pages\/42152","targetHints":{"allow":["GET"]}}],"collection":[{"href":"https:\/\/www.inet.edu.ar\/index.php\/wp-json\/wp\/v2\/pages"}],"about":[{"href":"https:\/\/www.inet.edu.ar\/index.php\/wp-json\/wp\/v2\/types\/page"}],"author":[{"embeddable":true,"href":"https:\/\/www.inet.edu.ar\/index.php\/wp-json\/wp\/v2\/users\/3"}],"replies":[{"embeddable":true,"href":"https:\/\/www.inet.edu.ar\/index.php\/wp-json\/wp\/v2\/comments?post=42152"}],"version-history":[{"count":3,"href":"https:\/\/www.inet.edu.ar\/index.php\/wp-json\/wp\/v2\/pages\/42152\/revisions"}],"predecessor-version":[{"id":42159,"href":"https:\/\/www.inet.edu.ar\/index.php\/wp-json\/wp\/v2\/pages\/42152\/revisions\/42159"}],"up":[{"embeddable":true,"href":"https:\/\/www.inet.edu.ar\/index.php\/wp-json\/wp\/v2\/pages\/42100"}],"wp:attachment":[{"href":"https:\/\/www.inet.edu.ar\/index.php\/wp-json\/wp\/v2\/media?parent=42152"}],"curies":[{"name":"wp","href":"https:\/\/api.w.org\/{rel}","templated":true}]}}