{"id":523,"date":"2012-11-27T23:15:40","date_gmt":"2012-11-27T23:15:40","guid":{"rendered":"https:\/\/www.inet.edu.ar\/?page_id=523"},"modified":"2020-08-20T18:45:29","modified_gmt":"2020-08-20T21:45:29","slug":"guias-didacticas","status":"publish","type":"page","link":"https:\/\/www.inet.edu.ar\/index.php\/material-de-capacitacion\/guias-didacticas\/","title":{"rendered":"Gu\u00edas did\u00e1cticas"},"content":{"rendered":"<p>Las Gu\u00edas did\u00e1cticas pertenecientes a la <strong>Colecci\u00f3n Encuentro &#8211; INET<\/strong>, que acompa\u00f1an a las series televisivas <a href=\"http:\/\/encuentro.gob.ar\/programas\/serie\/8031#\" target=\"_blank\" rel=\"noopener\"><em>Entornos Invisibles (de la ciencia y la tecnolog\u00eda)<\/em><\/a>,<a href=\"http:\/\/encuentro.gob.ar\/programas\/serie\/8544\/6216#\" target=\"_blank\" rel=\"noopener\"><em> M\u00e1quinas y herramientas<\/em><\/a>, y <em><a href=\"http:\/\/encuentro.gob.ar\/programas\/serie\/8175\/2332#\" target=\"_blank\" rel=\"noopener\">Materiales y materias primas<\/a><\/em>, contienen redes\/mapas conceptuales, ampliaci\u00f3n de contenidos y propuestas de actividades para que docentes y alumnos desarrollen en clase.<\/p>\n<p>&nbsp;<\/p>\n<h3><a href=\"http:\/\/encuentro.gob.ar\/programas\/serie\/8544\/6216#\" target=\"_blank\" rel=\"noopener\">M\u00e1quinas y Herramientas<\/a><\/h3>\n<ul>\n<li><a class=\"media media-pdf\" href=\"https:\/\/www.inet.edu.ar\/wp-content\/uploads\/2012\/11\/maquinas-y-herramientas.pdf\">M\u00e1quinas y Herramientas<\/a><\/li>\n<\/ul>\n<p>&nbsp;<\/p>\n<h3><a href=\"http:\/\/encuentro.gob.ar\/programas\/serie\/8175\/2332#\" target=\"_blank\" rel=\"noopener\">Materiales y Materias Primas<\/a><\/h3>\n<ul>\n<li><a class=\"media media-pdf\" href=\"https:\/\/www.inet.edu.ar\/wp-content\/uploads\/2012\/11\/los-materiales-y-la-humanidad.pdf\">Los Materiales y la Humanidad<\/a><\/li>\n<li><a class=\"media media-pdf\" href=\"https:\/\/www.inet.edu.ar\/wp-content\/uploads\/2012\/11\/aire.pdf\">Aire<\/a><\/li>\n<li><a class=\"media media-pdf\" href=\"https:\/\/www.inet.edu.ar\/wp-content\/uploads\/2012\/11\/madera.pdf\">Madera<\/a><\/li>\n<li><a class=\"media media-pdf\" href=\"https:\/\/www.inet.edu.ar\/wp-content\/uploads\/2012\/11\/azufre.pdf\">Azufre<\/a><\/li>\n<li><a class=\"media media-pdf\" href=\"https:\/\/www.inet.edu.ar\/wp-content\/uploads\/2012\/11\/minerales-de-hierro.pdf\">Minerales de Hierro<\/a><\/li>\n<li><a class=\"media media-pdf\" href=\"https:\/\/www.inet.edu.ar\/wp-content\/uploads\/2012\/11\/ceramicos.pdf\">Cer\u00e1micos<\/a><\/li>\n<li><a href=\"https:\/\/www.inet.edu.ar\/wp-content\/uploads\/2020\/04\/07_Aluminio.pdf\">Aluminio<\/a><\/li>\n<li><a class=\"media media-pdf\" href=\"https:\/\/www.inet.edu.ar\/wp-content\/uploads\/2012\/11\/09_Polimeros.pdf\">Pol\u00edmeros<\/a><\/li>\n<li><a class=\"media media-pdf\" href=\"https:\/\/www.inet.edu.ar\/wp-content\/uploads\/2012\/11\/biometales.pdf\">Biomateriales<\/a><\/li>\n<li><a class=\"media media-pdf\" href=\"https:\/\/www.inet.edu.ar\/wp-content\/uploads\/2012\/11\/materiales-compuestos.pdf\">Materiales Compuestos<\/a><\/li>\n<li><a class=\"media media-pdf\" href=\"https:\/\/www.inet.edu.ar\/wp-content\/uploads\/2012\/11\/silicio.pdf\">Silicio<\/a><\/li>\n<li><a class=\"media media-pdf\" href=\"https:\/\/www.inet.edu.ar\/wp-content\/uploads\/2012\/11\/nanomateriales.pdf\">Nanomateriales<\/a><\/li>\n<\/ul>\n<p>&nbsp;<\/p>\n<h3><a href=\"http:\/\/encuentro.gob.ar\/programas\/serie\/8031#\" target=\"_blank\" rel=\"noopener\">Entornos Invisibles<\/a><\/h3>\n<ul>\n<li><a class=\"media media-pdf\" href=\"https:\/\/www.inet.edu.ar\/wp-content\/uploads\/2012\/11\/C1_Parque_de_diversionesR.pdf\">Parque de diversiones<\/a><\/li>\n<li><a class=\"media media-pdf\" href=\"https:\/\/www.inet.edu.ar\/wp-content\/uploads\/2012\/11\/C2_CocinaR.pdf\">Cocina<\/a><\/li>\n<li><a class=\"media media-pdf\" href=\"https:\/\/www.inet.edu.ar\/wp-content\/uploads\/2012\/11\/C3_Red_de_energia_electricaR.pdf\">Red de energ\u00eda el\u00e9ctrica<\/a><\/li>\n<li><a class=\"media media-pdf\" href=\"https:\/\/www.inet.edu.ar\/wp-content\/uploads\/2012\/11\/C4_Campo_de_deportesR.pdf\">Campo de deportes<\/a><\/li>\n<li><a class=\"media media-pdf\" href=\"https:\/\/www.inet.edu.ar\/wp-content\/uploads\/2012\/11\/C5_Estadio_de_rockR.pdf\">Estadio de rock<\/a><\/li>\n<li><a href=\"https:\/\/www.inet.edu.ar\/wp-content\/uploads\/2020\/04\/C6_EstructurasR.pdf\">Estructuras<\/a><\/li>\n<li><a class=\"media media-pdf\" href=\"https:\/\/www.inet.edu.ar\/wp-content\/uploads\/2012\/11\/C7_Chacra_organicaR.pdf\">Chacra org\u00e1nica<\/a><\/li>\n<li><a class=\"media media-pdf\" href=\"https:\/\/www.inet.edu.ar\/wp-content\/uploads\/2012\/11\/C8_BarR.pdf\">Bar<\/a><\/li>\n<li><a class=\"media media-pdf\" href=\"https:\/\/www.inet.edu.ar\/wp-content\/uploads\/2012\/11\/C9_Estacion_meteorologicaR.pdf\">Estaci\u00f3n meteorol\u00f3gica<\/a><\/li>\n<li><a class=\"media media-pdf\" href=\"https:\/\/www.inet.edu.ar\/wp-content\/uploads\/2012\/11\/C10_RestauranteR.pdf\">Restaurante<\/a><\/li>\n<li><a class=\"media media-pdf\" href=\"https:\/\/www.inet.edu.ar\/wp-content\/uploads\/2012\/11\/C11_SeguridadR.pdf\">Seguridad<\/a><\/li>\n<li><a class=\"media media-pdf\" href=\"https:\/\/www.inet.edu.ar\/wp-content\/uploads\/2012\/11\/C12_Camping_musicalR.pdf\">Camping musical<\/a><\/li>\n<li><a class=\"media media-pdf\" href=\"https:\/\/www.inet.edu.ar\/wp-content\/uploads\/2012\/11\/C13_HospitalR.pdf\">Hospital<\/a><\/li>\n<\/ul>\n<p>&nbsp;<\/p>\n","protected":false},"excerpt":{"rendered":"<p>Las Gu\u00edas did\u00e1cticas pertenecientes a la Colecci\u00f3n Encuentro &#8211; INET, que acompa\u00f1an a las series televisivas Entornos Invisibles (de la ciencia y la tecnolog\u00eda), M\u00e1quinas y herramientas, y Materiales y materias primas, contienen redes\/mapas conceptuales, ampliaci\u00f3n de contenidos y propuestas de actividades para que docentes y alumnos desarrollen en clase. &nbsp; M\u00e1quinas y Herramientas M\u00e1quinas [&hellip;]<\/p>\n","protected":false},"author":3,"featured_media":0,"parent":314,"menu_order":2,"comment_status":"closed","ping_status":"open","template":"","meta":{"footnotes":""},"class_list":["post-523","page","type-page","status-publish","hentry"],"_links":{"self":[{"href":"https:\/\/www.inet.edu.ar\/index.php\/wp-json\/wp\/v2\/pages\/523","targetHints":{"allow":["GET"]}}],"collection":[{"href":"https:\/\/www.inet.edu.ar\/index.php\/wp-json\/wp\/v2\/pages"}],"about":[{"href":"https:\/\/www.inet.edu.ar\/index.php\/wp-json\/wp\/v2\/types\/page"}],"author":[{"embeddable":true,"href":"https:\/\/www.inet.edu.ar\/index.php\/wp-json\/wp\/v2\/users\/3"}],"replies":[{"embeddable":true,"href":"https:\/\/www.inet.edu.ar\/index.php\/wp-json\/wp\/v2\/comments?post=523"}],"version-history":[{"count":22,"href":"https:\/\/www.inet.edu.ar\/index.php\/wp-json\/wp\/v2\/pages\/523\/revisions"}],"predecessor-version":[{"id":33529,"href":"https:\/\/www.inet.edu.ar\/index.php\/wp-json\/wp\/v2\/pages\/523\/revisions\/33529"}],"up":[{"embeddable":true,"href":"https:\/\/www.inet.edu.ar\/index.php\/wp-json\/wp\/v2\/pages\/314"}],"wp:attachment":[{"href":"https:\/\/www.inet.edu.ar\/index.php\/wp-json\/wp\/v2\/media?parent=523"}],"curies":[{"name":"wp","href":"https:\/\/api.w.org\/{rel}","templated":true}]}}