{"id":535,"date":"2012-12-06T18:09:35","date_gmt":"2012-12-06T18:09:35","guid":{"rendered":"https:\/\/www.inet.edu.ar\/?page_id=535"},"modified":"2019-09-23T15:12:36","modified_gmt":"2019-09-23T18:12:36","slug":"aventuras-matematicas","status":"publish","type":"page","link":"https:\/\/www.inet.edu.ar\/index.php\/material-de-capacitacion\/nueva-serie-de-libros\/aventuras-matematicas\/","title":{"rendered":"Aventuras Matem\u00e1ticas"},"content":{"rendered":"<p style=\"text-align: center;\"><a href=\"https:\/\/www.inet.edu.ar\/wp-content\/uploads\/2012\/12\/Aventuras-Matematicas-tapa.png\"><img loading=\"lazy\" decoding=\"async\" class=\"aligncenter wp-image-537 \" title=\"Aventuras Matem\u00e1ticas - Tapa\" src=\"https:\/\/www.inet.edu.ar\/wp-content\/uploads\/2012\/12\/Aventuras-Matematicas-tapa.png\" alt=\"\" width=\"312\" height=\"392\" \/><\/a><\/p>\n<p style=\"text-align: left;\">\u00bfSab\u00edas que est\u00e1s rodeado de matem\u00e1tica y haces matem\u00e1tica a diario?<\/p>\n<p>\u00bfSab\u00edas que cuando recargas tu celular se procesan n\u00fameros primos enormes?<\/p>\n<p>Si tu \u00f3mnibus sali\u00f3 a las 10 de la noche y demor\u00f3 9 horas, \u00bfa qu\u00e9 hora llegaste?\u00bfTe diste cuenta que a veces 10 + 9 = 7?<\/p>\n<p>Aunque te parezca incre\u00edble, en cualquier fiesta, \u00a1siempre hay dos personas que han saludado a la misma cantidad de invitados!<\/p>\n<p>\u00bfPodes creer que hay exactamente la misma cantidad de n\u00fameros naturales que de n\u00fameros pares?<\/p>\n<p>\u00bfSab\u00edas que hay un premio de 1 mill\u00f3n de\u00a0d\u00f3lares para quien descubra c\u00f3mo est\u00e1n distribuidos los n\u00fameros primos entre los n\u00fameros naturales? \u00a1Qu\u00e9 atrapante es la matem\u00e1tica!<\/p>\n<p>En este libro encontrar\u00e1s algunas de estas verdades y misterios tratados de manera amena y profunda.<\/p>\n<p>&nbsp;<\/p>\n<h2>Autores<\/h2>\n<p><strong>1) Leandro Cagliero<\/strong><br \/>\nDoctor en Matem\u00e1tica<\/p>\n<p><strong>2) Paulo Tirao<\/strong><br \/>\nDoctor en Matem\u00e1tica<\/p>\n<p><strong>3) Daniel Penazzi<\/strong><br \/>\nDoctor en Matem\u00e1tica<\/p>\n<p><strong>4) Juan Pablo Rossetti<\/strong><br \/>\nDoctor en Matem\u00e1tica<\/p>\n<p><strong>5) Ana Sustar<\/strong><br \/>\nLicenciada en Matem\u00e1tica<\/p>\n<p>&nbsp;<\/p>\n<h2>Descarga<\/h2>\n<p><a href=\"https:\/\/www.inet.edu.ar\/wp-content\/uploads\/2019\/09\/AventurasMatem--ticas.pdf\" target=\"_blank\" rel=\"noopener\">Aventuras Matem\u00e1ticas<\/a><\/p>\n","protected":false},"excerpt":{"rendered":"<p>\u00bfSab\u00edas que est\u00e1s rodeado de matem\u00e1tica y haces matem\u00e1tica a diario? \u00bfSab\u00edas que cuando recargas tu celular se procesan n\u00fameros primos enormes? Si tu \u00f3mnibus sali\u00f3 a las 10 de la noche y demor\u00f3 9 horas, \u00bfa qu\u00e9 hora llegaste?\u00bfTe diste cuenta que a veces 10 + 9 = 7? Aunque te parezca incre\u00edble, en [&hellip;]<\/p>\n","protected":false},"author":3,"featured_media":0,"parent":526,"menu_order":1,"comment_status":"closed","ping_status":"open","template":"","meta":{"footnotes":""},"class_list":["post-535","page","type-page","status-publish","hentry"],"_links":{"self":[{"href":"https:\/\/www.inet.edu.ar\/index.php\/wp-json\/wp\/v2\/pages\/535","targetHints":{"allow":["GET"]}}],"collection":[{"href":"https:\/\/www.inet.edu.ar\/index.php\/wp-json\/wp\/v2\/pages"}],"about":[{"href":"https:\/\/www.inet.edu.ar\/index.php\/wp-json\/wp\/v2\/types\/page"}],"author":[{"embeddable":true,"href":"https:\/\/www.inet.edu.ar\/index.php\/wp-json\/wp\/v2\/users\/3"}],"replies":[{"embeddable":true,"href":"https:\/\/www.inet.edu.ar\/index.php\/wp-json\/wp\/v2\/comments?post=535"}],"version-history":[{"count":12,"href":"https:\/\/www.inet.edu.ar\/index.php\/wp-json\/wp\/v2\/pages\/535\/revisions"}],"predecessor-version":[{"id":31214,"href":"https:\/\/www.inet.edu.ar\/index.php\/wp-json\/wp\/v2\/pages\/535\/revisions\/31214"}],"up":[{"embeddable":true,"href":"https:\/\/www.inet.edu.ar\/index.php\/wp-json\/wp\/v2\/pages\/526"}],"wp:attachment":[{"href":"https:\/\/www.inet.edu.ar\/index.php\/wp-json\/wp\/v2\/media?parent=535"}],"curies":[{"name":"wp","href":"https:\/\/api.w.org\/{rel}","templated":true}]}}