{"id":547,"date":"2012-12-06T19:08:24","date_gmt":"2012-12-06T19:08:24","guid":{"rendered":"https:\/\/www.inet.edu.ar\/?page_id=547"},"modified":"2016-06-13T12:16:34","modified_gmt":"2016-06-13T15:16:34","slug":"bio-logia-molecular","status":"publish","type":"page","link":"https:\/\/www.inet.edu.ar\/index.php\/material-de-capacitacion\/nueva-serie-de-libros\/bio-logia-molecular\/","title":{"rendered":"Biolog\u00eda Molecular"},"content":{"rendered":"<p><a href=\"https:\/\/www.inet.edu.ar\/wp-content\/uploads\/2012\/12\/Bio-Logia-Molecular-tapa.png\"><img loading=\"lazy\" decoding=\"async\" class=\"alignnone size-full wp-image-548 aligncenter\" title=\"Biolog\u00eda Molecular - Tapa\" src=\"https:\/\/www.inet.edu.ar\/wp-content\/uploads\/2012\/12\/Bio-Logia-Molecular-tapa.png\" alt=\"\" width=\"431\" height=\"540\" \/><\/a><\/p>\n<p style=\"text-align: center;\">La biolog\u00eda molecular y la gen\u00e9tica modernas no s\u00f3lo han revolucionado las ciencias biol\u00f3gicas sino que han provocado una profunda transformaci\u00f3n de la medicina, la industria farmac\u00e9utica y la agricultura. La educaci\u00f3n formal y la divulgaci\u00f3n del conocimiento en forma masiva no han sido ajenos a esta revoluci\u00f3n cient\u00edfica. Los hallazgos cient\u00edficos locales e internacionales son noticia destacada en diarios, revistas y medios audiovisuales.<\/p>\n<p>En este contexto, toda iniciativa de acercar a los j\u00f3venes conoci\u00admientos sobre la biolog\u00eda moderna con rigor cient\u00edfico, es bienvenida. Este libro logra explicar conceptos complejos con met\u00e1foras sencillas, haciendo uso de un lenguaje ameno y divertido que apela inteligentemente a las formas de razonamiento propias de los adolescentes y j\u00f3venes. Esto es m\u00e9rito de los autores, j\u00f3venes cient\u00edficos argentinos, apasionados por las ciencias; actores y testigos de muchas de las cosas que nos cuentan.<\/p>\n<h2>Autores<\/h2>\n<ul>\n<li><strong>Mariano All\u00f3<\/strong><br \/>\nLicenciado<\/li>\n<li><strong>Paola Bartucci<\/strong><br \/>\nLicenciada<\/li>\n<\/ul>\n<h2>Descargas<\/h2>\n<p><a class=\"media media-zip\" href=\"https:\/\/www.inet.edu.ar\/wp-content\/uploads\/2012\/12\/Biolog\u00eda-Molecular-Parte-1.zip\">Biolog\u00eda Molecular &#8211; Parte 1<\/a><\/p>\n<p><a class=\"media media-zip\" href=\"https:\/\/www.inet.edu.ar\/wp-content\/uploads\/2012\/12\/Biolog\u00eda-Molecular-Parte-2.zip\">Biolog\u00eda Molecular &#8211; Parte 2<\/a><\/p>\n<p><a class=\"media media-zip\" href=\"https:\/\/www.inet.edu.ar\/wp-content\/uploads\/2012\/12\/Biolog\u00eda-Molecular-Parte-3.zip\">Biolog\u00eda Molecular &#8211; Parte 3<\/a><\/p>\n<p><a class=\"media media-zip\" href=\"https:\/\/www.inet.edu.ar\/wp-content\/uploads\/2012\/12\/Biolog\u00eda-Molecular-Parte-4.zip\">Biolog\u00eda Molecular &#8211; Parte 4<\/a><\/p>\n<p><a class=\"media media-zip\" href=\"https:\/\/www.inet.edu.ar\/wp-content\/uploads\/2012\/12\/Biolog\u00eda-Molecular-Parte-5.zip\">Biolog\u00eda Molecular &#8211; Parte 5<\/a><\/p>\n<p><a class=\"media media-zip\" href=\"https:\/\/www.inet.edu.ar\/wp-content\/uploads\/2012\/12\/Biolog\u00eda-Molecular-Parte-6.zip\">Biolog\u00eda Molecular &#8211; Parte 6<\/a><\/p>\n<p><a class=\"media media-zip\" href=\"https:\/\/www.inet.edu.ar\/wp-content\/uploads\/2012\/12\/Biolog\u00eda-Molecular-Parte-7.zip\">Biolog\u00eda Molecular &#8211; Parte 7<\/a><\/p>\n<p><a class=\"media media-zip\" href=\"https:\/\/www.inet.edu.ar\/wp-content\/uploads\/2012\/12\/Biolog\u00eda-Molecular-Parte-8.zip\">Biolog\u00eda Molecular &#8211; Parte 8<\/a><\/p>\n<p><a class=\"media media-zip\" href=\"https:\/\/www.inet.edu.ar\/wp-content\/uploads\/2012\/12\/Biolog\u00eda-Molecular-Parte-9.zip\">Biolog\u00eda Molecular &#8211; Parte 9<\/a><\/p>\n<p><a class=\"media media-zip\" href=\"https:\/\/www.inet.edu.ar\/wp-content\/uploads\/2012\/12\/Biolog\u00eda-Molecular-Parte-10.zip\">Biolog\u00eda Molecular &#8211; Parte 10<\/a><\/p>\n<p><a class=\"media media-zip\" href=\"https:\/\/www.inet.edu.ar\/wp-content\/uploads\/2012\/12\/Biolog\u00eda-Molecular-Parte-11.zip\">Biolog\u00eda Molecular &#8211; Parte 11<\/a><\/p>\n<p><a class=\"media media-zip\" href=\"https:\/\/www.inet.edu.ar\/wp-content\/uploads\/2012\/12\/Biolog\u00eda-Molecular-Parte-12.zip\">Biolog\u00eda Molecular &#8211; Parte 12<\/a><\/p>\n<p>&nbsp;<\/p>\n","protected":false},"excerpt":{"rendered":"<p>La biolog\u00eda molecular y la gen\u00e9tica modernas no s\u00f3lo han revolucionado las ciencias biol\u00f3gicas sino que han provocado una profunda transformaci\u00f3n de la medicina, la industria farmac\u00e9utica y la agricultura. La educaci\u00f3n formal y la divulgaci\u00f3n del conocimiento en forma masiva no han sido ajenos a esta revoluci\u00f3n cient\u00edfica. Los hallazgos cient\u00edficos locales e internacionales [&hellip;]<\/p>\n","protected":false},"author":3,"featured_media":0,"parent":526,"menu_order":2,"comment_status":"closed","ping_status":"open","template":"","meta":{"footnotes":""},"class_list":["post-547","page","type-page","status-publish","hentry"],"_links":{"self":[{"href":"https:\/\/www.inet.edu.ar\/index.php\/wp-json\/wp\/v2\/pages\/547","targetHints":{"allow":["GET"]}}],"collection":[{"href":"https:\/\/www.inet.edu.ar\/index.php\/wp-json\/wp\/v2\/pages"}],"about":[{"href":"https:\/\/www.inet.edu.ar\/index.php\/wp-json\/wp\/v2\/types\/page"}],"author":[{"embeddable":true,"href":"https:\/\/www.inet.edu.ar\/index.php\/wp-json\/wp\/v2\/users\/3"}],"replies":[{"embeddable":true,"href":"https:\/\/www.inet.edu.ar\/index.php\/wp-json\/wp\/v2\/comments?post=547"}],"version-history":[{"count":5,"href":"https:\/\/www.inet.edu.ar\/index.php\/wp-json\/wp\/v2\/pages\/547\/revisions"}],"predecessor-version":[{"id":12585,"href":"https:\/\/www.inet.edu.ar\/index.php\/wp-json\/wp\/v2\/pages\/547\/revisions\/12585"}],"up":[{"embeddable":true,"href":"https:\/\/www.inet.edu.ar\/index.php\/wp-json\/wp\/v2\/pages\/526"}],"wp:attachment":[{"href":"https:\/\/www.inet.edu.ar\/index.php\/wp-json\/wp\/v2\/media?parent=547"}],"curies":[{"name":"wp","href":"https:\/\/api.w.org\/{rel}","templated":true}]}}